{"id":4629,"date":"2025-10-28T10:17:22","date_gmt":"2025-10-28T15:17:22","guid":{"rendered":"https:\/\/importmas.com\/product\/restaurador-universal-3m-filtek-z250-xt-de-3g\/"},"modified":"2025-10-28T10:17:22","modified_gmt":"2025-10-28T15:17:22","slug":"restaurador-universal-3m-filtek-z250-xt-de-3g","status":"publish","type":"product","link":"https:\/\/importmas.com\/en\/product\/restaurador-universal-3m-filtek-z250-xt-de-3g\/","title":{"rendered":"Restaurador Universal 3M\u2122 Filtek\u2122 Z250 XT de 3g"},"content":{"rendered":"<div id=\"product-detail-content\" class=\"aem-Grid aem-Grid--12 aem-Grid--default--12\">\n<div class=\"responsivegrid cmp-container__width-responsive aem-GridColumn aem-GridColumn--default--12\">\n<div class=\"cmp-product-detail-page\">\n<div class=\"cmp-product-detail-page__flexibletext\">\n<div class=\"cmp-product-detail-page__flexibletext--item\">Los composites nanoh\u00edbridos ofrecen una soluci\u00f3n fiable para una amplia gama de necesidades de restauraci\u00f3n. Esta soluci\u00f3n sencilla y fiable est\u00e1 dise\u00f1ada para facilitar la creaci\u00f3n de restauraciones dentales est\u00e9ticas y fiables para sus pacientes. F\u00e1cil de esculpir y modelar sin pegarse ni retraerse con el instrumento, este material de relleno dental mantiene pude mantener su fomra o modelarse hasta antes del fotocurado. Adem\u00e1s, es f\u00e1cil de pulir y conseguir resultados de aspecto natural. La mezcla \u00fanica de part\u00edculas, incluyendo nanopart\u00edculas especialmente dise\u00f1adas, hacen que el composite sea m\u00e1s resistente al desgaste. El Restaurador Universal 3M\u2122 Filtek\u2122 Z250 XT Nano H\u00edbrido est\u00e1 indicado para restauraciones directas anteriores y posteriores, incluyendo superficies oclusales, reconstrucciones de mu\u00f1ones y ferulizaciones, junto con restauraciones indirectas como incrustaciones, recubrimientos y carillas.<\/div>\n<\/div>\n<div class=\"cmp-product-detail-page__bullets width-75\">\n<ul>\n<li>F\u00e1cil de usar para todas las clases de restauraciones directas<\/li>\n<li>F\u00e1cil de pulir para una est\u00e9tica predecible<\/li>\n<li>Gran manejabilidad sin desprenderse ni pegarse al instrumental<\/li>\n<li>Alta resistencia al desgaste<\/li>\n<li>Disponible en nueve tonos radiopacos y fluorescentes<\/li>\n<li>Complete su restauraci\u00f3n premium con el est\u00e1ndar de oro de la adhesi\u00f3n, Adhesivo 3M\u2122 Scotchbond\u2122 Universal Plus<\/li>\n<\/ul>\n<\/div>\n<div class=\"cmp-product-detail-page__bullets width-75\">\n<p class=\"cmp-product-detail-page__bullets--title\">Aplicaciones sugeridas<\/p>\n<ul>\n<li>Restauraciones directas anteriores y posteriores (incluidas las superficies oclusales)<\/li>\n<li>Fortalecimiento de los n\u00facleos<\/li>\n<li>F\u00e9rulas<\/li>\n<li>Restauraciones indirectas, incluidas las incrustaciones<\/li>\n<li>Fundas y carillas<\/li>\n<\/ul>\n<\/div>\n<\/div>\n<div class=\"separator cmp-separator__no-line cmp-separator__size-xxlarge aem-GridColumn aem-GridColumn--default--12\">\n<div class=\"cmp-separator\">\n<hr class=\"cmp-separator__horizontal-rule\" aria-hidden=\"true\" \/>\n<\/div>\n<\/div>\n<\/div>\n<\/div>\n<div id=\"product-specifications\" class=\"pdp-padding-top aem-Grid aem-Grid--12 aem-Grid--default--12\">\n<div class=\"cmp-product-specification__container responsivegrid cmp-container__width-responsive aem-GridColumn aem-GridColumn--default--12\">\n<div class=\"cmp-title__line\">\n<h3 class=\"cmp-title__text product-detail-title\" data-jumplink-id=\"product-specifications\">Especificaciones del producto<\/h3>\n<\/div>\n<\/div>\n<\/div>","protected":false},"excerpt":{"rendered":"<p class=\"cmp-product-overview-content__description\">El Restaurador Universal Nano H\u00edbrido 3M\u2122 Filtek\u2122 Z250 XT es un composite nanoh\u00edbrido dise\u00f1ado para su uso en todo tipo de restauraciones directas, anteriores o posteriores. Disponible en nueve tonos, este material ofrece un buen equilibrio de las caracter\u00edsticas en las que m\u00e1s conf\u00eda para obtener restauraciones dentales de aspecto natural.<\/p>\n<div class=\"cmp-product-overview-content__product-details-options\">\n<div class=\"cmp-product-overview-content__details-options\"><\/div>\n<\/div>","protected":false},"featured_media":4628,"comment_status":"open","ping_status":"closed","template":"","meta":{"om_disable_all_campaigns":false,"_monsterinsights_skip_tracking":false,"_monsterinsights_sitenote_active":false,"_monsterinsights_sitenote_note":"","_monsterinsights_sitenote_category":0,"_uf_show_specific_survey":0,"_uf_disable_surveys":false,"site-sidebar-layout":"default","site-content-layout":"","ast-site-content-layout":"default","site-content-style":"default","site-sidebar-style":"default","ast-global-header-display":"","ast-banner-title-visibility":"","ast-main-header-display":"","ast-hfb-above-header-display":"","ast-hfb-below-header-display":"","ast-hfb-mobile-header-display":"","site-post-title":"","ast-breadcrumbs-content":"","ast-featured-img":"","footer-sml-layout":"","ast-disable-related-posts":"","theme-transparent-header-meta":"","adv-header-id-meta":"","stick-header-meta":"","header-above-stick-meta":"","header-main-stick-meta":"","header-below-stick-meta":"","astra-migrate-meta-layouts":"default","ast-page-background-enabled":"default","ast-page-background-meta":{"desktop":{"background-color":"","background-image":"","background-repeat":"repeat","background-position":"center center","background-size":"auto","background-attachment":"scroll","background-type":"","background-media":"","overlay-type":"","overlay-color":"","overlay-opacity":"","overlay-gradient":""},"tablet":{"background-color":"","background-image":"","background-repeat":"repeat","background-position":"center center","background-size":"auto","background-attachment":"scroll","background-type":"","background-media":"","overlay-type":"","overlay-color":"","overlay-opacity":"","overlay-gradient":""},"mobile":{"background-color":"","background-image":"","background-repeat":"repeat","background-position":"center center","background-size":"auto","background-attachment":"scroll","background-type":"","background-media":"","overlay-type":"","overlay-color":"","overlay-opacity":"","overlay-gradient":""}},"ast-content-background-meta":{"desktop":{"background-color":"var(--ast-global-color-5)","background-image":"","background-repeat":"repeat","background-position":"center center","background-size":"auto","background-attachment":"scroll","background-type":"","background-media":"","overlay-type":"","overlay-color":"","overlay-opacity":"","overlay-gradient":""},"tablet":{"background-color":"var(--ast-global-color-5)","background-image":"","background-repeat":"repeat","background-position":"center center","background-size":"auto","background-attachment":"scroll","background-type":"","background-media":"","overlay-type":"","overlay-color":"","overlay-opacity":"","overlay-gradient":""},"mobile":{"background-color":"var(--ast-global-color-5)","background-image":"","background-repeat":"repeat","background-position":"center center","background-size":"auto","background-attachment":"scroll","background-type":"","background-media":"","overlay-type":"","overlay-color":"","overlay-opacity":"","overlay-gradient":""}},"_themeisle_gutenberg_block_has_review":false},"pwb-brand":[595],"product_brand":[],"product_cat":[581],"product_tag":[],"class_list":{"0":"post-4629","1":"product","2":"type-product","3":"status-publish","4":"has-post-thumbnail","6":"pwb-brand-solventum","7":"product_cat-resinas-rehabilitacion","8":"desktop-align-left","9":"tablet-align-left","10":"mobile-align-left","12":"first","13":"outofstock","14":"taxable","15":"shipping-taxable","16":"product-type-variable"},"aioseo_notices":[],"jetpack_sharing_enabled":true,"brands":[{"id":595,"name":"Solventum","slug":"solventum"}],"_links":{"self":[{"href":"https:\/\/importmas.com\/en\/wp-json\/wp\/v2\/product\/4629","targetHints":{"allow":["GET"]}}],"collection":[{"href":"https:\/\/importmas.com\/en\/wp-json\/wp\/v2\/product"}],"about":[{"href":"https:\/\/importmas.com\/en\/wp-json\/wp\/v2\/types\/product"}],"replies":[{"embeddable":true,"href":"https:\/\/importmas.com\/en\/wp-json\/wp\/v2\/comments?post=4629"}],"version-history":[{"count":0,"href":"https:\/\/importmas.com\/en\/wp-json\/wp\/v2\/product\/4629\/revisions"}],"wp:featuredmedia":[{"embeddable":true,"href":"https:\/\/importmas.com\/en\/wp-json\/wp\/v2\/media\/4628"}],"wp:attachment":[{"href":"https:\/\/importmas.com\/en\/wp-json\/wp\/v2\/media?parent=4629"}],"wp:term":[{"taxonomy":"pwb-brand","embeddable":true,"href":"https:\/\/importmas.com\/en\/wp-json\/wp\/v2\/pwb-brand?post=4629"},{"taxonomy":"product_brand","embeddable":true,"href":"https:\/\/importmas.com\/en\/wp-json\/wp\/v2\/product_brand?post=4629"},{"taxonomy":"product_cat","embeddable":true,"href":"https:\/\/importmas.com\/en\/wp-json\/wp\/v2\/product_cat?post=4629"},{"taxonomy":"product_tag","embeddable":true,"href":"https:\/\/importmas.com\/en\/wp-json\/wp\/v2\/product_tag?post=4629"}],"curies":[{"name":"wp","href":"https:\/\/api.w.org\/{rel}","templated":true}]}}