{"id":4600,"date":"2025-10-28T10:16:42","date_gmt":"2025-10-28T15:16:42","guid":{"rendered":"https:\/\/importmas.com\/product\/restaurador-universal-3m-filtek-z250-de-4g\/"},"modified":"2025-10-28T10:16:42","modified_gmt":"2025-10-28T15:16:42","slug":"restaurador-universal-3m-filtek-z250-de-4g","status":"publish","type":"product","link":"https:\/\/importmas.com\/en\/product\/restaurador-universal-3m-filtek-z250-de-4g\/","title":{"rendered":"Restaurador Universal 3M\u2122 Filtek\u2122 Z250 de 4g"},"content":{"rendered":"<p>El material de restauraci\u00f3n universal 3M\u2122 Filtek\u2122 Z250 ofrece resultados de aspecto natural. Este material de relleno dental ofrece una contracci\u00f3n reducida para una menor sensibilidad postoperatoria.<\/p>\n<p>Reconstrucciones de mu\u00f1ones y procedimientos indirectos.<\/p>\n<p>Microh\u00edbrido para permitir un uso universal.<\/p>\n<p>Bajo desgaste y alta resistencia a la fractura Resiste el desprendimiento o la adherencia a los instrumentos para un buen manejo y modelabilidad.<\/p>\n<p>Disponible en 12 tonos para una est\u00e9tica natural.<\/p>\n<p>Sistema de resina mejorado que mejora el manejo.<\/p>\n<p>Superficie f\u00e1cil de pulir proporcionando un brillo duradero Este material de relleno de resina est\u00e1 indicado para restauraciones anteriores y posteriores.<\/p>\n<p>Restauraciones directas anteriores y posteriores.<\/p>","protected":false},"excerpt":{"rendered":"<p class=\"mds-font_paragraph MMM--gapBottom\">El Restaurador Universal 3M\u2122 Filtek\u2122 Z250 es una resina compuesta universal dental que crea restauraciones resistentes, duraderas y de aspecto natural tanto para el sector anterior como para el posterior.<\/p>\n<p class=\"mds-font_paragraph\">Disponible en 12 tonos y dise\u00f1ado para adaptarse a la estructura dental, el material de restauraci\u00f3n universal 3M\u2122 Filtek\u2122 Z250 ofrece resultados de aspecto natural. Este material de relleno dental ofrece una contracci\u00f3n reducida para una menor sensibilidad postoperatoria, bajo desgaste y alta resistencia a la fractura. Resiste el desprendimiento o la adherencia a los instrumentos para un buen manejo y modelabilidad, mientras que la superficie f\u00e1cil de pulir proporciona un brillo duradero. Este material de relleno de resina est\u00e1 indicado para restauraciones anteriores y posteriores, reconstrucciones de mu\u00f1ones y procedimientos indirectos.<\/p>","protected":false},"featured_media":4599,"comment_status":"open","ping_status":"closed","template":"","meta":{"om_disable_all_campaigns":false,"_monsterinsights_skip_tracking":false,"_monsterinsights_sitenote_active":false,"_monsterinsights_sitenote_note":"","_monsterinsights_sitenote_category":0,"_uf_show_specific_survey":0,"_uf_disable_surveys":false,"site-sidebar-layout":"default","site-content-layout":"","ast-site-content-layout":"default","site-content-style":"default","site-sidebar-style":"default","ast-global-header-display":"","ast-banner-title-visibility":"","ast-main-header-display":"","ast-hfb-above-header-display":"","ast-hfb-below-header-display":"","ast-hfb-mobile-header-display":"","site-post-title":"","ast-breadcrumbs-content":"","ast-featured-img":"","footer-sml-layout":"","ast-disable-related-posts":"","theme-transparent-header-meta":"","adv-header-id-meta":"","stick-header-meta":"","header-above-stick-meta":"","header-main-stick-meta":"","header-below-stick-meta":"","astra-migrate-meta-layouts":"default","ast-page-background-enabled":"default","ast-page-background-meta":{"desktop":{"background-color":"","background-image":"","background-repeat":"repeat","background-position":"center center","background-size":"auto","background-attachment":"scroll","background-type":"","background-media":"","overlay-type":"","overlay-color":"","overlay-opacity":"","overlay-gradient":""},"tablet":{"background-color":"","background-image":"","background-repeat":"repeat","background-position":"center center","background-size":"auto","background-attachment":"scroll","background-type":"","background-media":"","overlay-type":"","overlay-color":"","overlay-opacity":"","overlay-gradient":""},"mobile":{"background-color":"","background-image":"","background-repeat":"repeat","background-position":"center center","background-size":"auto","background-attachment":"scroll","background-type":"","background-media":"","overlay-type":"","overlay-color":"","overlay-opacity":"","overlay-gradient":""}},"ast-content-background-meta":{"desktop":{"background-color":"var(--ast-global-color-5)","background-image":"","background-repeat":"repeat","background-position":"center center","background-size":"auto","background-attachment":"scroll","background-type":"","background-media":"","overlay-type":"","overlay-color":"","overlay-opacity":"","overlay-gradient":""},"tablet":{"background-color":"var(--ast-global-color-5)","background-image":"","background-repeat":"repeat","background-position":"center center","background-size":"auto","background-attachment":"scroll","background-type":"","background-media":"","overlay-type":"","overlay-color":"","overlay-opacity":"","overlay-gradient":""},"mobile":{"background-color":"var(--ast-global-color-5)","background-image":"","background-repeat":"repeat","background-position":"center center","background-size":"auto","background-attachment":"scroll","background-type":"","background-media":"","overlay-type":"","overlay-color":"","overlay-opacity":"","overlay-gradient":""}},"_themeisle_gutenberg_block_has_review":false},"pwb-brand":[595],"product_brand":[],"product_cat":[588],"product_tag":[],"class_list":{"0":"post-4600","1":"product","2":"type-product","3":"status-publish","4":"has-post-thumbnail","6":"pwb-brand-solventum","7":"product_cat-sin-categorias","8":"desktop-align-left","9":"tablet-align-left","10":"mobile-align-left","12":"first","13":"outofstock","14":"taxable","15":"shipping-taxable","16":"product-type-variable"},"aioseo_notices":[],"jetpack_sharing_enabled":true,"brands":[{"id":595,"name":"Solventum","slug":"solventum"}],"_links":{"self":[{"href":"https:\/\/importmas.com\/en\/wp-json\/wp\/v2\/product\/4600","targetHints":{"allow":["GET"]}}],"collection":[{"href":"https:\/\/importmas.com\/en\/wp-json\/wp\/v2\/product"}],"about":[{"href":"https:\/\/importmas.com\/en\/wp-json\/wp\/v2\/types\/product"}],"replies":[{"embeddable":true,"href":"https:\/\/importmas.com\/en\/wp-json\/wp\/v2\/comments?post=4600"}],"version-history":[{"count":0,"href":"https:\/\/importmas.com\/en\/wp-json\/wp\/v2\/product\/4600\/revisions"}],"wp:featuredmedia":[{"embeddable":true,"href":"https:\/\/importmas.com\/en\/wp-json\/wp\/v2\/media\/4599"}],"wp:attachment":[{"href":"https:\/\/importmas.com\/en\/wp-json\/wp\/v2\/media?parent=4600"}],"wp:term":[{"taxonomy":"pwb-brand","embeddable":true,"href":"https:\/\/importmas.com\/en\/wp-json\/wp\/v2\/pwb-brand?post=4600"},{"taxonomy":"product_brand","embeddable":true,"href":"https:\/\/importmas.com\/en\/wp-json\/wp\/v2\/product_brand?post=4600"},{"taxonomy":"product_cat","embeddable":true,"href":"https:\/\/importmas.com\/en\/wp-json\/wp\/v2\/product_cat?post=4600"},{"taxonomy":"product_tag","embeddable":true,"href":"https:\/\/importmas.com\/en\/wp-json\/wp\/v2\/product_tag?post=4600"}],"curies":[{"name":"wp","href":"https:\/\/api.w.org\/{rel}","templated":true}]}}