{"id":4582,"date":"2025-10-28T10:16:11","date_gmt":"2025-10-28T15:16:11","guid":{"rendered":"https:\/\/importmas.com\/product\/brackets-de-autoligado-3m-smartclip-mbt-unidad\/"},"modified":"2025-10-28T10:16:11","modified_gmt":"2025-10-28T15:16:11","slug":"brackets-de-autoligado-3m-smartclip-mbt-unidad","status":"publish","type":"product","link":"https:\/\/importmas.com\/en\/product\/brackets-de-autoligado-3m-smartclip-mbt-unidad\/","title":{"rendered":"Brackets de Autoligado 3M\u2122 SmartClip\u2122 MBT  Unidad"},"content":{"rendered":"<p class=\"cmp-product-overview-content__title\">Smartclip\u2122 SL3 brinda la ventaja de un posicionamiento preciso, gracias a sus caracter\u00edsticas como dise\u00f1o gemelar con cuatro aletas totalmente funcionales, forma romboidal y referencias verticales<\/p>\n<p>Brindan una adhesi\u00f3n fiable gracias a su geometr\u00eda en la base espec\u00edfica para cada diente que ofrece una \u00f3ptima adaptaci\u00f3n, y a su base microarenada de tres puntos de contacto que asegura una retenci\u00f3n mec\u00e1nica<\/p>\n<p>Bordes suaves y redondeados para no lastimar la boca de los pacientes y que facilitan las t\u00e9cnicas de cementado indirecto<\/p>\n<p>El sistema Smartclip\u2122 SL3 le ofrece, opcionalmente, brackets para premolares con la base ampliada hacia gingival<\/p>\n<p>La mayor superficie de esta base ampliada hacia gingival, unida a la probada eficiencia de su malla microarenada calibre 80, le ofrecer\u00e1 una fuerza de adhesi\u00f3n significativamente mayor all\u00ed donde m\u00e1s lo necesita<\/p>\n<p>Clip inteligente que permite la f\u00e1cil inserci\u00f3n y retirada de los arcos, el arco es liberado autom\u00e1ticamente con niveles de fuerza excesivos<\/p>\n<p>Dise\u00f1o abierto y limpio que mejora la higiene del paciente<\/p>","protected":false},"excerpt":{"rendered":"<p class=\"cmp-product-overview-content__description\">El sistema de brackets autoligados 3M\u2122 SmartClip\u2122 cuenta con un clip de n\u00edquel-titanio que permite la inserci\u00f3n y desinserci\u00f3n sencilla del arco.<\/p>\n<div class=\"button cmp-button__text-link cmp-button__text-link--no-arrow cmp-product-overview-content__productoptions\"><\/div>","protected":false},"featured_media":4581,"comment_status":"open","ping_status":"closed","template":"","meta":{"om_disable_all_campaigns":false,"_monsterinsights_skip_tracking":false,"_monsterinsights_sitenote_active":false,"_monsterinsights_sitenote_note":"","_monsterinsights_sitenote_category":0,"_uf_show_specific_survey":0,"_uf_disable_surveys":false,"site-sidebar-layout":"default","site-content-layout":"","ast-site-content-layout":"default","site-content-style":"default","site-sidebar-style":"default","ast-global-header-display":"","ast-banner-title-visibility":"","ast-main-header-display":"","ast-hfb-above-header-display":"","ast-hfb-below-header-display":"","ast-hfb-mobile-header-display":"","site-post-title":"","ast-breadcrumbs-content":"","ast-featured-img":"","footer-sml-layout":"","ast-disable-related-posts":"","theme-transparent-header-meta":"","adv-header-id-meta":"","stick-header-meta":"","header-above-stick-meta":"","header-main-stick-meta":"","header-below-stick-meta":"","astra-migrate-meta-layouts":"default","ast-page-background-enabled":"default","ast-page-background-meta":{"desktop":{"background-color":"","background-image":"","background-repeat":"repeat","background-position":"center center","background-size":"auto","background-attachment":"scroll","background-type":"","background-media":"","overlay-type":"","overlay-color":"","overlay-opacity":"","overlay-gradient":""},"tablet":{"background-color":"","background-image":"","background-repeat":"repeat","background-position":"center center","background-size":"auto","background-attachment":"scroll","background-type":"","background-media":"","overlay-type":"","overlay-color":"","overlay-opacity":"","overlay-gradient":""},"mobile":{"background-color":"","background-image":"","background-repeat":"repeat","background-position":"center center","background-size":"auto","background-attachment":"scroll","background-type":"","background-media":"","overlay-type":"","overlay-color":"","overlay-opacity":"","overlay-gradient":""}},"ast-content-background-meta":{"desktop":{"background-color":"var(--ast-global-color-5)","background-image":"","background-repeat":"repeat","background-position":"center center","background-size":"auto","background-attachment":"scroll","background-type":"","background-media":"","overlay-type":"","overlay-color":"","overlay-opacity":"","overlay-gradient":""},"tablet":{"background-color":"var(--ast-global-color-5)","background-image":"","background-repeat":"repeat","background-position":"center center","background-size":"auto","background-attachment":"scroll","background-type":"","background-media":"","overlay-type":"","overlay-color":"","overlay-opacity":"","overlay-gradient":""},"mobile":{"background-color":"var(--ast-global-color-5)","background-image":"","background-repeat":"repeat","background-position":"center center","background-size":"auto","background-attachment":"scroll","background-type":"","background-media":"","overlay-type":"","overlay-color":"","overlay-opacity":"","overlay-gradient":""}},"_themeisle_gutenberg_block_has_review":false},"pwb-brand":[595],"product_brand":[],"product_cat":[585],"product_tag":[],"class_list":{"0":"post-4582","1":"product","2":"type-product","3":"status-publish","4":"has-post-thumbnail","6":"pwb-brand-solventum","7":"product_cat-brackets","8":"desktop-align-left","9":"tablet-align-left","10":"mobile-align-left","12":"first","13":"outofstock","14":"taxable","15":"shipping-taxable","16":"product-type-variable"},"aioseo_notices":[],"jetpack_sharing_enabled":true,"brands":[{"id":595,"name":"Solventum","slug":"solventum"}],"_links":{"self":[{"href":"https:\/\/importmas.com\/en\/wp-json\/wp\/v2\/product\/4582","targetHints":{"allow":["GET"]}}],"collection":[{"href":"https:\/\/importmas.com\/en\/wp-json\/wp\/v2\/product"}],"about":[{"href":"https:\/\/importmas.com\/en\/wp-json\/wp\/v2\/types\/product"}],"replies":[{"embeddable":true,"href":"https:\/\/importmas.com\/en\/wp-json\/wp\/v2\/comments?post=4582"}],"version-history":[{"count":0,"href":"https:\/\/importmas.com\/en\/wp-json\/wp\/v2\/product\/4582\/revisions"}],"wp:featuredmedia":[{"embeddable":true,"href":"https:\/\/importmas.com\/en\/wp-json\/wp\/v2\/media\/4581"}],"wp:attachment":[{"href":"https:\/\/importmas.com\/en\/wp-json\/wp\/v2\/media?parent=4582"}],"wp:term":[{"taxonomy":"pwb-brand","embeddable":true,"href":"https:\/\/importmas.com\/en\/wp-json\/wp\/v2\/pwb-brand?post=4582"},{"taxonomy":"product_brand","embeddable":true,"href":"https:\/\/importmas.com\/en\/wp-json\/wp\/v2\/product_brand?post=4582"},{"taxonomy":"product_cat","embeddable":true,"href":"https:\/\/importmas.com\/en\/wp-json\/wp\/v2\/product_cat?post=4582"},{"taxonomy":"product_tag","embeddable":true,"href":"https:\/\/importmas.com\/en\/wp-json\/wp\/v2\/product_tag?post=4582"}],"curies":[{"name":"wp","href":"https:\/\/api.w.org\/{rel}","templated":true}]}}