{"id":4572,"date":"2025-10-28T10:15:56","date_gmt":"2025-10-28T15:15:56","guid":{"rendered":"https:\/\/importmas.com\/product\/refill-de-cemento-de-resina-3m-relyx-universal\/"},"modified":"2025-10-28T10:15:56","modified_gmt":"2025-10-28T15:15:56","slug":"refill-de-cemento-de-resina-3m-relyx-universal","status":"publish","type":"product","link":"https:\/\/importmas.com\/en\/product\/refill-de-cemento-de-resina-3m-relyx-universal\/","title":{"rendered":"Refill de Cemento de Resina 3M\u2122 RelyX\u2122 Universal"},"content":{"rendered":"<div id=\"product-detail-content\" class=\"pdp-padding-top aem-Grid aem-Grid--12 aem-Grid--default--12 container\">\n<div class=\"cmp-product-detail responsivegrid cmp-container cmp-container__width-responsive aem-GridColumn aem-GridColumn--default--12\">\n<div class=\"cmp-product-detail__banner-container\">\n<div class=\"cmp-product-detail__subheading\">\n<p class=\"cmp-product-detail__subheading--title\">Menos tiempo. Menos desorden. Menos residuos. Menos estr\u00e9s.<\/p>\n<p class=\"cmp-product-detail__subheading--description\">Cemento de Resina Universal 3M\u2122 RelyX\u2122.<\/p>\n<\/div>\n<\/div>\n<div class=\"cmp-product-detail-4blocks\">\n<div class=\"cmp-product-detail-4blocks__maincontainer\">\n<div class=\"cmp-product-detail-4blocks__container rounded-corners\">\n<div class=\"cmp-product-detail-4blocks__teaser\">\n<div class=\"cmp-product-detail-4blocks__wrapper\">\n<div class=\"cmp-product-detail-4blocks__details\">\n<div class=\"cmp-product-detail-4blocks__image\"><img fetchpriority=\"high\" decoding=\"async\" class=\"\" src=\"https:\/\/s7d9.scene7.com\/is\/image\/mmmspinco\/Branzan-EstheticRehab-Image5-560x460-1\" alt=\"Jeringa 3M automix que cambia las reglas del juego\" width=\"281\" height=\"231\" \/><\/div>\n<div class=\"cmp-product-detail-4blocks__content\">\n<p class=\"cmp-product-detail-4blocks__content--briefbio\">Jeringa 3M automix que cambia las reglas del juego<\/p>\n<p class=\"cmp-product-detail-4blocks__content--description\">El dise\u00f1o patentado de 3M lleva las aplicaciones de cemento automix al siguiente nivel, con micro puntas de mezcla f\u00e1ciles de colocar y puntas de elongaci\u00f3n fina para facilitar la aplicaci\u00f3n en el conducto radicular. Desarrollado pensando en sus necesidades para facilitar el dispensado, la limpieza y el almacenamiento.<\/p>\n<\/div>\n<\/div>\n<\/div>\n<\/div>\n<div class=\"cmp-product-detail-4blocks__teaser\">\n<div class=\"cmp-product-detail-4blocks__wrapper\">\n<div class=\"cmp-product-detail-4blocks__details\">\n<div class=\"cmp-product-detail-4blocks__image\"><img decoding=\"async\" src=\"https:\/\/s7d9.scene7.com\/is\/image\/mmmspinco\/3M_RelyX_Universal_TR_SBUPlus\" alt=\"F\u00e1cil limpieza del exceso\" \/><\/div>\n<div class=\"cmp-product-detail-4blocks__content\">\n<p class=\"cmp-product-detail-4blocks__content--briefbio\">F\u00e1cil limpieza del exceso<\/p>\n<p class=\"cmp-product-detail-4blocks__content--description\">Eficiente hasta el \u00faltimo paso. La qu\u00edmica \u00fanica de la Resina Cemento Universal 3M \u2122 RelyX\u2122 asegura que el exceso de flujo de salida se mantiene en los m\u00e1rgenes de la restauraci\u00f3n y se puede quitar f\u00e1cilmente despu\u00e9s del curado, como lo demuestra el Prof. Jan Gueth.<\/p>\n<\/div>\n<\/div>\n<\/div>\n<\/div>\n<div class=\"cmp-product-detail-4blocks__teaser\">\n<div class=\"cmp-product-detail-4blocks__wrapper\">\n<div class=\"cmp-product-detail-4blocks__details\">\n<div class=\"cmp-product-detail-4blocks__image\"><img decoding=\"async\" src=\"https:\/\/s7d9.scene7.com\/is\/image\/mmmspinco\/3M_RelyX_Universal_Fuze_Video_excess_thumbnail-450x225\" alt=\"Excelente fuerza de adherencia\" \/><\/div>\n<div class=\"cmp-product-detail-4blocks__content\">\n<p class=\"cmp-product-detail-4blocks__content--briefbio\">Excelente fuerza de adherencia<\/p>\n<p class=\"cmp-product-detail-4blocks__content--description\">Un novedoso iniciador es clave para la superior fuerza de adhesi\u00f3n autoadhesiva a la dentina del Cemento de Resina Universal 3M\u2122 RelyX\u2122. As\u00ed, resuelve de forma fiable la mayor\u00eda de los casos sin necesidad de un adhesivo o imprimaci\u00f3n adicional. Tanto en fotopolimerizable como en autopolimerizable.<\/p>\n<\/div>\n<\/div>\n<\/div>\n<\/div>\n<\/div>\n<\/div>\n<div class=\"cmp-product-detail-4blocks__maincontainer\">\n<div class=\"cmp-product-detail-4blocks__title__container\">\n<div class=\"cmp-product-detail-4blocks__description\">Vea la eficacia y la alta fuerza de adhesi\u00f3n del cemento de 3M\u2122 RelyX\u2122 Universal en acci\u00f3n. Explore\u00a0<a href=\"https:\/\/www.solventum.com\/content\/dam\/public\/language-masters\/en_gb\/dsb\/document\/2020\/3m-relyx-universal-sbu-plus-clinical-case-collection-ipdf-int.pdf\">esta colecci\u00f3n<\/a>\u00a0de casos pr\u00e1cticos para descubrir c\u00f3mo un cemento universal puede simplificar su trabajo y ayudarle a manejar pr\u00e1cticamente cualquier indicaci\u00f3n de cemento adhesivo y autoadhesivo con confianza.<\/div>\n<\/div>\n<div class=\"cmp-product-detail-4blocks__container rounded-corners\">\n<div class=\"cmp-product-detail-4blocks__teaser\">\n<div class=\"cmp-product-detail-4blocks__wrapper\">\n<div class=\"cmp-product-detail-4blocks__details\">\n<div class=\"cmp-product-detail-4blocks__image\"><img decoding=\"async\" class=\"\" src=\"https:\/\/s7d9.scene7.com\/is\/image\/mmmspinco\/ocsd-cements-relyx-universal-b5005223005-pdp-aplusmodule3-1-veneer-clinical-img-glbl\" alt=\"Carilla, puente adhesivo\" width=\"459\" height=\"230\" \/><\/div>\n<div class=\"cmp-product-detail-4blocks__content\">\n<p class=\"cmp-product-detail-4blocks__content--briefbio\">Carilla, puente adhesivo<\/p>\n<p>Bajo desperdicio en cada paso de la cementaci\u00f3n de carillas y coronas.<\/p>\n<p>Foto cortes\u00eda de: Dr. Paulo Monteiro<\/p>\n<p>&nbsp;<\/p>\n<\/div>\n<\/div>\n<\/div>\n<\/div>\n<div class=\"cmp-product-detail-4blocks__teaser\">\n<div class=\"cmp-product-detail-4blocks__wrapper\">\n<div class=\"cmp-product-detail-4blocks__details\">\n<div class=\"cmp-product-detail-4blocks__image\"><img decoding=\"async\" class=\"\" src=\"https:\/\/s7d9.scene7.com\/is\/image\/mmmspinco\/ocsd-cements-relyx-universal-b5005223005-pdp-aplusmodule3-2-inlay-clinical-img-glbl\" alt=\"Incrustaci\u00f3n\/revestimiento\" width=\"465\" height=\"233\" \/><\/div>\n<div class=\"cmp-product-detail-4blocks__content\">\n<p class=\"cmp-product-detail-4blocks__content--briefbio\">Incrustaci\u00f3n\/revestimiento<\/p>\n<p class=\"cmp-product-detail-4blocks__content--description\">Foto cortes\u00eda del Dr. Akit Patel<\/p>\n<\/div>\n<\/div>\n<\/div>\n<\/div>\n<div class=\"cmp-product-detail-4blocks__teaser\">\n<div class=\"cmp-product-detail-4blocks__wrapper\">\n<div class=\"cmp-product-detail-4blocks__details\">\n<div class=\"cmp-product-detail-4blocks__image\"><img loading=\"lazy\" decoding=\"async\" class=\"\" src=\"https:\/\/s7d9.scene7.com\/is\/image\/mmmspinco\/ocsd-cements-relyx-universal-b5005223005-pdp-aplusmodule3-3-crown-clinical-img-glbl\" alt=\"Coronas y puentes\" width=\"481\" height=\"241\" \/><\/div>\n<div class=\"cmp-product-detail-4blocks__content\">\n<p class=\"cmp-product-detail-4blocks__content--briefbio\">Coronas y puentes<\/p>\n<p>La punta autosellante hace que cada procedimiento, incluidas coronas y puentes, sea higi\u00e9nico desde la aplicaci\u00f3n inicial hasta la limpieza final.<\/p>\n<p>Foto cortes\u00eda de: Dr. Andreas W.Benecke<\/p>\n<p>&nbsp;<\/p>\n<\/div>\n<\/div>\n<\/div>\n<\/div>\n<div class=\"cmp-product-detail-4blocks__teaser\">\n<div class=\"cmp-product-detail-4blocks__wrapper\">\n<div class=\"cmp-product-detail-4blocks__details\">\n<div class=\"cmp-product-detail-4blocks__image\"><img loading=\"lazy\" decoding=\"async\" class=\"\" src=\"https:\/\/s7d9.scene7.com\/is\/image\/mmmspinco\/ocsd-cements-relyx-universal-b5005223005-pdp-aplusmodule3-4-post-clinical-img-glbl\" alt=\"Poste, reconstrucci\u00f3n, corona\" width=\"483\" height=\"242\" \/><\/div>\n<div class=\"cmp-product-detail-4blocks__content\">\n<p class=\"cmp-product-detail-4blocks__content--briefbio\">Poste, reconstrucci\u00f3n, corona<\/p>\n<p>La punta de elongaci\u00f3n larga y delgada permite una f\u00e1cil aplicaci\u00f3n en el conducto radicular.<\/p>\n<p>Foto cortes\u00eda de: Dr. Giuseppe Chiodera<\/p>\n<p>&nbsp;<\/p>\n<\/div>\n<\/div>\n<\/div>\n<\/div>\n<\/div>\n<\/div>\n<\/div>\n<\/div>\n<\/div>\n<div class=\"separator cmp-separator__no-line cmp-separator__size-large aem-GridColumn aem-GridColumn--default--12\">\n<div class=\"cmp-separator\">\n<hr class=\"cmp-separator__horizontal-rule\" aria-hidden=\"true\" \/>\n<\/div>\n<\/div>\n<div id=\"product-detail-content\" class=\"aem-Grid aem-Grid--12 aem-Grid--default--12\">\n<div class=\"responsivegrid cmp-container__width-responsive aem-GridColumn aem-GridColumn--default--12\">\n<div class=\"cmp-product-detail-page\">\n<div class=\"cmp-product-detail-page__bullets width-75\">\n<ul>\n<li>Cemento de resina de curado dual universal para pr\u00e1cticamente todas las indicaciones adhesivas y autoadhesivas<\/li>\n<li>15 aplicaciones de media de 3.4 g de cemento<\/li>\n<li>Punta de micromezcla con residuoso desperdicio de cemento minimizados<\/li>\n<li>Limpieza r\u00e1pida y sencilla de los excesos<\/li>\n<li>Jeringa autosellante \u00fanica: m\u00e1s higi\u00e9nica y f\u00e1cil de limpiar que las jeringas de mezcla autom\u00e1tica que se utilizan actualmente.<\/li>\n<li>Excelente fuerza de uni\u00f3n autoadhesiva tanto en autopolimerizaci\u00f3n como en fotopolimerizaci\u00f3n<\/li>\n<li>Mayor resistencia adhesiva a todos los sustratos gracias al adhesivo 3M\u2122 Scotchbond\u2122 Universal Plus.<\/li>\n<li>Alta est\u00e9tica mediante tonos de color estable y fluorecencia adecuada.<\/li>\n<li>Punta fina de gran elongaci\u00f3n para facilitar la aplicaci\u00f3n en el conducto radicular<\/li>\n<li>Pr\u00e1cticamente sin sensibilidad postoperatoria<\/li>\n<li>Simplifica los flujos de trabajo y reduce las existencias: m\u00e1s f\u00e1cil de formar, m\u00e1s f\u00e1cil de usar, ahorra espacio, tiempo y dinero<\/li>\n<\/ul>\n<\/div>\n<div class=\"cmp-product-detail-page__bullets width-75\">\n<p class=\"cmp-product-detail-page__bullets--title\">Aplicaciones sugeridas<\/p>\n<ul>\n<li>Para pr\u00e1cticamente todas las indicaciones de cementos de resina adhesivos y autoadhesivos.<\/li>\n<li>Carillas<\/li>\n<li>Carillas oclusales (&#8220;tabletops&#8221;)<\/li>\n<li>Incrustaciones\/revestimientos<\/li>\n<li>Coronas<\/li>\n<li>Puentes<\/li>\n<li>Postes y tornillos para endodoncia<\/li>\n<li>Puentes de Maryland<\/li>\n<li>Puentes de Incrustaci\u00f3n\/revestimiento<\/li>\n<li>Para pr\u00e1cticamente todos los materiales, incluidos vitrocer\u00e1mica, circonio, metales y materiales a base de resina.<\/li>\n<\/ul>\n<\/div>\n<\/div>\n<div class=\"separator cmp-separator__no-line cmp-separator__size-xxlarge aem-GridColumn aem-GridColumn--default--12\">\n<div class=\"cmp-separator\">\n<hr class=\"cmp-separator__horizontal-rule\" aria-hidden=\"true\" \/>\n<\/div>\n<\/div>\n<\/div>\n<\/div>\n<div id=\"product-specifications\" class=\"pdp-padding-top aem-Grid aem-Grid--12 aem-Grid--default--12\">\n<div class=\"cmp-product-specification__container responsivegrid cmp-container__width-responsive aem-GridColumn aem-GridColumn--default--12\">\n<div class=\"cmp-title__line\"><\/div>\n<\/div>\n<\/div>","protected":false},"excerpt":{"rendered":"<p>El cemento de resina 3M\u2122 RelyX\u2122 Universal funciona como cemento autoadhesivo independiente y como cemento adhesivo cuando se combina con el adhesivo 3M\u2122 Scotchbond\u2122 Universal Plus. Juntos eliminan la molestia y la confusi\u00f3n de m\u00faltiples cementos de resina, imprimaciones y adhesivos, simplificando sus flujos de trabajo de restauraci\u00f3n directa e indirecta. Con menos productos que almacenar y reponer, ahorrar\u00e1 espacio, tiempo y dinero.<\/p>","protected":false},"featured_media":4571,"comment_status":"open","ping_status":"closed","template":"","meta":{"om_disable_all_campaigns":false,"_monsterinsights_skip_tracking":false,"_monsterinsights_sitenote_active":false,"_monsterinsights_sitenote_note":"","_monsterinsights_sitenote_category":0,"_uf_show_specific_survey":0,"_uf_disable_surveys":false,"site-sidebar-layout":"default","site-content-layout":"","ast-site-content-layout":"default","site-content-style":"default","site-sidebar-style":"default","ast-global-header-display":"","ast-banner-title-visibility":"","ast-main-header-display":"","ast-hfb-above-header-display":"","ast-hfb-below-header-display":"","ast-hfb-mobile-header-display":"","site-post-title":"","ast-breadcrumbs-content":"","ast-featured-img":"","footer-sml-layout":"","ast-disable-related-posts":"","theme-transparent-header-meta":"","adv-header-id-meta":"","stick-header-meta":"","header-above-stick-meta":"","header-main-stick-meta":"","header-below-stick-meta":"","astra-migrate-meta-layouts":"default","ast-page-background-enabled":"default","ast-page-background-meta":{"desktop":{"background-color":"","background-image":"","background-repeat":"repeat","background-position":"center center","background-size":"auto","background-attachment":"scroll","background-type":"","background-media":"","overlay-type":"","overlay-color":"","overlay-opacity":"","overlay-gradient":""},"tablet":{"background-color":"","background-image":"","background-repeat":"repeat","background-position":"center center","background-size":"auto","background-attachment":"scroll","background-type":"","background-media":"","overlay-type":"","overlay-color":"","overlay-opacity":"","overlay-gradient":""},"mobile":{"background-color":"","background-image":"","background-repeat":"repeat","background-position":"center center","background-size":"auto","background-attachment":"scroll","background-type":"","background-media":"","overlay-type":"","overlay-color":"","overlay-opacity":"","overlay-gradient":""}},"ast-content-background-meta":{"desktop":{"background-color":"var(--ast-global-color-5)","background-image":"","background-repeat":"repeat","background-position":"center center","background-size":"auto","background-attachment":"scroll","background-type":"","background-media":"","overlay-type":"","overlay-color":"","overlay-opacity":"","overlay-gradient":""},"tablet":{"background-color":"var(--ast-global-color-5)","background-image":"","background-repeat":"repeat","background-position":"center center","background-size":"auto","background-attachment":"scroll","background-type":"","background-media":"","overlay-type":"","overlay-color":"","overlay-opacity":"","overlay-gradient":""},"mobile":{"background-color":"var(--ast-global-color-5)","background-image":"","background-repeat":"repeat","background-position":"center center","background-size":"auto","background-attachment":"scroll","background-type":"","background-media":"","overlay-type":"","overlay-color":"","overlay-opacity":"","overlay-gradient":""}},"_themeisle_gutenberg_block_has_review":false},"pwb-brand":[595],"product_brand":[],"product_cat":[604],"product_tag":[],"class_list":{"0":"post-4572","1":"product","2":"type-product","3":"status-publish","4":"has-post-thumbnail","6":"pwb-brand-solventum","7":"product_cat-cementos-endodoncia","8":"desktop-align-left","9":"tablet-align-left","10":"mobile-align-left","12":"first","13":"outofstock","14":"taxable","15":"shipping-taxable","16":"product-type-variable"},"aioseo_notices":[],"jetpack_sharing_enabled":true,"brands":[{"id":595,"name":"Solventum","slug":"solventum"}],"_links":{"self":[{"href":"https:\/\/importmas.com\/en\/wp-json\/wp\/v2\/product\/4572","targetHints":{"allow":["GET"]}}],"collection":[{"href":"https:\/\/importmas.com\/en\/wp-json\/wp\/v2\/product"}],"about":[{"href":"https:\/\/importmas.com\/en\/wp-json\/wp\/v2\/types\/product"}],"replies":[{"embeddable":true,"href":"https:\/\/importmas.com\/en\/wp-json\/wp\/v2\/comments?post=4572"}],"version-history":[{"count":0,"href":"https:\/\/importmas.com\/en\/wp-json\/wp\/v2\/product\/4572\/revisions"}],"wp:featuredmedia":[{"embeddable":true,"href":"https:\/\/importmas.com\/en\/wp-json\/wp\/v2\/media\/4571"}],"wp:attachment":[{"href":"https:\/\/importmas.com\/en\/wp-json\/wp\/v2\/media?parent=4572"}],"wp:term":[{"taxonomy":"pwb-brand","embeddable":true,"href":"https:\/\/importmas.com\/en\/wp-json\/wp\/v2\/pwb-brand?post=4572"},{"taxonomy":"product_brand","embeddable":true,"href":"https:\/\/importmas.com\/en\/wp-json\/wp\/v2\/product_brand?post=4572"},{"taxonomy":"product_cat","embeddable":true,"href":"https:\/\/importmas.com\/en\/wp-json\/wp\/v2\/product_cat?post=4572"},{"taxonomy":"product_tag","embeddable":true,"href":"https:\/\/importmas.com\/en\/wp-json\/wp\/v2\/product_tag?post=4572"}],"curies":[{"name":"wp","href":"https:\/\/api.w.org\/{rel}","templated":true}]}}