{"id":4564,"date":"2025-10-28T10:15:42","date_gmt":"2025-10-28T15:15:42","guid":{"rendered":"https:\/\/importmas.com\/product\/z350-xt-essential-kit-x5-jer-adh-u\/"},"modified":"2025-10-28T10:15:43","modified_gmt":"2025-10-28T15:15:43","slug":"z350-xt-essential-kit-x5-jer-adh-u","status":"publish","type":"product","link":"https:\/\/importmas.com\/en\/product\/z350-xt-essential-kit-x5-jer-adh-u\/","title":{"rendered":"Z350 XT Essential kit X5 jer + adh u"},"content":{"rendered":"<div class=\"product-description rte\">\n<h3 class=\"product-title product_title entry-title\">3M\u2122 Filtek\u2122 Z350 XT \u2013 Essential Kit<\/h3>\n<p>Sistema Restaurador con Nanotecnolog\u00eda. Gran versatilidad para soluciones altamente est\u00e9ticas.<\/p>\n<p>Beneficios:<\/p>\n<ul>\n<li>Excelente adaptaci\u00f3n.<\/li>\n<li>Est\u00e9tica Excepcional.<\/li>\n<li>Excelente retenci\u00f3n del pulido.<\/li>\n<li>Excelente manejo, no se pega a los instrumentos.<\/li>\n<li>Excepcional resistencia en restauraciones anteriores y posteriores.<\/li>\n<\/ul>\n<p>Aplicaciones<\/p>\n<ul>\n<li>Restauraciones directas anteriores y posteriores.<\/li>\n<li>Reconstrucci\u00f3n de mu\u00f1ones.<\/li>\n<li>Restauraciones indirectas incluyendo incrustaciones \u201cInlay\u201d, \u201cOnlay\u201d y carillas<\/li>\n<\/ul>\n<p>Kit incluye:<\/p>\n<ul>\n<li>5 jeringas Filtek\u2122 Z350 XT de 4 grs.\u00a0Tonos A1B, A2B, A3B, A3.5B, B1B.<\/li>\n<li>1 adhesivo Single Bond Universal de 5 ml.<\/li>\n<li>3 espirales Sof-Lex\u2122 de pre-pulido.<\/li>\n<li>3 espirales Sof-Lex\u2122 Diamond para pulido final.<\/li>\n<li>Accesorios de aplicaci\u00f3n.<\/li>\n<\/ul>\n<p>Kit incluye \u00e1cido grabador,\u00a0<a href=\"https:\/\/dental83.com\/etiqueta-de-producto\/3m\/\">3M<\/a>\u2122 Scotchbond\u2122 Gel Grabador Universal. \u00c1cido fosf\u00f3rico gel al 35%. Consistencia gel de baja viscosidad, f\u00e1cil de aplicar. El gel tiene un distintivo color azul para ayudar a enjuagarlo. Jeringa incluye punta dispensadora flexible que se puede ajustar individualmente antes de cada aplicaci\u00f3n.<\/p>\n<p>Kit incluye adhesivo, 3M\u2122 Single Bond Universal. Adhesivo de gran versatilidad que permite t\u00e9cnicas de grabado total, grabado selectivo y autograbado. T\u00e9cnica simple con una sola botella y aplicaci\u00f3n r\u00e1pida en solo 35 segundos. Alta fuerza de adhesi\u00f3n a todas las superficies (zirconio, al\u00famina, vitrocer\u00e1micas y metales) sin la necesidad de primer.<\/p>\n<p>Kit incluye sistema de pre-pulido y pulido final, Sof-Lex\u2122 Diamond, para un acabado final con un brillo similar a una pasta de diamante con la conveniencia de un sistema de goma. Espirales de forma \u00fanica, flexible, que se adaptan a todas las superficies dentales.\u00a0<a href=\"https:\/\/multimedia.3m.com\/mws\/media\/1204166O\/sof-lex-diamond-technical-data-sheet.pdf\" target=\"_blank\" rel=\"noopener\">Sof-Lex\u2122 Diamond<\/a>\u00a0puese ser esterilizado y reutilizado.<\/p>\n<\/div>","protected":false},"excerpt":{"rendered":"<div class=\"product-description rte\">3M\u2122 Filtek\u2122 Z350 XT \u2013 Essential Kit Sistema Restaurador con Nanotecnolog\u00eda. Gran versatilidad para soluciones altamente est\u00e9ticas. Beneficios: Excelente adaptaci\u00f3n. Est\u00e9tica Excepcional. Excelente retenci\u00f3n del pulido. Excelente manejo, no se pega a los instrumentos. Excepcional resistencia en restauraciones anteriores y posteriores. Aplicaciones Restauraciones directas anteriores y posteriores. Reconstrucci\u00f3n de mu\u00f1ones&#8230;.<\/div>\n<div>\n<form id=\"AddToCartForm\" class=\"product-form\" accept-charset=\"UTF-8\" action=\"https:\/\/dentaldoktor.com\/cart\/add\" enctype=\"multipart\/form-data\" method=\"post\">\n<div class=\"discounty-portal\"><\/div>\n<div class=\"product-single__quantity\">\n<div class=\"quantity-box-section\"><\/div>\n<\/div>\n<\/form>\n<\/div>","protected":false},"featured_media":4563,"comment_status":"open","ping_status":"closed","template":"","meta":{"om_disable_all_campaigns":false,"_monsterinsights_skip_tracking":false,"_monsterinsights_sitenote_active":false,"_monsterinsights_sitenote_note":"","_monsterinsights_sitenote_category":0,"_uf_show_specific_survey":0,"_uf_disable_surveys":false,"site-sidebar-layout":"default","site-content-layout":"","ast-site-content-layout":"default","site-content-style":"default","site-sidebar-style":"default","ast-global-header-display":"","ast-banner-title-visibility":"","ast-main-header-display":"","ast-hfb-above-header-display":"","ast-hfb-below-header-display":"","ast-hfb-mobile-header-display":"","site-post-title":"","ast-breadcrumbs-content":"","ast-featured-img":"","footer-sml-layout":"","ast-disable-related-posts":"","theme-transparent-header-meta":"","adv-header-id-meta":"","stick-header-meta":"","header-above-stick-meta":"","header-main-stick-meta":"","header-below-stick-meta":"","astra-migrate-meta-layouts":"default","ast-page-background-enabled":"default","ast-page-background-meta":{"desktop":{"background-color":"","background-image":"","background-repeat":"repeat","background-position":"center center","background-size":"auto","background-attachment":"scroll","background-type":"","background-media":"","overlay-type":"","overlay-color":"","overlay-opacity":"","overlay-gradient":""},"tablet":{"background-color":"","background-image":"","background-repeat":"repeat","background-position":"center center","background-size":"auto","background-attachment":"scroll","background-type":"","background-media":"","overlay-type":"","overlay-color":"","overlay-opacity":"","overlay-gradient":""},"mobile":{"background-color":"","background-image":"","background-repeat":"repeat","background-position":"center center","background-size":"auto","background-attachment":"scroll","background-type":"","background-media":"","overlay-type":"","overlay-color":"","overlay-opacity":"","overlay-gradient":""}},"ast-content-background-meta":{"desktop":{"background-color":"var(--ast-global-color-5)","background-image":"","background-repeat":"repeat","background-position":"center center","background-size":"auto","background-attachment":"scroll","background-type":"","background-media":"","overlay-type":"","overlay-color":"","overlay-opacity":"","overlay-gradient":""},"tablet":{"background-color":"var(--ast-global-color-5)","background-image":"","background-repeat":"repeat","background-position":"center center","background-size":"auto","background-attachment":"scroll","background-type":"","background-media":"","overlay-type":"","overlay-color":"","overlay-opacity":"","overlay-gradient":""},"mobile":{"background-color":"var(--ast-global-color-5)","background-image":"","background-repeat":"repeat","background-position":"center center","background-size":"auto","background-attachment":"scroll","background-type":"","background-media":"","overlay-type":"","overlay-color":"","overlay-opacity":"","overlay-gradient":""}},"_themeisle_gutenberg_block_has_review":false},"pwb-brand":[595],"product_brand":[],"product_cat":[588],"product_tag":[],"class_list":{"0":"post-4564","1":"product","2":"type-product","3":"status-publish","4":"has-post-thumbnail","6":"pwb-brand-solventum","7":"product_cat-sin-categorias","8":"desktop-align-left","9":"tablet-align-left","10":"mobile-align-left","12":"first","13":"instock","14":"sale","15":"taxable","16":"shipping-taxable","17":"purchasable","18":"product-type-simple"},"aioseo_notices":[],"jetpack_sharing_enabled":true,"brands":[{"id":595,"name":"Solventum","slug":"solventum"}],"_links":{"self":[{"href":"https:\/\/importmas.com\/en\/wp-json\/wp\/v2\/product\/4564","targetHints":{"allow":["GET"]}}],"collection":[{"href":"https:\/\/importmas.com\/en\/wp-json\/wp\/v2\/product"}],"about":[{"href":"https:\/\/importmas.com\/en\/wp-json\/wp\/v2\/types\/product"}],"replies":[{"embeddable":true,"href":"https:\/\/importmas.com\/en\/wp-json\/wp\/v2\/comments?post=4564"}],"version-history":[{"count":0,"href":"https:\/\/importmas.com\/en\/wp-json\/wp\/v2\/product\/4564\/revisions"}],"wp:featuredmedia":[{"embeddable":true,"href":"https:\/\/importmas.com\/en\/wp-json\/wp\/v2\/media\/4563"}],"wp:attachment":[{"href":"https:\/\/importmas.com\/en\/wp-json\/wp\/v2\/media?parent=4564"}],"wp:term":[{"taxonomy":"pwb-brand","embeddable":true,"href":"https:\/\/importmas.com\/en\/wp-json\/wp\/v2\/pwb-brand?post=4564"},{"taxonomy":"product_brand","embeddable":true,"href":"https:\/\/importmas.com\/en\/wp-json\/wp\/v2\/product_brand?post=4564"},{"taxonomy":"product_cat","embeddable":true,"href":"https:\/\/importmas.com\/en\/wp-json\/wp\/v2\/product_cat?post=4564"},{"taxonomy":"product_tag","embeddable":true,"href":"https:\/\/importmas.com\/en\/wp-json\/wp\/v2\/product_tag?post=4564"}],"curies":[{"name":"wp","href":"https:\/\/api.w.org\/{rel}","templated":true}]}}