{"id":4560,"date":"2025-10-28T10:15:36","date_gmt":"2025-10-28T15:15:36","guid":{"rendered":"https:\/\/importmas.com\/product\/ionomero-vitremer-repuesto-liquido-5-5ml\/"},"modified":"2025-10-28T10:15:36","modified_gmt":"2025-10-28T15:15:36","slug":"ionomero-vitremer-repuesto-liquido-5-5ml","status":"publish","type":"product","link":"https:\/\/importmas.com\/en\/product\/ionomero-vitremer-repuesto-liquido-5-5ml\/","title":{"rendered":"Ion\u00f3mero  Vitremer\u2122 Repuesto L\u00edquido &#8211;  5.5ml"},"content":{"rendered":"<div class=\"sps2-pdp_details--white_container undefined\">\n<div>\n<h5 class=\"mds-margin_large--bottom mds-font_header--5\">Destacados<\/h5>\n<ul class=\"sps2-pdp_details--highlights_list\">\n<li class=\"sps2-pdp_details--highlights_item mds-font_paragraph\">Forma una fuerte adhesi\u00f3n con la dentina, sellando el diente para reducir la incidencia de microfiltraci\u00f3n, lo que ayuda a reducir la sensibilidad postoperatoria<\/li>\n<li class=\"sps2-pdp_details--highlights_item mds-font_paragraph\">Produce zonas de inhibici\u00f3n contra bacterias com\u00fanmente encontradas en la cavidad oral in vitro<\/li>\n<li class=\"sps2-pdp_details--highlights_item mds-font_paragraph\">Liberaci\u00f3n sostenida de fl\u00faor para ayudar a proteger el diente mucho tiempo despu\u00e9s de que se complete la restauraci\u00f3n<\/li>\n<li class=\"sps2-pdp_details--highlights_item mds-font_paragraph\">Su r\u00e1pida t\u00e9cnica y excelentes caracter\u00edsticas de manipulaci\u00f3n permiten una colocaci\u00f3n r\u00e1pida y sencilla<\/li>\n<li class=\"sps2-pdp_details--highlights_item mds-font_paragraph\">Brinda una excelente adhesi\u00f3n a los sistemas de adhesivos dentales de la l\u00ednea 3M\u2122 ESPE, ya sea en su aplicaci\u00f3n con resinas compuestas \u00f3 amalgama<\/li>\n<\/ul>\n<\/div>\n<\/div>\n<div class=\"sps2-pdp_details--white_container\">\n<div class=\"sps2-pdp_details--upper_details\">\n<p class=\"mds-font_paragraph MMM--gapBottom\">Un ion\u00f3mero de vidrio liner \/ base fotopolimerizable que combina la conveniencia de curado por luz con la verdadera liberaci\u00f3n de fluoruro de ion\u00f3mero de vidrio dental y la fuerza de adhesi\u00f3n.<\/p>\n<p class=\"mds-font_paragraph\">Gracias a su \u00f3ptica optimizada, usted puede estar seguro de que sus restauraciones dentales tendr\u00e1n un fotocurado profundo y uniforme &#8230; desde el centro hasta el borde, desde la superficie hasta el fondo de la cavidad, y en distancias cl\u00ednicamente relevantes.<\/p>\n<\/div>\n<\/div>\n<div class=\"sps2-pdp_details--white_container sps2-pdp_details--suggestedApps\">\n<div class=\"sps2-pdp_details--section\">\n<h5 class=\"mds-margin_large--bottom mds-font_header--5\">Aplicaciones sugeridas<\/h5>\n<ul class=\"sps2-pdp_details--highlights_list\">\n<li class=\"sps2-pdp_details--highlights_item mds-font_paragraph\">Para la polimerizaci\u00f3n de materiales dentales fotopolimerizables con foto iniciador en el rango de longitud de onda de los 430-480 nm con 3M\u2122 Elipar\u2122 S10 L\u00e1mpara de Fotocurado LED<\/li>\n<li class=\"sps2-pdp_details--highlights_item mds-font_paragraph\">Liner \/ base bajo restauraciones directas e indirectas, incluidas restauraciones con resinas, amalgamas, cer\u00e1micas y metales<\/li>\n<li class=\"sps2-pdp_details--highlights_item mds-font_paragraph\">Con pacientes con predisposici\u00f3n a la caries<\/li>\n<\/ul>\n<\/div>\n<\/div>","protected":false},"excerpt":{"rendered":"<p class=\"mds-font_body sps2-pdp_description--benefit\">Forma una fuerte adhesi\u00f3n con la dentina, sellando el diente para reducir la incidencia de microfiltraci\u00f3n, lo que ayuda a reducir la sensibilidad postoperatoria<\/p>\n<p class=\"mds-font_body sps2-pdp_description--benefit\">Produce zonas de inhibici\u00f3n contra bacterias com\u00fanmente encontradas en la cavidad oral in vitro<\/p>\n<p class=\"mds-font_body sps2-pdp_description--benefit\">Liberaci\u00f3n sostenida de fl\u00faor para ayudar a proteger el diente mucho tiempo despu\u00e9s de que se complete la restauraci\u00f3n<\/p>","protected":false},"featured_media":4559,"comment_status":"open","ping_status":"closed","template":"","meta":{"om_disable_all_campaigns":false,"_monsterinsights_skip_tracking":false,"_monsterinsights_sitenote_active":false,"_monsterinsights_sitenote_note":"","_monsterinsights_sitenote_category":0,"_uf_show_specific_survey":0,"_uf_disable_surveys":false,"site-sidebar-layout":"default","site-content-layout":"","ast-site-content-layout":"default","site-content-style":"default","site-sidebar-style":"default","ast-global-header-display":"","ast-banner-title-visibility":"","ast-main-header-display":"","ast-hfb-above-header-display":"","ast-hfb-below-header-display":"","ast-hfb-mobile-header-display":"","site-post-title":"","ast-breadcrumbs-content":"","ast-featured-img":"","footer-sml-layout":"","ast-disable-related-posts":"","theme-transparent-header-meta":"","adv-header-id-meta":"","stick-header-meta":"","header-above-stick-meta":"","header-main-stick-meta":"","header-below-stick-meta":"","astra-migrate-meta-layouts":"default","ast-page-background-enabled":"default","ast-page-background-meta":{"desktop":{"background-color":"","background-image":"","background-repeat":"repeat","background-position":"center center","background-size":"auto","background-attachment":"scroll","background-type":"","background-media":"","overlay-type":"","overlay-color":"","overlay-opacity":"","overlay-gradient":""},"tablet":{"background-color":"","background-image":"","background-repeat":"repeat","background-position":"center center","background-size":"auto","background-attachment":"scroll","background-type":"","background-media":"","overlay-type":"","overlay-color":"","overlay-opacity":"","overlay-gradient":""},"mobile":{"background-color":"","background-image":"","background-repeat":"repeat","background-position":"center center","background-size":"auto","background-attachment":"scroll","background-type":"","background-media":"","overlay-type":"","overlay-color":"","overlay-opacity":"","overlay-gradient":""}},"ast-content-background-meta":{"desktop":{"background-color":"var(--ast-global-color-5)","background-image":"","background-repeat":"repeat","background-position":"center center","background-size":"auto","background-attachment":"scroll","background-type":"","background-media":"","overlay-type":"","overlay-color":"","overlay-opacity":"","overlay-gradient":""},"tablet":{"background-color":"var(--ast-global-color-5)","background-image":"","background-repeat":"repeat","background-position":"center center","background-size":"auto","background-attachment":"scroll","background-type":"","background-media":"","overlay-type":"","overlay-color":"","overlay-opacity":"","overlay-gradient":""},"mobile":{"background-color":"var(--ast-global-color-5)","background-image":"","background-repeat":"repeat","background-position":"center center","background-size":"auto","background-attachment":"scroll","background-type":"","background-media":"","overlay-type":"","overlay-color":"","overlay-opacity":"","overlay-gradient":""}},"_themeisle_gutenberg_block_has_review":false},"pwb-brand":[595],"product_brand":[],"product_cat":[590,588],"product_tag":[],"class_list":{"0":"post-4560","1":"product","2":"type-product","3":"status-publish","4":"has-post-thumbnail","6":"pwb-brand-solventum","7":"product_cat-ionomeros-liner","8":"product_cat-sin-categorias","9":"desktop-align-left","10":"tablet-align-left","11":"mobile-align-left","13":"first","14":"instock","15":"taxable","16":"shipping-taxable","17":"product-type-simple"},"aioseo_notices":[],"jetpack_sharing_enabled":true,"brands":[{"id":595,"name":"Solventum","slug":"solventum"}],"_links":{"self":[{"href":"https:\/\/importmas.com\/en\/wp-json\/wp\/v2\/product\/4560","targetHints":{"allow":["GET"]}}],"collection":[{"href":"https:\/\/importmas.com\/en\/wp-json\/wp\/v2\/product"}],"about":[{"href":"https:\/\/importmas.com\/en\/wp-json\/wp\/v2\/types\/product"}],"replies":[{"embeddable":true,"href":"https:\/\/importmas.com\/en\/wp-json\/wp\/v2\/comments?post=4560"}],"version-history":[{"count":0,"href":"https:\/\/importmas.com\/en\/wp-json\/wp\/v2\/product\/4560\/revisions"}],"wp:featuredmedia":[{"embeddable":true,"href":"https:\/\/importmas.com\/en\/wp-json\/wp\/v2\/media\/4559"}],"wp:attachment":[{"href":"https:\/\/importmas.com\/en\/wp-json\/wp\/v2\/media?parent=4560"}],"wp:term":[{"taxonomy":"pwb-brand","embeddable":true,"href":"https:\/\/importmas.com\/en\/wp-json\/wp\/v2\/pwb-brand?post=4560"},{"taxonomy":"product_brand","embeddable":true,"href":"https:\/\/importmas.com\/en\/wp-json\/wp\/v2\/product_brand?post=4560"},{"taxonomy":"product_cat","embeddable":true,"href":"https:\/\/importmas.com\/en\/wp-json\/wp\/v2\/product_cat?post=4560"},{"taxonomy":"product_tag","embeddable":true,"href":"https:\/\/importmas.com\/en\/wp-json\/wp\/v2\/product_tag?post=4560"}],"curies":[{"name":"wp","href":"https:\/\/api.w.org\/{rel}","templated":true}]}}