{"id":4556,"date":"2025-10-28T10:15:34","date_gmt":"2025-10-28T15:15:34","guid":{"rendered":"https:\/\/importmas.com\/product\/adhesivo-fotocurado-transbond-xt-4g\/"},"modified":"2025-10-28T10:15:34","modified_gmt":"2025-10-28T15:15:34","slug":"adhesivo-fotocurado-transbond-xt-4g","status":"publish","type":"product","link":"https:\/\/importmas.com\/en\/product\/adhesivo-fotocurado-transbond-xt-4g\/","title":{"rendered":"Adhesivo Fotocurado Transbond XT 4g"},"content":{"rendered":"<div class=\"sps2-pdp_section sps2-pdp_details\">\n<div class=\"sps2-pdp_details--white_container undefined\">\n<div>\n<h5><strong>3m cuidado de la salud ahora es solventum<\/strong><\/h5>\n<h5 class=\"mds-margin_large--bottom mds-font_header--5\">Destacados<\/h5>\n<ul class=\"sps2-pdp_details--highlights_list\">\n<li class=\"sps2-pdp_details--highlights_item mds-font_paragraph\">Indicado para la adhesi\u00f3n de brackets met\u00e1licos y cer\u00e1micos<\/li>\n<li class=\"sps2-pdp_details--highlights_item mds-font_paragraph\">Alta fuerza adhesiva<\/li>\n<li class=\"sps2-pdp_details--highlights_item mds-font_paragraph\">F\u00e1cil limpieza de excedentes alrededor de la base de los brackets<\/li>\n<li class=\"sps2-pdp_details--highlights_item mds-font_paragraph\">Adecuado para la confecci\u00f3n de attachments para alineadores<\/li>\n<li class=\"sps2-pdp_details--highlights_item mds-font_paragraph\">Presentaci\u00f3n en jeringas de 4 gr<\/li>\n<li class=\"sps2-pdp_details--highlights_item mds-font_paragraph\">Menos ca\u00eddas<\/li>\n<li class=\"sps2-pdp_details--highlights_item mds-font_paragraph\">Mejora la productividad en tiempo del ortodoncista (tiempo de consulta)<\/li>\n<\/ul>\n<\/div>\n<\/div>\n<div class=\"sps2-pdp_details--white_container\">\n<div class=\"sps2-pdp_details--upper_details\">\n<p class=\"mds-font_paragraph MMM--gapBottom\">El Adhesivo para Fotocurado 3M\u2122 Transbond\u2122 XT, es un adhesivo fotopolimerizable de uso ortod\u00f3ntico, indicado para la adhesi\u00f3n de brackets met\u00e1licos y cer\u00e1micos.<\/p>\n<p class=\"mds-font_paragraph\">El Adhesivo para Fotocurado 3M\u2122 Transbond\u2122 XT, es un reconocido adhesivo ortod\u00f3ntico frecuentemente utilizado como est\u00e1ndar de oro en estudios cient\u00edficos de adhesi\u00f3n. Sus propiedades de manipulaci\u00f3n le permiten ser dispensado con presici\u00f3n y sin desperdicio en las bases de los brackets, una vez presentado en el diente, la limpieza de excedentes en los bordes de la base es sencilla y no hay cambios indeseados en la orientaci\u00f3n del bracket antes de la fotopolimerizaci\u00f3n. El Adhesivo para Fotocurado 3M\u2122 Transbond\u2122 XT es compatible con Transbond\u2122 XT Primer, 3M\u2122 Transbond\u2122 MIP Moisture Insensitive Primer y 3M\u2122 Transbond\u2122 Plus Self Etching Primer<\/p>\n<\/div>\n<\/div>\n<div class=\"sps2-pdp_details--white_container sps2-pdp_details--suggestedApps\">\n<div class=\"sps2-pdp_details--section\">\n<h5 class=\"mds-margin_large--bottom mds-font_header--5\">Aplicaciones sugeridas<\/h5>\n<ul class=\"sps2-pdp_details--highlights_list\">\n<li class=\"sps2-pdp_details--highlights_item mds-font_paragraph\">Adecuado para la adhesi\u00f3n de brackets met\u00e1licos, cer\u00e1micos, tubos y attachments<\/li>\n<li class=\"sps2-pdp_details--highlights_item mds-font_paragraph\">Las capsulas rellenas de adhesivo y la pistola dispensadora tambien facilitan la aplicaci\u00f3n<\/li>\n<\/ul>\n<\/div>\n<\/div>\n<\/div>\n<div class=\"sps2-pdp_section sps2-pdp_specifications\"><\/div>","protected":false},"excerpt":{"rendered":"<p>El Adhesivo para Fotocurado 3M\u2122 Transbond\u2122 XT, es un adhesivo fotopolimerizable de uso ortod\u00f3ntico, indicado para la adhesi\u00f3n de brackets met\u00e1licos y cer\u00e1micos.<\/p>","protected":false},"featured_media":4555,"comment_status":"open","ping_status":"closed","template":"","meta":{"om_disable_all_campaigns":false,"_monsterinsights_skip_tracking":false,"_monsterinsights_sitenote_active":false,"_monsterinsights_sitenote_note":"","_monsterinsights_sitenote_category":0,"_uf_show_specific_survey":0,"_uf_disable_surveys":false,"site-sidebar-layout":"default","site-content-layout":"","ast-site-content-layout":"default","site-content-style":"default","site-sidebar-style":"default","ast-global-header-display":"","ast-banner-title-visibility":"","ast-main-header-display":"","ast-hfb-above-header-display":"","ast-hfb-below-header-display":"","ast-hfb-mobile-header-display":"","site-post-title":"","ast-breadcrumbs-content":"","ast-featured-img":"","footer-sml-layout":"","ast-disable-related-posts":"","theme-transparent-header-meta":"","adv-header-id-meta":"","stick-header-meta":"","header-above-stick-meta":"","header-main-stick-meta":"","header-below-stick-meta":"","astra-migrate-meta-layouts":"default","ast-page-background-enabled":"default","ast-page-background-meta":{"desktop":{"background-color":"","background-image":"","background-repeat":"repeat","background-position":"center center","background-size":"auto","background-attachment":"scroll","background-type":"","background-media":"","overlay-type":"","overlay-color":"","overlay-opacity":"","overlay-gradient":""},"tablet":{"background-color":"","background-image":"","background-repeat":"repeat","background-position":"center center","background-size":"auto","background-attachment":"scroll","background-type":"","background-media":"","overlay-type":"","overlay-color":"","overlay-opacity":"","overlay-gradient":""},"mobile":{"background-color":"","background-image":"","background-repeat":"repeat","background-position":"center center","background-size":"auto","background-attachment":"scroll","background-type":"","background-media":"","overlay-type":"","overlay-color":"","overlay-opacity":"","overlay-gradient":""}},"ast-content-background-meta":{"desktop":{"background-color":"var(--ast-global-color-5)","background-image":"","background-repeat":"repeat","background-position":"center center","background-size":"auto","background-attachment":"scroll","background-type":"","background-media":"","overlay-type":"","overlay-color":"","overlay-opacity":"","overlay-gradient":""},"tablet":{"background-color":"var(--ast-global-color-5)","background-image":"","background-repeat":"repeat","background-position":"center center","background-size":"auto","background-attachment":"scroll","background-type":"","background-media":"","overlay-type":"","overlay-color":"","overlay-opacity":"","overlay-gradient":""},"mobile":{"background-color":"var(--ast-global-color-5)","background-image":"","background-repeat":"repeat","background-position":"center center","background-size":"auto","background-attachment":"scroll","background-type":"","background-media":"","overlay-type":"","overlay-color":"","overlay-opacity":"","overlay-gradient":""}},"_themeisle_gutenberg_block_has_review":false},"pwb-brand":[595],"product_brand":[],"product_cat":[600],"product_tag":[],"class_list":{"0":"post-4556","1":"product","2":"type-product","3":"status-publish","4":"has-post-thumbnail","6":"pwb-brand-solventum","7":"product_cat-adhesivos-ortodoncia","8":"desktop-align-left","9":"tablet-align-left","10":"mobile-align-left","12":"first","13":"instock","14":"taxable","15":"shipping-taxable","16":"product-type-simple"},"aioseo_notices":[],"jetpack_sharing_enabled":true,"brands":[{"id":595,"name":"Solventum","slug":"solventum"}],"_links":{"self":[{"href":"https:\/\/importmas.com\/en\/wp-json\/wp\/v2\/product\/4556","targetHints":{"allow":["GET"]}}],"collection":[{"href":"https:\/\/importmas.com\/en\/wp-json\/wp\/v2\/product"}],"about":[{"href":"https:\/\/importmas.com\/en\/wp-json\/wp\/v2\/types\/product"}],"replies":[{"embeddable":true,"href":"https:\/\/importmas.com\/en\/wp-json\/wp\/v2\/comments?post=4556"}],"version-history":[{"count":0,"href":"https:\/\/importmas.com\/en\/wp-json\/wp\/v2\/product\/4556\/revisions"}],"wp:featuredmedia":[{"embeddable":true,"href":"https:\/\/importmas.com\/en\/wp-json\/wp\/v2\/media\/4555"}],"wp:attachment":[{"href":"https:\/\/importmas.com\/en\/wp-json\/wp\/v2\/media?parent=4556"}],"wp:term":[{"taxonomy":"pwb-brand","embeddable":true,"href":"https:\/\/importmas.com\/en\/wp-json\/wp\/v2\/pwb-brand?post=4556"},{"taxonomy":"product_brand","embeddable":true,"href":"https:\/\/importmas.com\/en\/wp-json\/wp\/v2\/product_brand?post=4556"},{"taxonomy":"product_cat","embeddable":true,"href":"https:\/\/importmas.com\/en\/wp-json\/wp\/v2\/product_cat?post=4556"},{"taxonomy":"product_tag","embeddable":true,"href":"https:\/\/importmas.com\/en\/wp-json\/wp\/v2\/product_tag?post=4556"}],"curies":[{"name":"wp","href":"https:\/\/api.w.org\/{rel}","templated":true}]}}