{"id":4550,"date":"2025-10-28T10:15:23","date_gmt":"2025-10-28T15:15:23","guid":{"rendered":"https:\/\/importmas.com\/product\/white-varnish-3m-clinpro-wv-por-10-unidades\/"},"modified":"2025-10-28T10:15:23","modified_gmt":"2025-10-28T15:15:23","slug":"white-varnish-3m-clinpro-wv-por-10-unidades","status":"publish","type":"product","link":"https:\/\/importmas.com\/en\/product\/white-varnish-3m-clinpro-wv-por-10-unidades\/","title":{"rendered":"White Varnish 3M\u2122 Clinpro\u2122 WV por 10 Unidades"},"content":{"rendered":"<ul>\n<li>Clinpro\u2122 White Varnish permanece en forma fluida por m\u00e1s tiempo que otros barnices dentales probados, y contin\u00faa migrando desde las superficies dentales tratadas a las no tratadas, incluyendo \u00e1reas interproximales.<\/li>\n<li>White Varnish 3M\u2122 Clinpro\u2122 con Fluoruro de Sodio al 5% y TCP 12246, con Fosfato Tric\u00e1lcico (TCP), Sabor a Mel\u00f3n, Paquete de 100<\/li>\n<\/ul>\n<p>El barniz de fl\u00faor n\u00famero 1 en ventas en los EE. UU.<\/p>\n<p>F\u00f3rmula de liberaci\u00f3n de fl\u00faor prolongada: continua hasta 24 horas despu\u00e9s de su aplicaci\u00f3n<\/p>\n<p>Contiene 22,600 ppm de fluoruro y fosfato tric\u00e1lcico (TCP)<\/p>\n<p>Protecci\u00f3n avanzada: recubrimiento pr\u00e1cticamente invisible y duradero<\/p>\n<p>F\u00e1cil de aplicar, no requiere secado<\/p>\n<p>Aplicaci\u00f3n r\u00e1pida de barrido horizontal<\/p>\n<p>Se puede aplicar a las superficies de los dientes en donde hay placa presente<\/p>\n<p>Alta absorci\u00f3n de fl\u00faor, incluso despu\u00e9s del ataque \u00e1cido<\/p>\n<p>Alivia la hipersensibilidad<\/p>\n<p>M\u00e1s de 10 a\u00f1os de \u00e9xito cl\u00ednico<\/p>","protected":false},"excerpt":{"rendered":"<p>Un barniz dental del color del diente, optimizado con una liberaci\u00f3n prolongada de fl\u00faor, calcio y fosfato: hasta 24 horas.<\/p>","protected":false},"featured_media":4549,"comment_status":"open","ping_status":"closed","template":"","meta":{"om_disable_all_campaigns":false,"_monsterinsights_skip_tracking":false,"_monsterinsights_sitenote_active":false,"_monsterinsights_sitenote_note":"","_monsterinsights_sitenote_category":0,"_uf_show_specific_survey":0,"_uf_disable_surveys":false,"site-sidebar-layout":"default","site-content-layout":"","ast-site-content-layout":"default","site-content-style":"default","site-sidebar-style":"default","ast-global-header-display":"","ast-banner-title-visibility":"","ast-main-header-display":"","ast-hfb-above-header-display":"","ast-hfb-below-header-display":"","ast-hfb-mobile-header-display":"","site-post-title":"","ast-breadcrumbs-content":"","ast-featured-img":"","footer-sml-layout":"","ast-disable-related-posts":"","theme-transparent-header-meta":"","adv-header-id-meta":"","stick-header-meta":"","header-above-stick-meta":"","header-main-stick-meta":"","header-below-stick-meta":"","astra-migrate-meta-layouts":"default","ast-page-background-enabled":"default","ast-page-background-meta":{"desktop":{"background-color":"","background-image":"","background-repeat":"repeat","background-position":"center center","background-size":"auto","background-attachment":"scroll","background-type":"","background-media":"","overlay-type":"","overlay-color":"","overlay-opacity":"","overlay-gradient":""},"tablet":{"background-color":"","background-image":"","background-repeat":"repeat","background-position":"center center","background-size":"auto","background-attachment":"scroll","background-type":"","background-media":"","overlay-type":"","overlay-color":"","overlay-opacity":"","overlay-gradient":""},"mobile":{"background-color":"","background-image":"","background-repeat":"repeat","background-position":"center center","background-size":"auto","background-attachment":"scroll","background-type":"","background-media":"","overlay-type":"","overlay-color":"","overlay-opacity":"","overlay-gradient":""}},"ast-content-background-meta":{"desktop":{"background-color":"var(--ast-global-color-5)","background-image":"","background-repeat":"repeat","background-position":"center center","background-size":"auto","background-attachment":"scroll","background-type":"","background-media":"","overlay-type":"","overlay-color":"","overlay-opacity":"","overlay-gradient":""},"tablet":{"background-color":"var(--ast-global-color-5)","background-image":"","background-repeat":"repeat","background-position":"center center","background-size":"auto","background-attachment":"scroll","background-type":"","background-media":"","overlay-type":"","overlay-color":"","overlay-opacity":"","overlay-gradient":""},"mobile":{"background-color":"var(--ast-global-color-5)","background-image":"","background-repeat":"repeat","background-position":"center center","background-size":"auto","background-attachment":"scroll","background-type":"","background-media":"","overlay-type":"","overlay-color":"","overlay-opacity":"","overlay-gradient":""}},"_themeisle_gutenberg_block_has_review":false},"pwb-brand":[595],"product_brand":[],"product_cat":[583,584],"product_tag":[],"class_list":{"0":"post-4550","1":"product","2":"type-product","3":"status-publish","4":"has-post-thumbnail","6":"pwb-brand-solventum","7":"product_cat-higiene-oral","8":"product_cat-prevencion-rehabilitacion","9":"desktop-align-left","10":"tablet-align-left","11":"mobile-align-left","13":"first","14":"instock","15":"taxable","16":"shipping-taxable","17":"product-type-simple"},"aioseo_notices":[],"jetpack_sharing_enabled":true,"brands":[{"id":595,"name":"Solventum","slug":"solventum"}],"_links":{"self":[{"href":"https:\/\/importmas.com\/en\/wp-json\/wp\/v2\/product\/4550","targetHints":{"allow":["GET"]}}],"collection":[{"href":"https:\/\/importmas.com\/en\/wp-json\/wp\/v2\/product"}],"about":[{"href":"https:\/\/importmas.com\/en\/wp-json\/wp\/v2\/types\/product"}],"replies":[{"embeddable":true,"href":"https:\/\/importmas.com\/en\/wp-json\/wp\/v2\/comments?post=4550"}],"version-history":[{"count":0,"href":"https:\/\/importmas.com\/en\/wp-json\/wp\/v2\/product\/4550\/revisions"}],"wp:featuredmedia":[{"embeddable":true,"href":"https:\/\/importmas.com\/en\/wp-json\/wp\/v2\/media\/4549"}],"wp:attachment":[{"href":"https:\/\/importmas.com\/en\/wp-json\/wp\/v2\/media?parent=4550"}],"wp:term":[{"taxonomy":"pwb-brand","embeddable":true,"href":"https:\/\/importmas.com\/en\/wp-json\/wp\/v2\/pwb-brand?post=4550"},{"taxonomy":"product_brand","embeddable":true,"href":"https:\/\/importmas.com\/en\/wp-json\/wp\/v2\/product_brand?post=4550"},{"taxonomy":"product_cat","embeddable":true,"href":"https:\/\/importmas.com\/en\/wp-json\/wp\/v2\/product_cat?post=4550"},{"taxonomy":"product_tag","embeddable":true,"href":"https:\/\/importmas.com\/en\/wp-json\/wp\/v2\/product_tag?post=4550"}],"curies":[{"name":"wp","href":"https:\/\/api.w.org\/{rel}","templated":true}]}}