{"id":4548,"date":"2025-10-28T10:15:21","date_gmt":"2025-10-28T15:15:21","guid":{"rendered":"https:\/\/importmas.com\/product\/micro-puntas-mezcladoras-3m-relyx\/"},"modified":"2025-10-28T10:15:21","modified_gmt":"2025-10-28T15:15:21","slug":"micro-puntas-mezcladoras-3m-relyx","status":"publish","type":"product","link":"https:\/\/importmas.com\/en\/product\/micro-puntas-mezcladoras-3m-relyx\/","title":{"rendered":"Micro Puntas Mezcladoras 3M\u2122 RelyX\u2122"},"content":{"rendered":"<div id=\"product-detail-content\" class=\"aem-Grid aem-Grid--12 aem-Grid--default--12\">\n<div class=\"responsivegrid cmp-container__width-responsive aem-GridColumn aem-GridColumn--default--12\">\n<div class=\"cmp-product-detail-page\">\n<div class=\"cmp-product-detail-page__flexibletext\">\n<div class=\"cmp-product-detail-page__flexibletext--item\">El Cemento de Resina 3M\u2122 RelyX\u2122 Universal funciona tanto solo como un cemento autoadhesivo y como un cemento adhesivo, cuando es combinado con el adhesivo 3M\u2122 Scotchbond\u2122 Universal Plus. Juntos eliminan los problems y confusi\u00f3n de mantener diversos cementos de resina, primers y adhesivos, simplificando sus flujos de trabajo. Con menos productos para almacenar y reponer usted ahorra espacio, tiempo y dinero.<\/div>\n<\/div>\n<div class=\"cmp-product-detail-page__bullets width-75\">\n<ul>\n<li>Cemento de resina universal de doble curado para pr\u00e1cticamente todas las indicaciones adhesivas y autoadhesivas<\/li>\n<li>Exclusiva jeringa innovadora de 3M con auto-sellamiento: m\u00e1s higi\u00e9nica, menos desperdicio y con una mejor ergonom\u00eda<\/li>\n<li>Extraordinaria resistencia de uni\u00f3n en modo autoadhesivo<\/li>\n<li>El adhesivo 3M\u2122 Scotchbond\u2122 Universal Plus, incrementa a\u00fan m\u00e1s la fuerza de adhesi\u00f3n a todos los sustratos<\/li>\n<li>Remoci\u00f3n r\u00e1pida y f\u00e1cil de los excesos<\/li>\n<li>Est\u00e9tica excelente: colores fluorescentes y altamente estables<\/li>\n<li>Pr\u00e1cticamente sin sensibilidad postoperatoria<\/li>\n<li>Simplifica los flujos de trabajo y reduce las existencias: m\u00e1s f\u00e1cil de usar, ahorra espacio, tiempo y dinero<\/li>\n<\/ul>\n<\/div>\n<div class=\"cmp-product-detail-page__bullets width-75\">\n<p class=\"cmp-product-detail-page__bullets--title\">Aplicaciones sugeridas<\/p>\n<ul>\n<li>Para pr\u00e1cticamente todas las indicaciones de los cementos de resina adhesivos y autoadhesivos<\/li>\n<\/ul>\n<\/div>\n<\/div>\n<div class=\"separator cmp-separator__no-line cmp-separator__size-xxlarge aem-GridColumn aem-GridColumn--default--12\">\n<div class=\"cmp-separator\">\n<hr class=\"cmp-separator__horizontal-rule\" aria-hidden=\"true\" \/>\n<\/div>\n<\/div>\n<\/div>\n<\/div>\n<div id=\"product-specifications\" class=\"pdp-padding-top aem-Grid aem-Grid--12 aem-Grid--default--12\">\n<div class=\"cmp-product-specification__container responsivegrid cmp-container__width-responsive aem-GridColumn aem-GridColumn--default--12\">\n<div class=\"cmp-title__line\"><\/div>\n<\/div>\n<\/div>","protected":false},"excerpt":{"rendered":"<p class=\"cmp-product-overview-content__description\">El Cemento de Resina 3M\u2122 RelyX\u2122 Universal es usado para pr\u00e1cticamente todas las indicaciones de cementos resinosos duales. Ofrece una buena est\u00e9tica, con colores fluorescentes y altament estables. Pr\u00e1cticamente no presenta sensibilidad postoperatoria, adem\u00e1s de simplificar su protocolo cl\u00ednico. Se presenta en una jeringa \u00fanica de auto-cierre con Micro Puntas de Mezcla, que contribuye a una aplicaci\u00f3n con menor desperdicio, m\u00e1s higi\u00e9nica y con una mejor ergonom\u00eda. Junto con 3M\u2122 Scotchbond\u2122 Universal Plus Adhesive forma un sistema totalmente alineado que cubre pr\u00e1cticamente todas las indicaciones de cemento adhesivo y autoadhesivo con una excelente fuerza de adhesi\u00f3n, f\u00e1cil limpieza del exceso y alta est\u00e9tica. Este sistema de dos componentes permite simplificar los procedimientos para conseguir menos estr\u00e9s y m\u00e1s ahorro.<\/p>\n<div class=\"button cmp-button__filled cmp-button__flip-on-inverse-background cmp-product-overview-content__primarycta\"><\/div>","protected":false},"featured_media":4547,"comment_status":"open","ping_status":"closed","template":"","meta":{"om_disable_all_campaigns":false,"_monsterinsights_skip_tracking":false,"_monsterinsights_sitenote_active":false,"_monsterinsights_sitenote_note":"","_monsterinsights_sitenote_category":0,"_uf_show_specific_survey":0,"_uf_disable_surveys":false,"site-sidebar-layout":"default","site-content-layout":"","ast-site-content-layout":"default","site-content-style":"default","site-sidebar-style":"default","ast-global-header-display":"","ast-banner-title-visibility":"","ast-main-header-display":"","ast-hfb-above-header-display":"","ast-hfb-below-header-display":"","ast-hfb-mobile-header-display":"","site-post-title":"","ast-breadcrumbs-content":"","ast-featured-img":"","footer-sml-layout":"","ast-disable-related-posts":"","theme-transparent-header-meta":"","adv-header-id-meta":"","stick-header-meta":"","header-above-stick-meta":"","header-main-stick-meta":"","header-below-stick-meta":"","astra-migrate-meta-layouts":"default","ast-page-background-enabled":"default","ast-page-background-meta":{"desktop":{"background-color":"","background-image":"","background-repeat":"repeat","background-position":"center center","background-size":"auto","background-attachment":"scroll","background-type":"","background-media":"","overlay-type":"","overlay-color":"","overlay-opacity":"","overlay-gradient":""},"tablet":{"background-color":"","background-image":"","background-repeat":"repeat","background-position":"center center","background-size":"auto","background-attachment":"scroll","background-type":"","background-media":"","overlay-type":"","overlay-color":"","overlay-opacity":"","overlay-gradient":""},"mobile":{"background-color":"","background-image":"","background-repeat":"repeat","background-position":"center center","background-size":"auto","background-attachment":"scroll","background-type":"","background-media":"","overlay-type":"","overlay-color":"","overlay-opacity":"","overlay-gradient":""}},"ast-content-background-meta":{"desktop":{"background-color":"var(--ast-global-color-5)","background-image":"","background-repeat":"repeat","background-position":"center center","background-size":"auto","background-attachment":"scroll","background-type":"","background-media":"","overlay-type":"","overlay-color":"","overlay-opacity":"","overlay-gradient":""},"tablet":{"background-color":"var(--ast-global-color-5)","background-image":"","background-repeat":"repeat","background-position":"center center","background-size":"auto","background-attachment":"scroll","background-type":"","background-media":"","overlay-type":"","overlay-color":"","overlay-opacity":"","overlay-gradient":""},"mobile":{"background-color":"var(--ast-global-color-5)","background-image":"","background-repeat":"repeat","background-position":"center center","background-size":"auto","background-attachment":"scroll","background-type":"","background-media":"","overlay-type":"","overlay-color":"","overlay-opacity":"","overlay-gradient":""}},"_themeisle_gutenberg_block_has_review":false},"pwb-brand":[595],"product_brand":[],"product_cat":[594],"product_tag":[],"class_list":{"0":"post-4548","1":"product","2":"type-product","3":"status-publish","4":"has-post-thumbnail","6":"pwb-brand-solventum","7":"product_cat-otros","8":"desktop-align-left","9":"tablet-align-left","10":"mobile-align-left","12":"first","13":"instock","14":"sale","15":"taxable","16":"shipping-taxable","17":"purchasable","18":"product-type-simple"},"aioseo_notices":[],"jetpack_sharing_enabled":true,"brands":[{"id":595,"name":"Solventum","slug":"solventum"}],"_links":{"self":[{"href":"https:\/\/importmas.com\/en\/wp-json\/wp\/v2\/product\/4548","targetHints":{"allow":["GET"]}}],"collection":[{"href":"https:\/\/importmas.com\/en\/wp-json\/wp\/v2\/product"}],"about":[{"href":"https:\/\/importmas.com\/en\/wp-json\/wp\/v2\/types\/product"}],"replies":[{"embeddable":true,"href":"https:\/\/importmas.com\/en\/wp-json\/wp\/v2\/comments?post=4548"}],"version-history":[{"count":0,"href":"https:\/\/importmas.com\/en\/wp-json\/wp\/v2\/product\/4548\/revisions"}],"wp:featuredmedia":[{"embeddable":true,"href":"https:\/\/importmas.com\/en\/wp-json\/wp\/v2\/media\/4547"}],"wp:attachment":[{"href":"https:\/\/importmas.com\/en\/wp-json\/wp\/v2\/media?parent=4548"}],"wp:term":[{"taxonomy":"pwb-brand","embeddable":true,"href":"https:\/\/importmas.com\/en\/wp-json\/wp\/v2\/pwb-brand?post=4548"},{"taxonomy":"product_brand","embeddable":true,"href":"https:\/\/importmas.com\/en\/wp-json\/wp\/v2\/product_brand?post=4548"},{"taxonomy":"product_cat","embeddable":true,"href":"https:\/\/importmas.com\/en\/wp-json\/wp\/v2\/product_cat?post=4548"},{"taxonomy":"product_tag","embeddable":true,"href":"https:\/\/importmas.com\/en\/wp-json\/wp\/v2\/product_tag?post=4548"}],"curies":[{"name":"wp","href":"https:\/\/api.w.org\/{rel}","templated":true}]}}