{"id":4540,"date":"2025-10-28T10:15:12","date_gmt":"2025-10-28T15:15:12","guid":{"rendered":"https:\/\/importmas.com\/product\/scaler-u6-led-woodpecker\/"},"modified":"2025-10-28T10:15:12","modified_gmt":"2025-10-28T15:15:12","slug":"scaler-u6-led-woodpecker","status":"publish","type":"product","link":"https:\/\/importmas.com\/en\/product\/scaler-u6-led-woodpecker\/","title":{"rendered":"Scaler U6 Led Woodpecker"},"content":{"rendered":"<p>FABRICANTE: GUILIN WOODPECKER MEDICAL INSTRUMENT CO.,LTD.<\/p>\n<p>El ultrasonido U6 de Woodpecker presenta un atractivo e innovador dise\u00f1o de sobremesa con sistema touch inteligente y una pieza de mano LED de alto poder, duradera y de poca generaci\u00f3n de calor. Este modelo cuenta con las 3 funciones de Escalado, Periodoncia y Endodoncia. Indicado para tratamientos periodontales y limpiezas; escalado supragingival, subgingival, mantenimiento de implantes, preparaci\u00f3n de la cavidad y tratamientos de endodoncia. El modelo U6 es f\u00e1cil de limpiar gracias a la superficie lisa y suave de su panel de control t\u00e1ctil y luminoso. <\/p>\n<p>ESPECIFICACIONES T\u00c9CNICAS:<\/p>\n<p>\u2013 Voltaje de Entrada: 110V 50Hz60Hz 280mA<\/p>\n<p>\u2013 Entrada de la unidad principal: 24V 50Hz60Hz 1.3A<\/p>\n<p>\u2013 Frecuencia Oscilaci\u00f3n: 28kHz +- 3kHz<\/p>\n<p>\u2013 Presi\u00f3n de Agua: 0.1bar ~ 5bar (0.01MPa ~ 0.5MPa)<\/p>\n<p>\u2013 Potencia: 3W \u2013 20W<\/p>\n<p>\u2013 Peso de la unidad principal: 0.63Kg<\/p>\n<p>\u2013 Peso de la fuente de alimentaci\u00f3n: 1 kg<\/p>\n<p>\u2013 Dimensiones 175mm x 144mm x 77mm<\/p>\n<p>\u2013 Certificado por CE, FDA y NSF.<\/p>\n<p>CARACTER\u00cdSTICAS:<\/p>\n<p>\u2013 Sistema Touch Inteligente<\/p>\n<p>\u2013 Multifunci\u00f3n: Escalado, Periodoncia y Endodoncia.<\/p>\n<p>\u2013 Para tratamientos periodontales y limpiezas.<\/p>\n<p>\u2013 Seguimiento autom\u00e1tico de frecuencia que garantiza que el equipo trabaje siempre en la mejor frecuencia r\u00e1pidamente sin lastimar la enc\u00eda o el esmalte y trabaja con mayor firmeza para la eliminaci\u00f3n de c\u00e1lculo dental y la placa bacteriana.<\/p>\n<p>\u2013 Pieza de mano en cer\u00e1mica LED modelo HW-6 desmontable y esterilizable a 135\u00b0C y presi\u00f3n de 0.22MPa. Adicionalmente, la pieza de mano es de alto poder, duradera y genera poco calor.<\/p>\n<p>\u2013 Controlado digitalmente, de f\u00e1cil manejo y m\u00e1s eficiente para el detartraje.<\/p>\n<p>\u2013 Panel de control t\u00e1ctil, luminoso y f\u00e1cil de limpiar.<\/p>\n<p>\u2013 Dise\u00f1o Impermeable, atractivo e innovador.<\/p>\n<p>\u2013 Suministro de agua de la red.<\/p>\n<p>\u2013 Certificados CE y FDA.<\/p>\n<p>CONTENIDO:<\/p>\n<p>1. Unidad Principal<\/p>\n<p>2. Pieza de mano desmontable<\/p>\n<p>3. Transformador de energ\u00eda<\/p>\n<p>4. Pedal<\/p>\n<p>5. 7 Puntas (x2 puntas G4, x1 punta P1, x1 punta P3, x1 punta P8, x2 punta E62)<\/p>\n<p>6. Llave de torque<\/p>\n<p>7. Llave de Endo<\/p>\n<p>8. Manguera para agua<\/p>\n<p>9. 4 anillos \u00abO\u00bb a prueba de agua<\/p>\n<p>10. L\u00e1mpara LED<\/p>\n<p>11. Manual de Instrucciones<\/p>\n<p>12. Certificado de calidad<\/p>\n<p>13. Tarjeta de garant\u00eda<\/p>\n<p>14. Lista de empaque<\/p>","protected":false},"excerpt":{"rendered":"<p>FABRICANTE: GUILIN WOODPECKER MEDICAL INSTRUMENT CO.,LTD. El ultrasonido U6 de Woodpecker presenta un atractivo e innovador dise\u00f1o de sobremesa con sistema touch inteligente y una pieza de mano LED de alto poder, duradera y de poca generaci\u00f3n de calor. Este modelo cuenta con las 3 funciones de Escalado, Periodoncia y Endodoncia. Indicado para tratamientos periodontales [&hellip;]<\/p>\n","protected":false},"featured_media":4539,"comment_status":"open","ping_status":"closed","template":"","meta":{"om_disable_all_campaigns":false,"_monsterinsights_skip_tracking":false,"_monsterinsights_sitenote_active":false,"_monsterinsights_sitenote_note":"","_monsterinsights_sitenote_category":0,"_uf_show_specific_survey":0,"_uf_disable_surveys":false,"site-sidebar-layout":"default","site-content-layout":"","ast-site-content-layout":"default","site-content-style":"default","site-sidebar-style":"default","ast-global-header-display":"","ast-banner-title-visibility":"","ast-main-header-display":"","ast-hfb-above-header-display":"","ast-hfb-below-header-display":"","ast-hfb-mobile-header-display":"","site-post-title":"","ast-breadcrumbs-content":"","ast-featured-img":"","footer-sml-layout":"","ast-disable-related-posts":"","theme-transparent-header-meta":"","adv-header-id-meta":"","stick-header-meta":"","header-above-stick-meta":"","header-main-stick-meta":"","header-below-stick-meta":"","astra-migrate-meta-layouts":"default","ast-page-background-enabled":"default","ast-page-background-meta":{"desktop":{"background-color":"","background-image":"","background-repeat":"repeat","background-position":"center center","background-size":"auto","background-attachment":"scroll","background-type":"","background-media":"","overlay-type":"","overlay-color":"","overlay-opacity":"","overlay-gradient":""},"tablet":{"background-color":"","background-image":"","background-repeat":"repeat","background-position":"center center","background-size":"auto","background-attachment":"scroll","background-type":"","background-media":"","overlay-type":"","overlay-color":"","overlay-opacity":"","overlay-gradient":""},"mobile":{"background-color":"","background-image":"","background-repeat":"repeat","background-position":"center center","background-size":"auto","background-attachment":"scroll","background-type":"","background-media":"","overlay-type":"","overlay-color":"","overlay-opacity":"","overlay-gradient":""}},"ast-content-background-meta":{"desktop":{"background-color":"var(--ast-global-color-5)","background-image":"","background-repeat":"repeat","background-position":"center center","background-size":"auto","background-attachment":"scroll","background-type":"","background-media":"","overlay-type":"","overlay-color":"","overlay-opacity":"","overlay-gradient":""},"tablet":{"background-color":"var(--ast-global-color-5)","background-image":"","background-repeat":"repeat","background-position":"center center","background-size":"auto","background-attachment":"scroll","background-type":"","background-media":"","overlay-type":"","overlay-color":"","overlay-opacity":"","overlay-gradient":""},"mobile":{"background-color":"var(--ast-global-color-5)","background-image":"","background-repeat":"repeat","background-position":"center center","background-size":"auto","background-attachment":"scroll","background-type":"","background-media":"","overlay-type":"","overlay-color":"","overlay-opacity":"","overlay-gradient":""}},"_themeisle_gutenberg_block_has_review":false},"pwb-brand":[534],"product_brand":[],"product_cat":[598],"product_tag":[],"class_list":{"0":"post-4540","1":"product","2":"type-product","3":"status-publish","4":"has-post-thumbnail","6":"pwb-brand-woodpecker","7":"product_cat-cavitron-scalers","8":"desktop-align-left","9":"tablet-align-left","10":"mobile-align-left","12":"first","13":"instock","14":"taxable","15":"shipping-taxable","16":"product-type-simple"},"aioseo_notices":[],"jetpack_sharing_enabled":true,"brands":[{"id":534,"name":"WOODPECKER","slug":"woodpecker"}],"_links":{"self":[{"href":"https:\/\/importmas.com\/en\/wp-json\/wp\/v2\/product\/4540","targetHints":{"allow":["GET"]}}],"collection":[{"href":"https:\/\/importmas.com\/en\/wp-json\/wp\/v2\/product"}],"about":[{"href":"https:\/\/importmas.com\/en\/wp-json\/wp\/v2\/types\/product"}],"replies":[{"embeddable":true,"href":"https:\/\/importmas.com\/en\/wp-json\/wp\/v2\/comments?post=4540"}],"version-history":[{"count":0,"href":"https:\/\/importmas.com\/en\/wp-json\/wp\/v2\/product\/4540\/revisions"}],"wp:featuredmedia":[{"embeddable":true,"href":"https:\/\/importmas.com\/en\/wp-json\/wp\/v2\/media\/4539"}],"wp:attachment":[{"href":"https:\/\/importmas.com\/en\/wp-json\/wp\/v2\/media?parent=4540"}],"wp:term":[{"taxonomy":"pwb-brand","embeddable":true,"href":"https:\/\/importmas.com\/en\/wp-json\/wp\/v2\/pwb-brand?post=4540"},{"taxonomy":"product_brand","embeddable":true,"href":"https:\/\/importmas.com\/en\/wp-json\/wp\/v2\/product_brand?post=4540"},{"taxonomy":"product_cat","embeddable":true,"href":"https:\/\/importmas.com\/en\/wp-json\/wp\/v2\/product_cat?post=4540"},{"taxonomy":"product_tag","embeddable":true,"href":"https:\/\/importmas.com\/en\/wp-json\/wp\/v2\/product_tag?post=4540"}],"curies":[{"name":"wp","href":"https:\/\/api.w.org\/{rel}","templated":true}]}}