{"id":4520,"date":"2025-10-28T10:14:44","date_gmt":"2025-10-28T15:14:44","guid":{"rendered":"https:\/\/importmas.com\/product\/lampara-fotocurado-ortholux\/"},"modified":"2025-10-28T10:14:44","modified_gmt":"2025-10-28T15:14:44","slug":"lampara-fotocurado-ortholux","status":"publish","type":"product","link":"https:\/\/importmas.com\/en\/product\/lampara-fotocurado-ortholux\/","title":{"rendered":"Lampara Fotocurado Ortholux"},"content":{"rendered":"<p>La l\u00e1mpara de polimerizaci\u00f3n luminosa Ortholux\u2122 es una herramienta de alta tecnolog\u00eda dise\u00f1ada para la polimerizaci\u00f3n de ortodoncia. Asimismo, la l\u00e1mpara de fotocurado utiliza una gu\u00eda de luz de fibra \u00f3ptica optimizada con salidas de 1600 mW\/cm2 y un LED azul de alta intensidad. Por otro lado, la pieza de mano inal\u00e1mbrica es de acero inoxidable y en forma de bol\u00edgrafo. De igual manera, cuenta con un medidor de luz incorporado, bater\u00eda recargable de iones de litio y no requiere de \u00abcurva de aprendizaje\u00bb. As\u00ed, ofrece tiempos de curados de 3, 6, 9 y 12 segundos, adem\u00e1s de un modo de 1 segundo y un tiempo de 15 segundos. Adem\u00e1s, la l\u00e1mpara Ortholux\u2122 es silenciosa y m\u00e1s amigable para el paciente, ya que no posee ventilador. Asimismo, su protector ocular est\u00e1 dise\u00f1ado para prevenir deslizamientos de la superficie de trabajo y emite luz de intensidad constante, independientemente de su nivel de carga. En general, la l\u00e1mpara de polimerizaci\u00f3n luminosa Ortholux\u2122 es una herramienta de alta calidad y precisi\u00f3n que facilita y optimiza el trabajo del profesional dental. Igualmente, con su dise\u00f1o ergon\u00f3mico y vers\u00e1til, entrega excelentes resultados en la polimerizaci\u00f3n de ortodoncia.<\/p>","protected":false},"excerpt":{"rendered":"<p>La l\u00e1mpara de polimerizaci\u00f3n luminosa Ortholux\u2122 es una herramienta de alta tecnolog\u00eda dise\u00f1ada para la polimerizaci\u00f3n de ortodoncia. Asimismo, la l\u00e1mpara de fotocurado utiliza una gu\u00eda de luz de fibra \u00f3ptica optimizada con salidas de 1600 mW\/cm2 y un LED azul de alta intensidad. Por otro lado, la pieza de mano inal\u00e1mbrica es de acero [&hellip;]<\/p>\n","protected":false},"featured_media":4519,"comment_status":"open","ping_status":"closed","template":"","meta":{"om_disable_all_campaigns":false,"_monsterinsights_skip_tracking":false,"_monsterinsights_sitenote_active":false,"_monsterinsights_sitenote_note":"","_monsterinsights_sitenote_category":0,"_uf_show_specific_survey":0,"_uf_disable_surveys":false,"site-sidebar-layout":"default","site-content-layout":"","ast-site-content-layout":"default","site-content-style":"default","site-sidebar-style":"default","ast-global-header-display":"","ast-banner-title-visibility":"","ast-main-header-display":"","ast-hfb-above-header-display":"","ast-hfb-below-header-display":"","ast-hfb-mobile-header-display":"","site-post-title":"","ast-breadcrumbs-content":"","ast-featured-img":"","footer-sml-layout":"","ast-disable-related-posts":"","theme-transparent-header-meta":"","adv-header-id-meta":"","stick-header-meta":"","header-above-stick-meta":"","header-main-stick-meta":"","header-below-stick-meta":"","astra-migrate-meta-layouts":"default","ast-page-background-enabled":"default","ast-page-background-meta":{"desktop":{"background-color":"","background-image":"","background-repeat":"repeat","background-position":"center center","background-size":"auto","background-attachment":"scroll","background-type":"","background-media":"","overlay-type":"","overlay-color":"","overlay-opacity":"","overlay-gradient":""},"tablet":{"background-color":"","background-image":"","background-repeat":"repeat","background-position":"center center","background-size":"auto","background-attachment":"scroll","background-type":"","background-media":"","overlay-type":"","overlay-color":"","overlay-opacity":"","overlay-gradient":""},"mobile":{"background-color":"","background-image":"","background-repeat":"repeat","background-position":"center center","background-size":"auto","background-attachment":"scroll","background-type":"","background-media":"","overlay-type":"","overlay-color":"","overlay-opacity":"","overlay-gradient":""}},"ast-content-background-meta":{"desktop":{"background-color":"var(--ast-global-color-5)","background-image":"","background-repeat":"repeat","background-position":"center center","background-size":"auto","background-attachment":"scroll","background-type":"","background-media":"","overlay-type":"","overlay-color":"","overlay-opacity":"","overlay-gradient":""},"tablet":{"background-color":"var(--ast-global-color-5)","background-image":"","background-repeat":"repeat","background-position":"center center","background-size":"auto","background-attachment":"scroll","background-type":"","background-media":"","overlay-type":"","overlay-color":"","overlay-opacity":"","overlay-gradient":""},"mobile":{"background-color":"var(--ast-global-color-5)","background-image":"","background-repeat":"repeat","background-position":"center center","background-size":"auto","background-attachment":"scroll","background-type":"","background-media":"","overlay-type":"","overlay-color":"","overlay-opacity":"","overlay-gradient":""}},"_themeisle_gutenberg_block_has_review":false},"pwb-brand":[595],"product_brand":[],"product_cat":[592],"product_tag":[],"class_list":{"0":"post-4520","1":"product","2":"type-product","3":"status-publish","4":"has-post-thumbnail","6":"pwb-brand-solventum","7":"product_cat-lamparas-equipos","8":"desktop-align-left","9":"tablet-align-left","10":"mobile-align-left","12":"first","13":"instock","14":"sale","15":"taxable","16":"shipping-taxable","17":"purchasable","18":"product-type-simple"},"aioseo_notices":[],"jetpack_sharing_enabled":true,"brands":[{"id":595,"name":"Solventum","slug":"solventum"}],"_links":{"self":[{"href":"https:\/\/importmas.com\/en\/wp-json\/wp\/v2\/product\/4520","targetHints":{"allow":["GET"]}}],"collection":[{"href":"https:\/\/importmas.com\/en\/wp-json\/wp\/v2\/product"}],"about":[{"href":"https:\/\/importmas.com\/en\/wp-json\/wp\/v2\/types\/product"}],"replies":[{"embeddable":true,"href":"https:\/\/importmas.com\/en\/wp-json\/wp\/v2\/comments?post=4520"}],"version-history":[{"count":0,"href":"https:\/\/importmas.com\/en\/wp-json\/wp\/v2\/product\/4520\/revisions"}],"wp:featuredmedia":[{"embeddable":true,"href":"https:\/\/importmas.com\/en\/wp-json\/wp\/v2\/media\/4519"}],"wp:attachment":[{"href":"https:\/\/importmas.com\/en\/wp-json\/wp\/v2\/media?parent=4520"}],"wp:term":[{"taxonomy":"pwb-brand","embeddable":true,"href":"https:\/\/importmas.com\/en\/wp-json\/wp\/v2\/pwb-brand?post=4520"},{"taxonomy":"product_brand","embeddable":true,"href":"https:\/\/importmas.com\/en\/wp-json\/wp\/v2\/product_brand?post=4520"},{"taxonomy":"product_cat","embeddable":true,"href":"https:\/\/importmas.com\/en\/wp-json\/wp\/v2\/product_cat?post=4520"},{"taxonomy":"product_tag","embeddable":true,"href":"https:\/\/importmas.com\/en\/wp-json\/wp\/v2\/product_tag?post=4520"}],"curies":[{"name":"wp","href":"https:\/\/api.w.org\/{rel}","templated":true}]}}