{"id":4510,"date":"2025-10-28T10:14:30","date_gmt":"2025-10-28T15:14:30","guid":{"rendered":"https:\/\/importmas.com\/product\/ketac-cem-easy-mix-kit-de-introduccion-p\/"},"modified":"2025-10-28T10:14:30","modified_gmt":"2025-10-28T15:14:30","slug":"ketac-cem-easy-mix-kit-de-introduccion-p","status":"publish","type":"product","link":"https:\/\/importmas.com\/en\/product\/ketac-cem-easy-mix-kit-de-introduccion-p\/","title":{"rendered":"Ketac Cem Easy Mix Kit De Introduccion P"},"content":{"rendered":"<p>El Ketac&#x2122; Cem Easymix Kit de Introducci\u00f3n de 3M es una soluci\u00f3n innovadora para la cementaci\u00f3n dental confiable y eficiente. Este kit integral ofrece a los profesionales dentales una gama de productos de alta calidad que simplifican el proceso de cementaci\u00f3n, asegurando resultados excelentes y duraderos.<\/p>\n<p>El componente central de este kit es el cemento de ion\u00f3mero de vidrio Ketac&#x2122; Cem Easymix. Este material se destaca por su f\u00e1cil manipulaci\u00f3n y aplicaci\u00f3n, gracias a la presentaci\u00f3n en c\u00e1psulas Easymix que simplifican la mezcla y reducen el tiempo de trabajo. La f\u00f3rmula del cemento garantiza una excelente adhesi\u00f3n, lo que contribuye a una retenci\u00f3n segura de las restauraciones.<\/p>\n<p>El kit tambi\u00e9n incluye el \u00e1cido grabador 3M&#x2122; Scotchbond&#x2122;, que prepara las superficies dentales para la cementaci\u00f3n y mejora la adhesi\u00f3n. Adem\u00e1s, se proporciona el sistema adhesivo 3M&#x2122; Single Bond Universal, que ofrece versatilidad al permitir t\u00e9cnicas de grabado total, grabado selectivo y autograbado.<\/p>\n<p>El Ketac&#x2122; Cem Easymix Kit de Introducci\u00f3n aborda las necesidades de los profesionales dentales al proporcionar un conjunto completo de productos para un procedimiento de cementaci\u00f3n eficaz. La calidad y la confiabilidad asociadas con la marca 3M respaldan este kit, convirti\u00e9ndolo en una elecci\u00f3n valiosa para la pr\u00e1ctica dental.<\/p>\n<p>Ventajas<\/p>\n<p>F\u00e1cil mezcla, gracias a su formulaci\u00f3n<\/p>\n<p>Dosificaci\u00f3n f\u00e1cilmente reproducible,<\/p>\n<p>Liberaci\u00f3n de fl\u00faor superior<\/p>\n<p>Alta bio compatibilidad.<\/p>\n<p>Bajo grosor de pel\u00edcula ofrece: menos alteraciones en la oclusi\u00f3n, menos tiempos operatorios en ajustes oclusales<\/p>\n<p>Presentaci\u00f3n<\/p>\n<p>30 g polvo<\/p>\n<p>12 ml. L\u00edquido<\/p>\n<p>1 block mezcla<\/p>\n<p>1 cuchara<\/p>\n<p>Gu\u00eda T\u00e9cnica<\/p>","protected":false},"excerpt":{"rendered":"<p>El Ketac&#x2122; Cem Easymix Kit de Introducci\u00f3n de 3M es una soluci\u00f3n innovadora para la cementaci\u00f3n dental confiable y eficiente. Este kit integral ofrece a los profesionales dentales una gama de productos de alta calidad que simplifican el proceso de cementaci\u00f3n, asegurando resultados excelentes y duraderos. El componente central de este kit es el cemento [&hellip;]<\/p>\n","protected":false},"featured_media":4509,"comment_status":"open","ping_status":"closed","template":"","meta":{"om_disable_all_campaigns":false,"_monsterinsights_skip_tracking":false,"_monsterinsights_sitenote_active":false,"_monsterinsights_sitenote_note":"","_monsterinsights_sitenote_category":0,"_uf_show_specific_survey":0,"_uf_disable_surveys":false,"site-sidebar-layout":"default","site-content-layout":"","ast-site-content-layout":"default","site-content-style":"default","site-sidebar-style":"default","ast-global-header-display":"","ast-banner-title-visibility":"","ast-main-header-display":"","ast-hfb-above-header-display":"","ast-hfb-below-header-display":"","ast-hfb-mobile-header-display":"","site-post-title":"","ast-breadcrumbs-content":"","ast-featured-img":"","footer-sml-layout":"","ast-disable-related-posts":"","theme-transparent-header-meta":"","adv-header-id-meta":"","stick-header-meta":"","header-above-stick-meta":"","header-main-stick-meta":"","header-below-stick-meta":"","astra-migrate-meta-layouts":"default","ast-page-background-enabled":"default","ast-page-background-meta":{"desktop":{"background-color":"","background-image":"","background-repeat":"repeat","background-position":"center center","background-size":"auto","background-attachment":"scroll","background-type":"","background-media":"","overlay-type":"","overlay-color":"","overlay-opacity":"","overlay-gradient":""},"tablet":{"background-color":"","background-image":"","background-repeat":"repeat","background-position":"center center","background-size":"auto","background-attachment":"scroll","background-type":"","background-media":"","overlay-type":"","overlay-color":"","overlay-opacity":"","overlay-gradient":""},"mobile":{"background-color":"","background-image":"","background-repeat":"repeat","background-position":"center center","background-size":"auto","background-attachment":"scroll","background-type":"","background-media":"","overlay-type":"","overlay-color":"","overlay-opacity":"","overlay-gradient":""}},"ast-content-background-meta":{"desktop":{"background-color":"var(--ast-global-color-5)","background-image":"","background-repeat":"repeat","background-position":"center center","background-size":"auto","background-attachment":"scroll","background-type":"","background-media":"","overlay-type":"","overlay-color":"","overlay-opacity":"","overlay-gradient":""},"tablet":{"background-color":"var(--ast-global-color-5)","background-image":"","background-repeat":"repeat","background-position":"center center","background-size":"auto","background-attachment":"scroll","background-type":"","background-media":"","overlay-type":"","overlay-color":"","overlay-opacity":"","overlay-gradient":""},"mobile":{"background-color":"var(--ast-global-color-5)","background-image":"","background-repeat":"repeat","background-position":"center center","background-size":"auto","background-attachment":"scroll","background-type":"","background-media":"","overlay-type":"","overlay-color":"","overlay-opacity":"","overlay-gradient":""}},"_themeisle_gutenberg_block_has_review":false},"pwb-brand":[595],"product_brand":[],"product_cat":[590],"product_tag":[],"class_list":{"0":"post-4510","1":"product","2":"type-product","3":"status-publish","4":"has-post-thumbnail","6":"pwb-brand-solventum","7":"product_cat-ionomeros-liner","8":"desktop-align-left","9":"tablet-align-left","10":"mobile-align-left","12":"first","13":"instock","14":"sale","15":"taxable","16":"shipping-taxable","17":"purchasable","18":"product-type-simple"},"aioseo_notices":[],"jetpack_sharing_enabled":true,"brands":[{"id":595,"name":"Solventum","slug":"solventum"}],"_links":{"self":[{"href":"https:\/\/importmas.com\/en\/wp-json\/wp\/v2\/product\/4510","targetHints":{"allow":["GET"]}}],"collection":[{"href":"https:\/\/importmas.com\/en\/wp-json\/wp\/v2\/product"}],"about":[{"href":"https:\/\/importmas.com\/en\/wp-json\/wp\/v2\/types\/product"}],"replies":[{"embeddable":true,"href":"https:\/\/importmas.com\/en\/wp-json\/wp\/v2\/comments?post=4510"}],"version-history":[{"count":0,"href":"https:\/\/importmas.com\/en\/wp-json\/wp\/v2\/product\/4510\/revisions"}],"wp:featuredmedia":[{"embeddable":true,"href":"https:\/\/importmas.com\/en\/wp-json\/wp\/v2\/media\/4509"}],"wp:attachment":[{"href":"https:\/\/importmas.com\/en\/wp-json\/wp\/v2\/media?parent=4510"}],"wp:term":[{"taxonomy":"pwb-brand","embeddable":true,"href":"https:\/\/importmas.com\/en\/wp-json\/wp\/v2\/pwb-brand?post=4510"},{"taxonomy":"product_brand","embeddable":true,"href":"https:\/\/importmas.com\/en\/wp-json\/wp\/v2\/product_brand?post=4510"},{"taxonomy":"product_cat","embeddable":true,"href":"https:\/\/importmas.com\/en\/wp-json\/wp\/v2\/product_cat?post=4510"},{"taxonomy":"product_tag","embeddable":true,"href":"https:\/\/importmas.com\/en\/wp-json\/wp\/v2\/product_tag?post=4510"}],"curies":[{"name":"wp","href":"https:\/\/api.w.org\/{rel}","templated":true}]}}