{"id":4484,"date":"2025-10-28T10:13:58","date_gmt":"2025-10-28T15:13:58","guid":{"rendered":"https:\/\/importmas.com\/product\/barniz-white-varnish-clinpro-wv-x-10\/"},"modified":"2025-10-28T10:13:58","modified_gmt":"2025-10-28T15:13:58","slug":"barniz-white-varnish-clinpro-wv-x-10","status":"publish","type":"product","link":"https:\/\/importmas.com\/en\/product\/barniz-white-varnish-clinpro-wv-x-10\/","title":{"rendered":"Barniz white varnish Clinpro WV X 10"},"content":{"rendered":"<p><strong>3m cuidado de la salud ahora es solventum<\/strong><\/p>\n<p>Clinpro\u2122 White Varnish permanece en forma fluida por m\u00e1s tiempo que otros barnices dentales probados, y contin\u00faa migrando desde las superficies dentales tratadas a las no tratadas, incluyendo \u00e1reas interproximales. Un barniz dental del color del diente, optimizado con una liberaci\u00f3n prolongada de fl\u00faor, calcio y fosfato: hasta 24 horas.<\/p>\n<ul>\n<li>El barniz de fl\u00faor n\u00famero 1 en ventas en los EE. UU.<\/li>\n<li>F\u00f3rmula de liberaci\u00f3n de fl\u00faor prolongada: continua hasta 24 horas despu\u00e9s de su aplicaci\u00f3n<\/li>\n<li>Contiene 22,600 ppm de fluoruro y fosfato tric\u00e1lcico (TCP)<\/li>\n<li>Protecci\u00f3n avanzada: recubrimiento pr\u00e1cticamente invisible y duradero<\/li>\n<li>F\u00e1cil de aplicar, no requiere secado<\/li>\n<li>Aplicaci\u00f3n r\u00e1pida de barrido horizontal<\/li>\n<li>Se puede aplicar a las superficies de los dientes en donde hay placa presente<\/li>\n<li>Alta absorci\u00f3n de fl\u00faor, incluso despu\u00e9s del ataque \u00e1cido<\/li>\n<li>Alivia la hipersensibilidad<\/li>\n<li>M\u00e1s de 10 a\u00f1os de \u00e9xito cl\u00ednico<\/li>\n<\/ul>\n<p><strong>Aplicaci\u00f3n Sugerida\u00a0<\/strong><\/p>\n<ul>\n<li>Tratamiento de hipersensibilidad dental<\/li>\n<li>Tratamiento de dentina expuesta y sensibilidad radicular<\/li>\n<\/ul>\n<p>&nbsp;<\/p>","protected":false},"excerpt":{"rendered":"<p data-start=\"361\" data-end=\"511\">Tratamiento dental transparente con fl\u00faor que previene caries sin alterar la est\u00e9tica. Ideal para pacientes con alto riesgo.<\/p>\n<p data-start=\"513\" data-end=\"534\">","protected":false},"featured_media":4483,"comment_status":"open","ping_status":"closed","template":"","meta":{"om_disable_all_campaigns":false,"_monsterinsights_skip_tracking":false,"_monsterinsights_sitenote_active":false,"_monsterinsights_sitenote_note":"","_monsterinsights_sitenote_category":0,"_uf_show_specific_survey":0,"_uf_disable_surveys":false,"site-sidebar-layout":"default","site-content-layout":"","ast-site-content-layout":"default","site-content-style":"default","site-sidebar-style":"default","ast-global-header-display":"","ast-banner-title-visibility":"","ast-main-header-display":"","ast-hfb-above-header-display":"","ast-hfb-below-header-display":"","ast-hfb-mobile-header-display":"","site-post-title":"","ast-breadcrumbs-content":"","ast-featured-img":"","footer-sml-layout":"","ast-disable-related-posts":"","theme-transparent-header-meta":"","adv-header-id-meta":"","stick-header-meta":"","header-above-stick-meta":"","header-main-stick-meta":"","header-below-stick-meta":"","astra-migrate-meta-layouts":"default","ast-page-background-enabled":"default","ast-page-background-meta":{"desktop":{"background-color":"","background-image":"","background-repeat":"repeat","background-position":"center center","background-size":"auto","background-attachment":"scroll","background-type":"","background-media":"","overlay-type":"","overlay-color":"","overlay-opacity":"","overlay-gradient":""},"tablet":{"background-color":"","background-image":"","background-repeat":"repeat","background-position":"center center","background-size":"auto","background-attachment":"scroll","background-type":"","background-media":"","overlay-type":"","overlay-color":"","overlay-opacity":"","overlay-gradient":""},"mobile":{"background-color":"","background-image":"","background-repeat":"repeat","background-position":"center center","background-size":"auto","background-attachment":"scroll","background-type":"","background-media":"","overlay-type":"","overlay-color":"","overlay-opacity":"","overlay-gradient":""}},"ast-content-background-meta":{"desktop":{"background-color":"var(--ast-global-color-5)","background-image":"","background-repeat":"repeat","background-position":"center center","background-size":"auto","background-attachment":"scroll","background-type":"","background-media":"","overlay-type":"","overlay-color":"","overlay-opacity":"","overlay-gradient":""},"tablet":{"background-color":"var(--ast-global-color-5)","background-image":"","background-repeat":"repeat","background-position":"center center","background-size":"auto","background-attachment":"scroll","background-type":"","background-media":"","overlay-type":"","overlay-color":"","overlay-opacity":"","overlay-gradient":""},"mobile":{"background-color":"var(--ast-global-color-5)","background-image":"","background-repeat":"repeat","background-position":"center center","background-size":"auto","background-attachment":"scroll","background-type":"","background-media":"","overlay-type":"","overlay-color":"","overlay-opacity":"","overlay-gradient":""}},"_themeisle_gutenberg_block_has_review":false},"pwb-brand":[595],"product_brand":[],"product_cat":[583,584],"product_tag":[],"class_list":{"0":"post-4484","1":"product","2":"type-product","3":"status-publish","4":"has-post-thumbnail","6":"pwb-brand-solventum","7":"product_cat-higiene-oral","8":"product_cat-prevencion-rehabilitacion","9":"desktop-align-left","10":"tablet-align-left","11":"mobile-align-left","13":"first","14":"instock","15":"sale","16":"taxable","17":"shipping-taxable","18":"purchasable","19":"product-type-simple"},"aioseo_notices":[],"jetpack_sharing_enabled":true,"brands":[{"id":595,"name":"Solventum","slug":"solventum"}],"_links":{"self":[{"href":"https:\/\/importmas.com\/en\/wp-json\/wp\/v2\/product\/4484","targetHints":{"allow":["GET"]}}],"collection":[{"href":"https:\/\/importmas.com\/en\/wp-json\/wp\/v2\/product"}],"about":[{"href":"https:\/\/importmas.com\/en\/wp-json\/wp\/v2\/types\/product"}],"replies":[{"embeddable":true,"href":"https:\/\/importmas.com\/en\/wp-json\/wp\/v2\/comments?post=4484"}],"version-history":[{"count":0,"href":"https:\/\/importmas.com\/en\/wp-json\/wp\/v2\/product\/4484\/revisions"}],"wp:featuredmedia":[{"embeddable":true,"href":"https:\/\/importmas.com\/en\/wp-json\/wp\/v2\/media\/4483"}],"wp:attachment":[{"href":"https:\/\/importmas.com\/en\/wp-json\/wp\/v2\/media?parent=4484"}],"wp:term":[{"taxonomy":"pwb-brand","embeddable":true,"href":"https:\/\/importmas.com\/en\/wp-json\/wp\/v2\/pwb-brand?post=4484"},{"taxonomy":"product_brand","embeddable":true,"href":"https:\/\/importmas.com\/en\/wp-json\/wp\/v2\/product_brand?post=4484"},{"taxonomy":"product_cat","embeddable":true,"href":"https:\/\/importmas.com\/en\/wp-json\/wp\/v2\/product_cat?post=4484"},{"taxonomy":"product_tag","embeddable":true,"href":"https:\/\/importmas.com\/en\/wp-json\/wp\/v2\/product_tag?post=4484"}],"curies":[{"name":"wp","href":"https:\/\/api.w.org\/{rel}","templated":true}]}}