{"id":4482,"date":"2025-10-28T10:13:56","date_gmt":"2025-10-28T15:13:56","guid":{"rendered":"https:\/\/importmas.com\/product\/adhesivo-transbond-xt-x-6-ml\/"},"modified":"2025-10-28T10:13:56","modified_gmt":"2025-10-28T15:13:56","slug":"adhesivo-transbond-xt-x-6-ml","status":"publish","type":"product","link":"https:\/\/importmas.com\/en\/product\/adhesivo-transbond-xt-x-6-ml\/","title":{"rendered":"Adhesivo Transbond Xt X 6 Ml"},"content":{"rendered":"<p><strong>3m cuidado de la salud ahora es solventum<\/strong><\/p>\n<p>El Primer 3M\u2122 Transbond\u2122 XT ofrece una aplicaci\u00f3n sencilla con una pel\u00edcula delgada y uniforme en cada diente, adem\u00e1s de servir como agente humectante. Su fuerza de uni\u00f3n inmediata permite la uni\u00f3n del arco justo despu\u00e9s del fotocurado, lo que ahorra tiempo.<\/p>\n<p>Este adhesivo facilita la uni\u00f3n y re-uni\u00f3n eficiente de brackets cer\u00e1micos y met\u00e1licos, lo que significa un ahorro significativo en tiempo y materiales. Adem\u00e1s, al estar disponible en jeringas o c\u00e1psulas precargadas, se minimiza el desperdicio.<\/p>\n<p>El adhesivo Transbond\u2122 XT presenta excelentes propiedades de manejo, incluyendo la ausencia de deriva del soporte y una f\u00e1cil limpieza del exceso de material. Su viscosidad est\u00e1 dise\u00f1ada para evitar el deslizamiento y el patinaje del soporte, lo que reduce el desperdicio y ahorra dinero.<\/p>\n<p>Con el curado r\u00e1pido del adhesivo Transbond\u2122 XT, se logra una conexi\u00f3n inmediata del arco, lo que resulta en citas de uni\u00f3n m\u00e1s cortas para pacientes y personal. En resumen, cuando se necesita un agente humectante confiable, el Primer 3M\u2122 Transbond\u2122 XT es la opci\u00f3n preferida.<\/p>\n<p>&nbsp;<\/p>\n<ul>\n<li>Prepara la superficie de esmalte<\/li>\n<li>Incrementa la fuerza adhesiva<\/li>\n<li>Compatible con diversos adhesivos ortod\u00f3nticos 3M<\/li>\n<li>Excelentes propiedades de manipulaci\u00f3n<\/li>\n<li>Presentaci\u00f3n en botella de 6 ml<\/li>\n<li>Excelentes propiedades de manejo, incluida la ausencia de deriva del soporte y la f\u00e1cil limpieza del flash<\/li>\n<\/ul>","protected":false},"excerpt":{"rendered":"<p>El Primer 3M\u2122 Transbond\u2122 XT es un agente fotopolimerizable de primordial importancia en el procedimiento de adhesi\u00f3n ya que prepara la superficie del esmalte para recibir al bracket con el adhesivo y aumenta la fuerza adhesiva.<\/p>","protected":false},"featured_media":4481,"comment_status":"open","ping_status":"closed","template":"","meta":{"om_disable_all_campaigns":false,"_monsterinsights_skip_tracking":false,"_monsterinsights_sitenote_active":false,"_monsterinsights_sitenote_note":"","_monsterinsights_sitenote_category":0,"_uf_show_specific_survey":0,"_uf_disable_surveys":false,"site-sidebar-layout":"default","site-content-layout":"","ast-site-content-layout":"default","site-content-style":"default","site-sidebar-style":"default","ast-global-header-display":"","ast-banner-title-visibility":"","ast-main-header-display":"","ast-hfb-above-header-display":"","ast-hfb-below-header-display":"","ast-hfb-mobile-header-display":"","site-post-title":"","ast-breadcrumbs-content":"","ast-featured-img":"","footer-sml-layout":"","ast-disable-related-posts":"","theme-transparent-header-meta":"","adv-header-id-meta":"","stick-header-meta":"","header-above-stick-meta":"","header-main-stick-meta":"","header-below-stick-meta":"","astra-migrate-meta-layouts":"default","ast-page-background-enabled":"default","ast-page-background-meta":{"desktop":{"background-color":"","background-image":"","background-repeat":"repeat","background-position":"center center","background-size":"auto","background-attachment":"scroll","background-type":"","background-media":"","overlay-type":"","overlay-color":"","overlay-opacity":"","overlay-gradient":""},"tablet":{"background-color":"","background-image":"","background-repeat":"repeat","background-position":"center center","background-size":"auto","background-attachment":"scroll","background-type":"","background-media":"","overlay-type":"","overlay-color":"","overlay-opacity":"","overlay-gradient":""},"mobile":{"background-color":"","background-image":"","background-repeat":"repeat","background-position":"center center","background-size":"auto","background-attachment":"scroll","background-type":"","background-media":"","overlay-type":"","overlay-color":"","overlay-opacity":"","overlay-gradient":""}},"ast-content-background-meta":{"desktop":{"background-color":"var(--ast-global-color-5)","background-image":"","background-repeat":"repeat","background-position":"center center","background-size":"auto","background-attachment":"scroll","background-type":"","background-media":"","overlay-type":"","overlay-color":"","overlay-opacity":"","overlay-gradient":""},"tablet":{"background-color":"var(--ast-global-color-5)","background-image":"","background-repeat":"repeat","background-position":"center center","background-size":"auto","background-attachment":"scroll","background-type":"","background-media":"","overlay-type":"","overlay-color":"","overlay-opacity":"","overlay-gradient":""},"mobile":{"background-color":"var(--ast-global-color-5)","background-image":"","background-repeat":"repeat","background-position":"center center","background-size":"auto","background-attachment":"scroll","background-type":"","background-media":"","overlay-type":"","overlay-color":"","overlay-opacity":"","overlay-gradient":""}},"_themeisle_gutenberg_block_has_review":false},"pwb-brand":[595],"product_brand":[],"product_cat":[582],"product_tag":[],"class_list":{"0":"post-4482","1":"product","2":"type-product","3":"status-publish","4":"has-post-thumbnail","6":"pwb-brand-solventum","7":"product_cat-adhesivos-rehabilitacion","8":"desktop-align-left","9":"tablet-align-left","10":"mobile-align-left","12":"first","13":"instock","14":"sale","15":"taxable","16":"shipping-taxable","17":"purchasable","18":"product-type-simple"},"aioseo_notices":[],"jetpack_sharing_enabled":true,"brands":[{"id":595,"name":"Solventum","slug":"solventum"}],"_links":{"self":[{"href":"https:\/\/importmas.com\/en\/wp-json\/wp\/v2\/product\/4482","targetHints":{"allow":["GET"]}}],"collection":[{"href":"https:\/\/importmas.com\/en\/wp-json\/wp\/v2\/product"}],"about":[{"href":"https:\/\/importmas.com\/en\/wp-json\/wp\/v2\/types\/product"}],"replies":[{"embeddable":true,"href":"https:\/\/importmas.com\/en\/wp-json\/wp\/v2\/comments?post=4482"}],"version-history":[{"count":0,"href":"https:\/\/importmas.com\/en\/wp-json\/wp\/v2\/product\/4482\/revisions"}],"wp:featuredmedia":[{"embeddable":true,"href":"https:\/\/importmas.com\/en\/wp-json\/wp\/v2\/media\/4481"}],"wp:attachment":[{"href":"https:\/\/importmas.com\/en\/wp-json\/wp\/v2\/media?parent=4482"}],"wp:term":[{"taxonomy":"pwb-brand","embeddable":true,"href":"https:\/\/importmas.com\/en\/wp-json\/wp\/v2\/pwb-brand?post=4482"},{"taxonomy":"product_brand","embeddable":true,"href":"https:\/\/importmas.com\/en\/wp-json\/wp\/v2\/product_brand?post=4482"},{"taxonomy":"product_cat","embeddable":true,"href":"https:\/\/importmas.com\/en\/wp-json\/wp\/v2\/product_cat?post=4482"},{"taxonomy":"product_tag","embeddable":true,"href":"https:\/\/importmas.com\/en\/wp-json\/wp\/v2\/product_tag?post=4482"}],"curies":[{"name":"wp","href":"https:\/\/api.w.org\/{rel}","templated":true}]}}