{"id":4480,"date":"2025-10-28T10:13:54","date_gmt":"2025-10-28T15:13:54","guid":{"rendered":"https:\/\/importmas.com\/product\/adhesivo-single-bond-universal-x-5ml\/"},"modified":"2025-10-28T10:13:54","modified_gmt":"2025-10-28T15:13:54","slug":"adhesivo-single-bond-universal-x-5ml","status":"publish","type":"product","link":"https:\/\/importmas.com\/en\/product\/adhesivo-single-bond-universal-x-5ml\/","title":{"rendered":"Adhesivo Single Bond Universal X 5Ml"},"content":{"rendered":"<p><strong>3m cuidado de la salud ahora es solventum<\/strong><\/p>\n<div class=\"sps2-pdp_details--white_container undefined\">\n<div>\n<h5 class=\"mds-margin_large--bottom mds-font_header--5\">Destacados<\/h5>\n<ul class=\"sps2-pdp_details--highlights_list\">\n<li class=\"sps2-pdp_details--highlights_item mds-font_paragraph\">Aplicaci\u00f3n en un solo paso y una sola capa, sin comprometer la resistencia<\/li>\n<li class=\"sps2-pdp_details--highlights_item mds-font_paragraph\">Compatible con todas las t\u00e9cnicas de grabado<\/li>\n<li class=\"sps2-pdp_details--highlights_item mds-font_paragraph\">Compatible con todos los cementos de resina<\/li>\n<li class=\"sps2-pdp_details--highlights_item mds-font_paragraph\">Compatible con activador de doble curado 3M\u2122 Single Bond Universal DCA<\/li>\n<li class=\"sps2-pdp_details--highlights_item mds-font_paragraph\">Se adhiere con confianza tanto a la dentina h\u00fameda como a la seca<\/li>\n<li class=\"sps2-pdp_details--highlights_item mds-font_paragraph\">Ofrece una fuerte adhesi\u00f3n a todas las superficies indirectas sin necesidad de un imprimador adicional<\/li>\n<li class=\"sps2-pdp_details--highlights_item mds-font_paragraph\">Pr\u00e1cticamente no produce sensibilidad postoperatoria* *Datos internos de 3M<\/li>\n<li class=\"sps2-pdp_details--highlights_item mds-font_paragraph\">Disponible en un frasco con tapa abatible para una operaci\u00f3n con una sola mano o en dosis unitarias<\/li>\n<\/ul>\n<\/div>\n<\/div>\n<div class=\"sps2-pdp_details--white_container\">\n<div class=\"sps2-pdp_details--upper_details\">\n<p class=\"mds-font_paragraph MMM--gapBottom\">3M\u2122 Single Bond Universal Adhesive es una soluci\u00f3n en un solo frasco que ofrece una aplicaci\u00f3n sencilla con un solo paso y una sola capa, sin comprometer la resistencia. Como el adhesivo dental universal m\u00e1s cl\u00ednicamente probado y revisado por expertos, se puede utilizar con confianza para todas las t\u00e9cnicas de grabado en restauraciones dentales directas e indirectas, y en todas las superficies dentales sin necesidad de un imprimador adicional.<\/p>\n<div class=\"mds-font_paragraph\">\n<div class=\"MMM--contentWrapper MMM--contentWrapper_hero rH-52-Hero MMM--clear MMM--gapBottomMed dpl-0902202162509313\">\n<div class=\"MMM--heroCarouselContainer js-heroContainer\">\n<div class=\"MMM--carouselList\">\n<div class=\"MMM--carouselListItem_heroOnly\">\n<div class=\"js-heroCTA\" data-options=\"{&quot;leftD&quot;:&quot;10%&quot;,&quot;leftT&quot;:&quot;10%&quot;,&quot;topD&quot;:&quot;50%&quot;,&quot;topT&quot;:&quot;40%&quot;,&quot;maxWD&quot;:&quot;40%&quot;,&quot;maxWT&quot;:&quot;50%&quot;}\">\n<div class=\"MMM--carouselListItem_hero-inner\">\n<div class=\"MMM--heroStaticFigure\"><picture><source class=\"MMM--img MMM--img_carousel_hero\" srcset=\"https:\/\/multimedia.3m.com\/mws\/media\/2359841E\/banner-of-male-dental-patient-smiling-and-clinician-holding-bottle-of-single-bond-universal.jpg\" media=\"(min-width: 960px)\" \/><source class=\"MMM--img MMM--img_carousel_hero\" srcset=\"https:\/\/multimedia.3m.com\/mws\/media\/2359841E\/banner-of-male-dental-patient-smiling-and-clinician-holding-bottle-of-single-bond-universal.jpg\" media=\"(min-width: 768px)\" \/><source class=\"MMM--img MMM--img_carousel_hero\" srcset=\"https:\/\/multimedia.3m.com\/mws\/media\/2359841E\/banner-of-male-dental-patient-smiling-and-clinician-holding-bottle-of-single-bond-universal.jpg\" media=\"(min-width: 1px)\" \/><img class=\"MMM--img MMM--img_carousel_hero\" srcset=\"\/3m_theme_assets\/themes\/3MTheme\/assets\/images\/compressed\/1px.gif\" alt=\"Banner de paciente dental masculino sonriendo y cl\u00ednico sosteniendo un frasco de Single Bond Universal\" data-alt=\"Banner de paciente dental masculino sonriendo y cl\u00ednico sosteniendo un frasco de Single Bond Universal\" \/><\/picture><\/div>\n<div class=\"MMM--heroContentWrapper MMM--mixin_sh_1\">\n<div class=\"MMM--heroCarouselButtonPositioner\">\n<div class=\"MMM--heroCarouselButtonPositioner-bd\">\n<div class=\"MMM--heroCarouselButtonContainer\">\n<div class=\"MMM--wysiwyg MMM--flx_hdg_3 MMM--txt_black\">\n<p dir=\"ltr\">3M\u2122 Single Bond Universal Adhesive<\/p>\n<\/div>\n<div class=\"MMM--heroCarouselTitle MMM--flx_hdg_1 MMM--txt_black\">Versatilidad total. Rendimiento sin concesiones.<\/div>\n<\/div>\n<\/div>\n<\/div>\n<\/div>\n<\/div>\n<\/div>\n<\/div>\n<\/div>\n<\/div>\n<\/div>\n<p class=\"mds-margin_medium--bottom\">3M\u2122 Single Bond Universal Adhesive se adhiere a todas las superficies dentales, incluyendo esmalte, dentina, cer\u00e1mica de vidrio, circonia, aleaciones nobles y no preciosas, y composites sin necesidad de un imprimador. En combinaci\u00f3n con el activador de doble curado 3M\u2122 Single Bond Universal DCA, el adhesivo Single Bond Universal es compatible con todos los cementos de resina, materiales de construcci\u00f3n de n\u00facleo e incluso composites de autopolimerizaci\u00f3n. Su qu\u00edmica \u00fanica optimiza las proporciones del copol\u00edmero 3M\u2122 Vitrebond\u2122, HEMA y agua. Esto resulta en una reducci\u00f3n de la sensibilidad de la t\u00e9cnica de restauraci\u00f3n dental, una adhesi\u00f3n dental consistente y pr\u00e1cticamente ninguna sensibilidad postoperatoria en aplicaciones de auto-grabado, grabado selectivo y grabado total.<\/p>\n<div class=\"rG-02-Columns rG-57-Columns MMM--clear MMM--contentWrapper MMM--contentWrapper_padded MMM--acc-wrapper-1 MMM--gapBottomMed dpl-175220221452337229\" data-socialopenclose=\"\">\n<div class=\"MMM--pageSectionTitle MMM--wysiwyg\">\n<h2><\/h2>\n<h2><\/h2>\n<\/div>\n<div class=\"MMM--columnContainer\">\n<ul class=\"MMM--columnList MMM--columnList_cc4 js-eqColumnsImage\">\n<li class=\"\">\n<div class=\"MMM--columnPanel\">\n<div class=\"MMM--media MMM--media_stacked\">\n<div class=\"MMM--media-element\">\n<div class=\"MMM--img mix-MMM--img_maxFancy\"><img decoding=\"async\" class=\"img img_stretch mix-MMM--img_fancy\" src=\"https:\/\/multimedia.3m.com\/mws\/media\/2359832E\/icon-of-a-clipboard-with-a-checkmark.jpg\" alt=\"Icono de un portapapeles con una marca de verificaci\u00f3n\" \/><\/div>\n<\/div>\n<div class=\"MMM--media-bd\">\n<div class=\"MMM--hdg MMM--hdg_4 mix-MMM--hdg_spaced\">Versatilidad total.<\/div>\n<div class=\"MMM--bodyCopy MMM--wysiwyg\">\n<p dir=\"ltr\">Compatible con todas las superficies dentales, aplicaciones directas e indirectas y todas las t\u00e9cnicas de grabado.<\/p>\n<\/div>\n<\/div>\n<\/div>\n<\/div>\n<\/li>\n<li class=\"\">\n<div class=\"MMM--columnPanel\">\n<div class=\"MMM--media MMM--media_stacked\">\n<div class=\"MMM--media-element\">\n<div class=\"MMM--img mix-MMM--img_maxFancy\"><img decoding=\"async\" class=\"img img_stretch mix-MMM--img_fancy\" src=\"https:\/\/multimedia.3m.com\/mws\/media\/2359836E\/icon-of-a-dumbbell-weight.jpg\" alt=\"Icono de una pesa de mancuerna\" \/><\/div>\n<\/div>\n<div class=\"MMM--media-bd\">\n<div class=\"MMM--hdg MMM--hdg_4 mix-MMM--hdg_spaced\">Resistencia de adhesi\u00f3n con confianza.<\/div>\n<div class=\"MMM--bodyCopy MMM--wysiwyg\">\n<p dir=\"ltr\">El adhesivo proporciona una excelente resistencia de adhesi\u00f3n en superficies tanto h\u00famedas como secas.<\/p>\n<\/div>\n<\/div>\n<\/div>\n<\/div>\n<\/li>\n<li class=\"\">\n<div class=\"MMM--columnPanel\">\n<div class=\"MMM--media MMM--media_stacked\">\n<div class=\"MMM--media-element\">\n<div class=\"MMM--img mix-MMM--img_maxFancy\"><img decoding=\"async\" class=\"img img_stretch mix-MMM--img_fancy\" src=\"https:\/\/multimedia.3m.com\/mws\/media\/2359860E\/icon-of-a-flip-top-vial-dispenser.jpg\" alt=\"Icono de un dispensador de frasco con tapa abatible\" \/><\/div>\n<\/div>\n<div class=\"MMM--media-bd\">\n<div class=\"MMM--hdg MMM--hdg_4 mix-MMM--hdg_spaced\">Entrega conveniente e higi\u00e9nica.<\/div>\n<div class=\"MMM--bodyCopy MMM--wysiwyg\">\n<p dir=\"ltr\">Disponible en frasco con tapa abatible para una operaci\u00f3n con una sola mano y en dosis unitarias.<\/p>\n<\/div>\n<\/div>\n<\/div>\n<\/div>\n<\/li>\n<li class=\"\">\n<div class=\"MMM--columnPanel\">\n<div class=\"MMM--media MMM--media_stacked\">\n<div class=\"MMM--media-element\">\n<div class=\"MMM--img mix-MMM--img_maxFancy\"><img decoding=\"async\" class=\"img img_stretch mix-MMM--img_fancy\" src=\"https:\/\/multimedia.3m.com\/mws\/media\/2359859E\/icon-of-an-electric-bolt-crossed-out.jpg\" alt=\"Icono de un rayo el\u00e9ctrico tachado\" \/><\/div>\n<\/div>\n<div class=\"MMM--media-bd\">\n<div class=\"MMM--hdg MMM--hdg_4 mix-MMM--hdg_spaced\">Pr\u00e1cticamente no produce sensibilidad postoperatoria.*<\/div>\n<div class=\"MMM--bodyCopy MMM--wysiwyg\">\n<p dir=\"ltr\">Una evaluaci\u00f3n de procedimientos realizada por 120 dentistas que utilizaron diferentes t\u00e9cnicas encontr\u00f3 tasas de sensibilidad del 0,4% para el grabado total, 0,0% para el grabado selectivo y 0,06% para el auto-grabado.* *Datos internos de 3M<\/p>\n<\/div>\n<\/div>\n<\/div>\n<\/div>\n<\/li>\n<\/ul>\n<\/div>\n<\/div>\n<div class=\"rG-01-Stackable rG-54-Stackable MMM--contentWrapper MMM--contentWrapper_padded MMM--clear MMM--gapBottomMed dpl-30372022437357150\" data-socialopenclose=\"\">\n<div class=\"MMM--pageSectionTitle MMM--wysiwyg\">\n<h2><\/h2>\n<\/div>\n<ul class=\"MMM--vList MMM--vList_stackable\">\n<li class=\"\">\n<div class=\"MMM--media MMM--media_stackable\">\n<div class=\"MMM--media-element\">\n<div class=\"mix-MMM--img_shadow\"><img decoding=\"async\" class=\"MMM--img mix-MMM--img_stack mix-MMM--img_fancy\" src=\"https:\/\/multimedia.3m.com\/mws\/media\/2359848E\/close-up-photo-of-teeth.jpg\" alt=\"Foto en primer plano de dientes\" \/><\/div>\n<\/div>\n<div class=\"MMM--media-bd MMM--media-bd_wrap\">\n<h3 class=\"MMM--hdg MMM--hdg_4 mix-MMM--hdg_spaced\">Respalde su decisi\u00f3n de adhesivo con 5 a\u00f1os de\u00a0<a href=\"https:\/\/multimedia.3m.com\/mws\/media\/1602472O\/3m-single-bond-universal-adhesive-clinical-evaluations-with-photos.pdf\" target=\"_blank\" rel=\"noopener\">pruebas cl\u00ednicas<\/a>.<\/h3>\n<div class=\"MMM--wysiwyg\">\n<p dir=\"ltr\">No hay nada como la prueba cl\u00ednica para brindarle confianza al elegir productos dentales. Esta evaluaci\u00f3n cl\u00ednica documenta el rendimiento de 3M\u2122 Single Bond Universal Adhesive durante un per\u00edodo de 5 a\u00f1os. El estudio evalu\u00f3 varias variables importantes al elegir un adhesivo dental. Los resultados muestran que Single Bond Universal Adhesive es un adhesivo dental verdaderamente vers\u00e1til con un excelente desempe\u00f1o cl\u00ednico independientemente de la t\u00e9cnica, lo que permite a los dentistas simplificar su flujo de trabajo de restauraci\u00f3n dental sin compromisos.<\/p>\n<\/div>\n<\/div>\n<\/div>\n<\/li>\n<\/ul>\n<\/div>\n<\/div>\n<\/div>\n<\/div>\n<div class=\"sps2-pdp_details--white_container sps2-pdp_details--suggestedApps\">\n<div class=\"sps2-pdp_details--section\">\n<h5 class=\"mds-margin_large--bottom mds-font_header--5\">Aplicaciones sugeridas<\/h5>\n<ul class=\"sps2-pdp_details--highlights_list\">\n<li class=\"sps2-pdp_details--highlights_item mds-font_paragraph\">Todas las clases de obturaciones con materiales de obturaci\u00f3n de resina o comp\u00f3mero fotocurable<\/li>\n<li class=\"sps2-pdp_details--highlights_item mds-font_paragraph\">Sellado de cavidades y preparaci\u00f3n de mu\u00f1ones dentales antes de la cementaci\u00f3n temporal de restauraciones indirectas<\/li>\n<li class=\"sps2-pdp_details--highlights_item mds-font_paragraph\">Adhesi\u00f3n de selladores de fisuras<\/li>\n<li class=\"sps2-pdp_details--highlights_item mds-font_paragraph\">Verniz protector para obturaciones de ion\u00f3mero de vidrio<\/li>\n<li class=\"sps2-pdp_details--highlights_item mds-font_paragraph\">Cementaci\u00f3n de restauraciones indirectas en combinaci\u00f3n con RelyX Ultimate Adhesive Resin Cement<\/li>\n<li class=\"sps2-pdp_details--highlights_item mds-font_paragraph\">Cementaci\u00f3n de carillas en combinaci\u00f3n con RelyX Veneer Cement<\/li>\n<li class=\"sps2-pdp_details--highlights_item mds-font_paragraph\">Adhesi\u00f3n de re construcciones de n\u00facleos hechas con resina compuesta fotocurable o materiales de reconstrucci\u00f3n de n\u00facleo<\/li>\n<li class=\"sps2-pdp_details--highlights_item mds-font_paragraph\">Adhesi\u00f3n de cementos de doble curado y materiales de construcci\u00f3n de n\u00facleo y composites de autopolimerizaci\u00f3n en combinaci\u00f3n con Single Bond Universal DCA<\/li>\n<li class=\"sps2-pdp_details--highlights_item mds-font_paragraph\">Reparaci\u00f3n de obturaciones de resina compuesta o comp\u00f3mero<\/li>\n<li class=\"sps2-pdp_details--highlights_item mds-font_paragraph\">Reparaci\u00f3n intraoral de restauraciones de composite, porcelana fusionada al metal y restauraciones totalmente cer\u00e1micas sin imprimador adicional<\/li>\n<li class=\"sps2-pdp_details--highlights_item mds-font_paragraph\">Desensibilizaci\u00f3n de la superficie radicular<\/li>\n<li class=\"sps2-pdp_details--highlights_item mds-font_paragraph\">Sellado de cavidades antes de la cementaci\u00f3n de restauraciones de amalgama<\/li>\n<\/ul>\n<\/div>\n<\/div>","protected":false},"excerpt":{"rendered":"<p>3m cuidado de la salud ahora es solventum Destacados Aplicaci\u00f3n en un solo paso y una sola capa, sin comprometer la resistencia Compatible con todas las t\u00e9cnicas de grabado Compatible con todos los cementos de resina Compatible con activador de doble curado 3M\u2122 Single Bond Universal DCA Se adhiere con confianza tanto a la dentina [&hellip;]<\/p>\n","protected":false},"featured_media":4479,"comment_status":"open","ping_status":"closed","template":"","meta":{"om_disable_all_campaigns":false,"_monsterinsights_skip_tracking":false,"_monsterinsights_sitenote_active":false,"_monsterinsights_sitenote_note":"","_monsterinsights_sitenote_category":0,"_uf_show_specific_survey":0,"_uf_disable_surveys":false,"site-sidebar-layout":"default","site-content-layout":"","ast-site-content-layout":"default","site-content-style":"default","site-sidebar-style":"default","ast-global-header-display":"","ast-banner-title-visibility":"","ast-main-header-display":"","ast-hfb-above-header-display":"","ast-hfb-below-header-display":"","ast-hfb-mobile-header-display":"","site-post-title":"","ast-breadcrumbs-content":"","ast-featured-img":"","footer-sml-layout":"","ast-disable-related-posts":"","theme-transparent-header-meta":"","adv-header-id-meta":"","stick-header-meta":"","header-above-stick-meta":"","header-main-stick-meta":"","header-below-stick-meta":"","astra-migrate-meta-layouts":"default","ast-page-background-enabled":"default","ast-page-background-meta":{"desktop":{"background-color":"","background-image":"","background-repeat":"repeat","background-position":"center center","background-size":"auto","background-attachment":"scroll","background-type":"","background-media":"","overlay-type":"","overlay-color":"","overlay-opacity":"","overlay-gradient":""},"tablet":{"background-color":"","background-image":"","background-repeat":"repeat","background-position":"center center","background-size":"auto","background-attachment":"scroll","background-type":"","background-media":"","overlay-type":"","overlay-color":"","overlay-opacity":"","overlay-gradient":""},"mobile":{"background-color":"","background-image":"","background-repeat":"repeat","background-position":"center center","background-size":"auto","background-attachment":"scroll","background-type":"","background-media":"","overlay-type":"","overlay-color":"","overlay-opacity":"","overlay-gradient":""}},"ast-content-background-meta":{"desktop":{"background-color":"var(--ast-global-color-5)","background-image":"","background-repeat":"repeat","background-position":"center center","background-size":"auto","background-attachment":"scroll","background-type":"","background-media":"","overlay-type":"","overlay-color":"","overlay-opacity":"","overlay-gradient":""},"tablet":{"background-color":"var(--ast-global-color-5)","background-image":"","background-repeat":"repeat","background-position":"center center","background-size":"auto","background-attachment":"scroll","background-type":"","background-media":"","overlay-type":"","overlay-color":"","overlay-opacity":"","overlay-gradient":""},"mobile":{"background-color":"var(--ast-global-color-5)","background-image":"","background-repeat":"repeat","background-position":"center center","background-size":"auto","background-attachment":"scroll","background-type":"","background-media":"","overlay-type":"","overlay-color":"","overlay-opacity":"","overlay-gradient":""}},"_themeisle_gutenberg_block_has_review":false},"pwb-brand":[595],"product_brand":[],"product_cat":[582],"product_tag":[],"class_list":{"0":"post-4480","1":"product","2":"type-product","3":"status-publish","4":"has-post-thumbnail","6":"pwb-brand-solventum","7":"product_cat-adhesivos-rehabilitacion","8":"desktop-align-left","9":"tablet-align-left","10":"mobile-align-left","12":"first","13":"instock","14":"sale","15":"taxable","16":"shipping-taxable","17":"purchasable","18":"product-type-simple"},"aioseo_notices":[],"jetpack_sharing_enabled":true,"brands":[{"id":595,"name":"Solventum","slug":"solventum"}],"_links":{"self":[{"href":"https:\/\/importmas.com\/en\/wp-json\/wp\/v2\/product\/4480","targetHints":{"allow":["GET"]}}],"collection":[{"href":"https:\/\/importmas.com\/en\/wp-json\/wp\/v2\/product"}],"about":[{"href":"https:\/\/importmas.com\/en\/wp-json\/wp\/v2\/types\/product"}],"replies":[{"embeddable":true,"href":"https:\/\/importmas.com\/en\/wp-json\/wp\/v2\/comments?post=4480"}],"version-history":[{"count":0,"href":"https:\/\/importmas.com\/en\/wp-json\/wp\/v2\/product\/4480\/revisions"}],"wp:featuredmedia":[{"embeddable":true,"href":"https:\/\/importmas.com\/en\/wp-json\/wp\/v2\/media\/4479"}],"wp:attachment":[{"href":"https:\/\/importmas.com\/en\/wp-json\/wp\/v2\/media?parent=4480"}],"wp:term":[{"taxonomy":"pwb-brand","embeddable":true,"href":"https:\/\/importmas.com\/en\/wp-json\/wp\/v2\/pwb-brand?post=4480"},{"taxonomy":"product_brand","embeddable":true,"href":"https:\/\/importmas.com\/en\/wp-json\/wp\/v2\/product_brand?post=4480"},{"taxonomy":"product_cat","embeddable":true,"href":"https:\/\/importmas.com\/en\/wp-json\/wp\/v2\/product_cat?post=4480"},{"taxonomy":"product_tag","embeddable":true,"href":"https:\/\/importmas.com\/en\/wp-json\/wp\/v2\/product_tag?post=4480"}],"curies":[{"name":"wp","href":"https:\/\/api.w.org\/{rel}","templated":true}]}}