{"id":4478,"date":"2025-10-28T10:13:53","date_gmt":"2025-10-28T15:13:53","guid":{"rendered":"https:\/\/importmas.com\/product\/adhesivo-scotchbond-universal-plus-3ml\/"},"modified":"2025-10-28T10:13:53","modified_gmt":"2025-10-28T15:13:53","slug":"adhesivo-scotchbond-universal-plus-3ml","status":"publish","type":"product","link":"https:\/\/importmas.com\/en\/product\/adhesivo-scotchbond-universal-plus-3ml\/","title":{"rendered":"Adhesivo Scotchbond Universal Plus 3Ml"},"content":{"rendered":"<p><strong>3m cuidado de la salud ahora es solventum<\/strong><\/p>\n<p>Primer adhesivo universal radiopaco, ideal para simplificar los procedimientos de odontolog\u00eda m\u00ednimamente invasiva al adherir y sellar la dentina afectada por caries. Destaca por su avanzada resistencia de uni\u00f3n a diferentes sustratos dentales y restauradores, incluyendo cer\u00e1mica v\u00edtrea.<\/p>\n<p>Este producto ofrece una compatibilidad dual optimizada, eliminando la necesidad de un frasco adicional de activador de polimerizaci\u00f3n dual. Adem\u00e1s, no requiere el uso separado de un primer, silano o activador, lo que simplifica el proceso de aplicaci\u00f3n.<\/p>\n<p>Su f\u00f3rmula est\u00e1 libre de derivados de BPA, como BisGMA, y pr\u00e1cticamente no causa sensibilidad postoperatoria, brindando as\u00ed una experiencia m\u00e1s confortable para el paciente.<\/p>\n<p>&nbsp;<\/p>\n<div class=\"MMM--contentWrapper MMM--contentWrapper_hero rH-52-Hero MMM--clear MMM--gapBottomMed dpl-0902202162509313\">\n<div class=\"MMM--heroCarouselContainer js-heroContainer\">\n<div class=\"MMM--carouselList\">\n<div class=\"MMM--carouselListItem_heroOnly\">\n<div class=\"js-heroCTA\" data-options=\"{&quot;leftD&quot;:&quot;10%&quot;,&quot;leftT&quot;:&quot;10%&quot;,&quot;topD&quot;:&quot;50%&quot;,&quot;topT&quot;:&quot;40%&quot;,&quot;maxWD&quot;:&quot;40%&quot;,&quot;maxWT&quot;:&quot;50%&quot;}\">\n<div class=\"MMM--carouselListItem_hero-inner\">\n<div class=\"MMM--heroStaticFigure\"><picture><source class=\"MMM--img MMM--img_carousel_hero\" srcset=\"https:\/\/multimedia.3m.com\/mws\/media\/2359837E\/photo-of-gloved-hand-using-the-flip-top-vial-dispenser-to-dispense-a-drop-of-adhesive-with-a-plus-si.jpg\" media=\"(min-width: 960px)\" \/><source class=\"MMM--img MMM--img_carousel_hero\" srcset=\"https:\/\/multimedia.3m.com\/mws\/media\/2359837E\/photo-of-gloved-hand-using-the-flip-top-vial-dispenser-to-dispense-a-drop-of-adhesive-with-a-plus-si.jpg\" media=\"(min-width: 768px)\" \/><source class=\"MMM--img MMM--img_carousel_hero\" srcset=\"https:\/\/multimedia.3m.com\/mws\/media\/2359837E\/photo-of-gloved-hand-using-the-flip-top-vial-dispenser-to-dispense-a-drop-of-adhesive-with-a-plus-si.jpg\" media=\"(min-width: 1px)\" \/><img class=\"MMM--img MMM--img_carousel_hero\" srcset=\"\/3m_theme_assets\/themes\/3MTheme\/assets\/images\/compressed\/1px.gif\" alt=\"Foto de una mano enguantada usando el dispensador de frasco con tapa abatible para dispensar una gota de adhesivo con un signo de suma en un c\u00edrculo superpuesto sobre la gota y un perfil lateral transl\u00facido del dispensador\" data-alt=\"Foto de una mano enguantada usando el dispensador de frasco con tapa abatible para dispensar una gota de adhesivo con un signo de suma en un c\u00edrculo superpuesto sobre la gota y un perfil lateral transl\u00facido del dispensador\" \/> <\/picture><\/div>\n<div class=\"MMM--heroContentWrapper MMM--mixin_sh_1\">\n<div class=\"MMM--heroCarouselButtonPositioner\">\n<div class=\"MMM--heroCarouselButtonPositioner-bd\">\n<div class=\"MMM--heroCarouselButtonContainer\" style=\"left: 10%; top: 30%; max-width: 52%;\">\n<div class=\"MMM--wysiwyg MMM--flx_hdg_3 MMM--txt_white\">\n<p dir=\"ltr\">3M\u2122 Scotchbond\u2122 Universal Plus Adhesive<\/p>\n<\/div>\n<div class=\"MMM--heroCarouselTitle MMM--flx_hdg_1 MMM--txt_white\">\u00a1El original, ahora mejor que nunca!<\/div>\n<\/div>\n<\/div>\n<\/div>\n<\/div>\n<\/div>\n<\/div>\n<\/div>\n<\/div>\n<\/div>\n<\/div>\n<p><script type=\"text\/javascript\"> loadPageModule('kungfu\/Hero\/HeroCTA'); <\/script> <script type=\"text\/javascript\"> loadPageModule('kungfu\/dropHTML_Lightbox\/lightboxTrigger'); <\/script><\/p>\n<p class=\"mds-margin_medium--bottom\">3M\u2122 Scotchbond\u2122 Universal Plus Adhesive es adecuado para todos los procedimientos de adhesi\u00f3n directa e indirecta y todas las t\u00e9cnicas de grabado. Adem\u00e1s, ofrece compatibilidad total de curado dual y autoadhesivo sin necesidad de un activador de curado dual por separado. Este adhesivo dental galardonado proporciona una adhesi\u00f3n de est\u00e1ndar oro a todos los sustratos dentales y restauradores, e incluso se adhiere y sella la dentina afectada por caries.<\/p>\n<div class=\"rG-02-Columns rG-57-Columns MMM--clear MMM--contentWrapper MMM--contentWrapper_padded MMM--acc-wrapper-1 MMM--gapBottomMed dpl-175220221452337229\" data-socialopenclose=\"\">\n<div class=\"MMM--pageSectionTitle MMM--wysiwyg\">\n<h2><\/h2>\n<\/div>\n<div class=\"MMM--columnContainer\">\n<ul class=\"MMM--columnList MMM--columnList_cc4 js-eqColumnsImage\">\n<li class=\"\">\n<div class=\"MMM--columnPanel\">\n<div class=\"MMM--media MMM--media_stacked\">\n<div class=\"MMM--media-element\">\n<div class=\"MMM--img mix-MMM--img_maxFancy\"><img decoding=\"async\" class=\"img img_stretch mix-MMM--img_fancy\" style=\"max-width: 333px; max-height: 166px;\" src=\"https:\/\/multimedia.3m.com\/mws\/media\/2359864E\/icon-of-a-tooth-under-an-x-ray.jpg\" alt=\"\u00cdcono de un diente bajo una radiograf\u00eda\" \/><\/div>\n<\/div>\n<div class=\"MMM--media-bd\">\n<div class=\"MMM--hdg MMM--hdg_4 mix-MMM--hdg_spaced\">Radiopacidad a\u00f1adida.<\/div>\n<div class=\"MMM--bodyCopy MMM--wysiwyg\">\n<p dir=\"ltr\">La radiolucidez debajo de una restauraci\u00f3n existente puede llevar a un diagn\u00f3stico err\u00f3neo y a un sobretratamiento invasivo. Scotchbond Universal Plus Adhesive es el primer adhesivo universal con radiopacidad similar a la dentina, lo que ayuda a superar este problema.<\/p>\n<\/div>\n<\/div>\n<\/div>\n<\/div>\n<\/li>\n<li class=\"\">\n<div class=\"MMM--columnPanel\">\n<div class=\"MMM--media MMM--media_stacked\">\n<div class=\"MMM--media-element\">\n<div class=\"MMM--img mix-MMM--img_maxFancy\"><img decoding=\"async\" class=\"img img_stretch mix-MMM--img_fancy\" style=\"max-width: 333px; max-height: 166px;\" src=\"https:\/\/multimedia.3m.com\/mws\/media\/2359834E\/icon-of-a-tooth-with-dentin-layer-shown.jpg\" alt=\"\u00cdcono de un diente con capa de dentina visible\" \/><\/div>\n<\/div>\n<div class=\"MMM--media-bd\">\n<div class=\"MMM--hdg MMM--hdg_4 mix-MMM--hdg_spaced\">Adhiere y sella la dentina afectada por caries.<\/div>\n<div class=\"MMM--bodyCopy MMM--wysiwyg\">\n<p dir=\"ltr\">Scotchbond Universal Plus Adhesive le brinda confianza al realizar preparaciones m\u00ednimamente invasivas, ya que tiene la misma alta resistencia de adhesi\u00f3n a la dentina afectada por caries que a la dentina sana.<\/p>\n<p class=\"mds-margin_medium--bottom\">Adem\u00e1s de la excelente calidad de los m\u00e1rgenes de restauraci\u00f3n, sella la dentina afectada por caries al formar una capa h\u00edbrida bien definida y sin defectos.<\/p>\n<\/div>\n<\/div>\n<\/div>\n<\/div>\n<\/li>\n<li class=\"\">\n<div class=\"MMM--columnPanel\">\n<div class=\"MMM--media MMM--media_stacked\">\n<div class=\"MMM--media-element\">\n<div class=\"MMM--img mix-MMM--img_maxFancy\"><img decoding=\"async\" class=\"img img_stretch mix-MMM--img_fancy\" style=\"max-width: 333px; max-height: 166px;\" src=\"https:\/\/multimedia.3m.com\/mws\/media\/2359863E\/icon-of-a-flip-top-vial-dispenser-with-number-one-on-the-side.jpg\" alt=\"\u00cdcono de un dispensador de frasco con tapa abatible con el n\u00famero uno en el costado\" \/><\/div>\n<\/div>\n<div class=\"MMM--media-bd\">\n<div class=\"MMM--hdg MMM--hdg_4 mix-MMM--hdg_spaced\">Sistema de un solo frasco.<\/div>\n<div class=\"MMM--bodyCopy MMM--wysiwyg\">\n<p dir=\"ltr\">Disponible en dosis unitaria o en frasco, Scotchbond Universal Plus Adhesive es un verdadero sistema de un solo frasco, sin necesidad de un imprimador o silano por separado. Adem\u00e1s, ofrece compatibilidad total de curado dual y autoadhesivo sin necesidad de un activador de curado dual por separado.<\/p>\n<\/div>\n<\/div>\n<\/div>\n<\/div>\n<\/li>\n<li class=\"\">\n<div class=\"MMM--columnPanel\">\n<div class=\"MMM--media MMM--media_stacked\">\n<div class=\"MMM--media-element\">\n<div class=\"MMM--img mix-MMM--img_maxFancy\"><img decoding=\"async\" class=\"img img_stretch mix-MMM--img_fancy\" style=\"max-width: 333px; max-height: 166px;\" src=\"https:\/\/multimedia.3m.com\/mws\/media\/2359857E\/icon-of-an-electric-bolt-crossed-out.jpg\" alt=\"\u00cdcono de un rayo el\u00e9ctrico tachado\" \/><\/div>\n<\/div>\n<div class=\"MMM--media-bd\">\n<div class=\"MMM--hdg MMM--hdg_4 mix-MMM--hdg_spaced\">Pr\u00e1cticamente no produce sensibilidad postoperatoria.*<\/div>\n<div class=\"MMM--bodyCopy MMM--wysiwyg\">\n<p dir=\"ltr\">El 99% de los dentistas informaron que Scotchbond Universal Plus Adhesive pr\u00e1cticamente no produce sensibilidad postoperatoria,* al igual que su predecesor.<\/p>\n<p class=\"mds-margin_medium--bottom\"><em class=\"MMM--txt_italic\">*Evaluaci\u00f3n de campo con 309 dentistas y m\u00e1s de 20,000 aplicaciones.<\/em><\/p>\n<\/div>\n<\/div>\n<\/div>\n<\/div>\n<\/li>\n<\/ul>\n<p><script> loadPageModule('kungfu\/equalColumns\/equalColumnsImage'); <\/script><\/p>\n<\/div>\n<\/div>\n<p>&nbsp;<\/p>\n<p class=\"mds-margin_medium--bottom\">Scotchbond Universal Plus Adhesive est\u00e1 disponible en un nuevo frasco simplificado con superficies lisas y en dosis unitaria para una gesti\u00f3n higi\u00e9nica eficiente. El adhesivo dental forma parte de un sistema de dos componentes completamente alineado con 3M\u2122 RelyX\u2122 Universal Resin Cement. Libre de derivados de BPA como BisGMA, permite una terapia de restauraci\u00f3n dental completamente basada en formulaciones libres de derivados de BPA cuando se combina con 3M\u2122 Filtek\u2122 One Bulk Fill Restorative, 3M\u2122 Filtek\u2122 Universal Restorative o 3M\u2122 RelyX\u2122 Universal Resin Cement.<\/p>\n<div class=\"rG-02-Columns rG-57-Columns MMM--clear MMM--contentWrapper MMM--contentWrapper_padded MMM--acc-wrapper-1 MMM--gapBottomMed dpl-175220221452337229\" data-socialopenclose=\"\">\n<div class=\"MMM--pageSectionTitle MMM--wysiwyg\">\n<h2>Vea <a href=\"https:\/\/multimedia.3m.com\/mws\/media\/1870651O\/3m-relyx-universal-resin-cement-and-3m-scotchbond-universal-plus-adhesive-cc-collection-ipdf.pdf\">casos cl\u00ednicos<\/a> para explorar la universalidad de 3M\u2122 Scotchbond\u2122 Universal Plus Adhesive en acci\u00f3n.<\/h2>\n<h2><\/h2>\n<\/div>\n<div class=\"MMM--columnContainer\">\n<ul class=\"MMM--columnList MMM--columnList_cc4 js-eqColumnsImage\">\n<li class=\"\">\n<div class=\"MMM--columnPanel\">\n<div class=\"MMM--media MMM--media_stacked\">\n<div class=\"MMM--media-element\">\n<div class=\"MMM--img mix-MMM--img_maxFancy\"><img decoding=\"async\" class=\"img img_stretch mix-MMM--img_fancy\" style=\"max-width: 333px; max-height: 166px;\" src=\"https:\/\/multimedia.3m.com\/mws\/media\/2359850E\/photo-of-crown-being-applied-to-teeth.jpg\" alt=\"Foto de una corona siendo aplicada a los dientes\" \/><\/div>\n<\/div>\n<div class=\"MMM--media-bd\">\n<div class=\"MMM--hdg MMM--hdg_4 mix-MMM--hdg_spaced\">Adhesi\u00f3n total-etch de un revestimiento de cer\u00e1mica de vidrio y cementaci\u00f3n autoadhesiva de una corona de circonio.<\/div>\n<div class=\"MMM--bodyCopy MMM--wysiwyg\">\n<p dir=\"ltr\"><em class=\"MMM--txt_italic\">Caso cl\u00ednico y foto del Dr. Paulo Monteiro, Portugal. <\/em><\/p>\n<\/div>\n<\/div>\n<\/div>\n<\/div>\n<\/li>\n<li class=\"\">\n<div class=\"MMM--columnPanel\">\n<div class=\"MMM--media MMM--media_stacked\">\n<div class=\"MMM--media-element\">\n<div class=\"MMM--img mix-MMM--img_maxFancy\"><img decoding=\"async\" class=\"img img_stretch mix-MMM--img_fancy\" style=\"max-width: 333px; max-height: 166px;\" src=\"https:\/\/multimedia.3m.com\/mws\/media\/2359854E\/photo-of-light-curing-adhesive-on-tooth.jpg\" alt=\"Foto de un adhesivo de fotocurado en un diente\" \/><\/div>\n<\/div>\n<div class=\"MMM--media-bd\">\n<div class=\"MMM--hdg MMM--hdg_4 mix-MMM--hdg_spaced\">Cementaci\u00f3n adhesiva selectiva de incrustaciones de cer\u00e1mica de vidrio CAD\/CAM en el consultorio.<\/div>\n<div class=\"MMM--bodyCopy MMM--wysiwyg\">\n<p dir=\"ltr\"><em class=\"MMM--txt_italic\">Caso cl\u00ednico y foto del Dr. Stergios Zafiriadis, Suiza. <\/em><\/p>\n<\/div>\n<\/div>\n<\/div>\n<\/div>\n<\/li>\n<li class=\"\">\n<div class=\"MMM--columnPanel\">\n<div class=\"MMM--media MMM--media_stacked\">\n<div class=\"MMM--media-element\">\n<div class=\"MMM--img mix-MMM--img_maxFancy\"><img decoding=\"async\" class=\"img img_stretch mix-MMM--img_fancy\" style=\"max-width: 333px; max-height: 166px;\" src=\"https:\/\/multimedia.3m.com\/mws\/media\/2359843E\/photo-of-adhesive-being-applied-to-bridge.jpg\" alt=\"Foto de la aplicaci\u00f3n del adhesivo a una protesis fija\" \/><\/div>\n<\/div>\n<div class=\"MMM--media-bd\">\n<div class=\"MMM--hdg MMM--hdg_4 mix-MMM--hdg_spaced\">Cementaci\u00f3n autoadhesiva de un puente anterior de circonio de 6 unidades.<\/div>\n<div class=\"MMM--bodyCopy MMM--wysiwyg\">\n<p dir=\"ltr\"><em class=\"MMM--txt_italic\">Caso cl\u00ednico y foto del Dr. Andreas W. Benecke, Alemania. <\/em><\/p>\n<\/div>\n<\/div>\n<\/div>\n<\/div>\n<\/li>\n<li class=\"\">\n<div class=\"MMM--columnPanel\">\n<div class=\"MMM--media MMM--media_stacked\">\n<div class=\"MMM--media-element\">\n<div class=\"MMM--img mix-MMM--img_maxFancy\"><img decoding=\"async\" class=\"img img_stretch mix-MMM--img_fancy\" style=\"max-width: 333px; max-height: 166px;\" src=\"https:\/\/multimedia.3m.com\/mws\/media\/2359840E\/photo-of-adhesive-being-applied-to-crown.jpg\" alt=\"Foto de la aplicaci\u00f3n de adhesivo a una corona\" \/><\/div>\n<\/div>\n<div class=\"MMM--media-bd\">\n<div class=\"MMM--hdg MMM--hdg_4 mix-MMM--hdg_spaced\">Cementaci\u00f3n autoadhesiva, de postes , re construcci\u00f3n autoadhesiva, de n\u00facleo y cementaci\u00f3n autoadhesiva de coronas.<\/div>\n<div class=\"MMM--bodyCopy MMM--wysiwyg\">\n<p dir=\"ltr\"><em class=\"MMM--txt_italic\">Caso cl\u00ednico y foto del Dr. Giuseppe Chiodera, Italia<\/em><\/p>\n<\/div>\n<\/div>\n<\/div>\n<\/div>\n<\/li>\n<\/ul>\n<p><script> loadPageModule('kungfu\/equalColumns\/equalColumnsImage'); <\/script><\/p>\n<\/div>\n<\/div>","protected":false},"excerpt":{"rendered":"<p>3M\u2122 Scotchbond\u2122 Universal Plus Adhesive ofrece todos los beneficios de su predecesor y a\u00f1ade un mayor control y previsibilidad. Proporciona una adhesi\u00f3n de est\u00e1ndar oro a todos los sustratos dentales, adhiere y sella la dentina afectada por caries para respaldar la odontolog\u00eda m\u00ednimamente invasiva y pr\u00e1cticamente no produce sensibilidad postoperatoria.* Tambi\u00e9n es el primer adhesivo universal con radiopacidad similar a la dentina. *Datos internos de 3M<\/p>","protected":false},"featured_media":4477,"comment_status":"open","ping_status":"closed","template":"","meta":{"om_disable_all_campaigns":false,"_monsterinsights_skip_tracking":false,"_monsterinsights_sitenote_active":false,"_monsterinsights_sitenote_note":"","_monsterinsights_sitenote_category":0,"_uf_show_specific_survey":0,"_uf_disable_surveys":false,"site-sidebar-layout":"default","site-content-layout":"","ast-site-content-layout":"default","site-content-style":"default","site-sidebar-style":"default","ast-global-header-display":"","ast-banner-title-visibility":"","ast-main-header-display":"","ast-hfb-above-header-display":"","ast-hfb-below-header-display":"","ast-hfb-mobile-header-display":"","site-post-title":"","ast-breadcrumbs-content":"","ast-featured-img":"","footer-sml-layout":"","ast-disable-related-posts":"","theme-transparent-header-meta":"","adv-header-id-meta":"","stick-header-meta":"","header-above-stick-meta":"","header-main-stick-meta":"","header-below-stick-meta":"","astra-migrate-meta-layouts":"default","ast-page-background-enabled":"default","ast-page-background-meta":{"desktop":{"background-color":"","background-image":"","background-repeat":"repeat","background-position":"center center","background-size":"auto","background-attachment":"scroll","background-type":"","background-media":"","overlay-type":"","overlay-color":"","overlay-opacity":"","overlay-gradient":""},"tablet":{"background-color":"","background-image":"","background-repeat":"repeat","background-position":"center center","background-size":"auto","background-attachment":"scroll","background-type":"","background-media":"","overlay-type":"","overlay-color":"","overlay-opacity":"","overlay-gradient":""},"mobile":{"background-color":"","background-image":"","background-repeat":"repeat","background-position":"center center","background-size":"auto","background-attachment":"scroll","background-type":"","background-media":"","overlay-type":"","overlay-color":"","overlay-opacity":"","overlay-gradient":""}},"ast-content-background-meta":{"desktop":{"background-color":"var(--ast-global-color-5)","background-image":"","background-repeat":"repeat","background-position":"center center","background-size":"auto","background-attachment":"scroll","background-type":"","background-media":"","overlay-type":"","overlay-color":"","overlay-opacity":"","overlay-gradient":""},"tablet":{"background-color":"var(--ast-global-color-5)","background-image":"","background-repeat":"repeat","background-position":"center center","background-size":"auto","background-attachment":"scroll","background-type":"","background-media":"","overlay-type":"","overlay-color":"","overlay-opacity":"","overlay-gradient":""},"mobile":{"background-color":"var(--ast-global-color-5)","background-image":"","background-repeat":"repeat","background-position":"center center","background-size":"auto","background-attachment":"scroll","background-type":"","background-media":"","overlay-type":"","overlay-color":"","overlay-opacity":"","overlay-gradient":""}},"_themeisle_gutenberg_block_has_review":false},"pwb-brand":[595],"product_brand":[],"product_cat":[582],"product_tag":[],"class_list":{"0":"post-4478","1":"product","2":"type-product","3":"status-publish","4":"has-post-thumbnail","6":"pwb-brand-solventum","7":"product_cat-adhesivos-rehabilitacion","8":"desktop-align-left","9":"tablet-align-left","10":"mobile-align-left","12":"first","13":"instock","14":"taxable","15":"shipping-taxable","16":"product-type-simple"},"aioseo_notices":[],"jetpack_sharing_enabled":true,"brands":[{"id":595,"name":"Solventum","slug":"solventum"}],"_links":{"self":[{"href":"https:\/\/importmas.com\/en\/wp-json\/wp\/v2\/product\/4478","targetHints":{"allow":["GET"]}}],"collection":[{"href":"https:\/\/importmas.com\/en\/wp-json\/wp\/v2\/product"}],"about":[{"href":"https:\/\/importmas.com\/en\/wp-json\/wp\/v2\/types\/product"}],"replies":[{"embeddable":true,"href":"https:\/\/importmas.com\/en\/wp-json\/wp\/v2\/comments?post=4478"}],"version-history":[{"count":0,"href":"https:\/\/importmas.com\/en\/wp-json\/wp\/v2\/product\/4478\/revisions"}],"wp:featuredmedia":[{"embeddable":true,"href":"https:\/\/importmas.com\/en\/wp-json\/wp\/v2\/media\/4477"}],"wp:attachment":[{"href":"https:\/\/importmas.com\/en\/wp-json\/wp\/v2\/media?parent=4478"}],"wp:term":[{"taxonomy":"pwb-brand","embeddable":true,"href":"https:\/\/importmas.com\/en\/wp-json\/wp\/v2\/pwb-brand?post=4478"},{"taxonomy":"product_brand","embeddable":true,"href":"https:\/\/importmas.com\/en\/wp-json\/wp\/v2\/product_brand?post=4478"},{"taxonomy":"product_cat","embeddable":true,"href":"https:\/\/importmas.com\/en\/wp-json\/wp\/v2\/product_cat?post=4478"},{"taxonomy":"product_tag","embeddable":true,"href":"https:\/\/importmas.com\/en\/wp-json\/wp\/v2\/product_tag?post=4478"}],"curies":[{"name":"wp","href":"https:\/\/api.w.org\/{rel}","templated":true}]}}