{"id":4474,"date":"2025-10-28T10:13:50","date_gmt":"2025-10-28T15:13:50","guid":{"rendered":"https:\/\/importmas.com\/product\/resina-transbond-xt-4g-x2\/"},"modified":"2025-10-28T10:13:50","modified_gmt":"2025-10-28T15:13:50","slug":"resina-transbond-xt-4g-x2","status":"publish","type":"product","link":"https:\/\/importmas.com\/en\/product\/resina-transbond-xt-4g-x2\/","title":{"rendered":"Resina Transbond XT 4g X2"},"content":{"rendered":"<div class=\"sps2-pdp_section sps2-pdp_details\">\n<div class=\"sps2-pdp_details--white_container undefined\">\n<h5><strong>3m cuidado de la salud ahora es solventum<\/strong><\/h5>\n<p>Tranbond\u2122 XT Unitek \u2122: Es una resina fotopolimerizable , indicado para cementaci\u00f3n de brackets met\u00e1licos o cer\u00e1micos con aproximadamente 7ESTANDAR de carga: S\u00edlice y cuarzo. Hidrof\u00f3bica y transparente.<\/p>\n<p>Caracter\u00edsticas:<\/p>\n<ul>\n<li>F\u00e1cil de dispensar \u2013 facilita el posicionamiento de brackets<\/li>\n<li>Simplifica el procedimiento<\/li>\n<li>Excelente adhesi\u00f3n<\/li>\n<li>Suficiente tiempo de trabajo<\/li>\n<li>Los excesos no se ven \u2013 color transparente<\/li>\n<li>Menos ca\u00eddas<\/li>\n<li>Mejora la productividad en tiempo del ortodoncista (tiempo de consulta)<\/li>\n<li>Curado r\u00e1pido para un inserci\u00f3n inmediata de los arcos<\/li>\n<\/ul>\n<p>Aplicaci\u00f3n sugerida:<\/p>\n<p>Este producto est\u00e1 dise\u00f1ado para el cementado directo de brackets ortod\u00f3nticos cer\u00e1micos y met\u00e1licos<\/p>\n<\/div>\n<\/div>\n<div class=\"sps2-pdp_section sps2-pdp_specifications\"><\/div>","protected":false},"excerpt":{"rendered":"<p>El Adhesivo para Fotocurado 3M\u2122 Transbond\u2122 XT, es un adhesivo fotopolimerizable de uso ortod\u00f3ntico, indicado para la adhesi\u00f3n de brackets met\u00e1licos y cer\u00e1micos.<\/p>","protected":false},"featured_media":4473,"comment_status":"open","ping_status":"closed","template":"","meta":{"om_disable_all_campaigns":false,"_monsterinsights_skip_tracking":false,"_monsterinsights_sitenote_active":false,"_monsterinsights_sitenote_note":"","_monsterinsights_sitenote_category":0,"_uf_show_specific_survey":0,"_uf_disable_surveys":false,"site-sidebar-layout":"default","site-content-layout":"","ast-site-content-layout":"default","site-content-style":"default","site-sidebar-style":"default","ast-global-header-display":"","ast-banner-title-visibility":"","ast-main-header-display":"","ast-hfb-above-header-display":"","ast-hfb-below-header-display":"","ast-hfb-mobile-header-display":"","site-post-title":"","ast-breadcrumbs-content":"","ast-featured-img":"","footer-sml-layout":"","ast-disable-related-posts":"","theme-transparent-header-meta":"","adv-header-id-meta":"","stick-header-meta":"","header-above-stick-meta":"","header-main-stick-meta":"","header-below-stick-meta":"","astra-migrate-meta-layouts":"default","ast-page-background-enabled":"default","ast-page-background-meta":{"desktop":{"background-color":"","background-image":"","background-repeat":"repeat","background-position":"center center","background-size":"auto","background-attachment":"scroll","background-type":"","background-media":"","overlay-type":"","overlay-color":"","overlay-opacity":"","overlay-gradient":""},"tablet":{"background-color":"","background-image":"","background-repeat":"repeat","background-position":"center center","background-size":"auto","background-attachment":"scroll","background-type":"","background-media":"","overlay-type":"","overlay-color":"","overlay-opacity":"","overlay-gradient":""},"mobile":{"background-color":"","background-image":"","background-repeat":"repeat","background-position":"center center","background-size":"auto","background-attachment":"scroll","background-type":"","background-media":"","overlay-type":"","overlay-color":"","overlay-opacity":"","overlay-gradient":""}},"ast-content-background-meta":{"desktop":{"background-color":"var(--ast-global-color-5)","background-image":"","background-repeat":"repeat","background-position":"center center","background-size":"auto","background-attachment":"scroll","background-type":"","background-media":"","overlay-type":"","overlay-color":"","overlay-opacity":"","overlay-gradient":""},"tablet":{"background-color":"var(--ast-global-color-5)","background-image":"","background-repeat":"repeat","background-position":"center center","background-size":"auto","background-attachment":"scroll","background-type":"","background-media":"","overlay-type":"","overlay-color":"","overlay-opacity":"","overlay-gradient":""},"mobile":{"background-color":"var(--ast-global-color-5)","background-image":"","background-repeat":"repeat","background-position":"center center","background-size":"auto","background-attachment":"scroll","background-type":"","background-media":"","overlay-type":"","overlay-color":"","overlay-opacity":"","overlay-gradient":""}},"_themeisle_gutenberg_block_has_review":false},"pwb-brand":[595],"product_brand":[],"product_cat":[581],"product_tag":[],"class_list":{"0":"post-4474","1":"product","2":"type-product","3":"status-publish","4":"has-post-thumbnail","6":"pwb-brand-solventum","7":"product_cat-resinas-rehabilitacion","8":"desktop-align-left","9":"tablet-align-left","10":"mobile-align-left","12":"first","13":"instock","14":"sale","15":"taxable","16":"shipping-taxable","17":"purchasable","18":"product-type-simple"},"aioseo_notices":[],"jetpack_sharing_enabled":true,"brands":[{"id":595,"name":"Solventum","slug":"solventum"}],"_links":{"self":[{"href":"https:\/\/importmas.com\/en\/wp-json\/wp\/v2\/product\/4474","targetHints":{"allow":["GET"]}}],"collection":[{"href":"https:\/\/importmas.com\/en\/wp-json\/wp\/v2\/product"}],"about":[{"href":"https:\/\/importmas.com\/en\/wp-json\/wp\/v2\/types\/product"}],"replies":[{"embeddable":true,"href":"https:\/\/importmas.com\/en\/wp-json\/wp\/v2\/comments?post=4474"}],"version-history":[{"count":0,"href":"https:\/\/importmas.com\/en\/wp-json\/wp\/v2\/product\/4474\/revisions"}],"wp:featuredmedia":[{"embeddable":true,"href":"https:\/\/importmas.com\/en\/wp-json\/wp\/v2\/media\/4473"}],"wp:attachment":[{"href":"https:\/\/importmas.com\/en\/wp-json\/wp\/v2\/media?parent=4474"}],"wp:term":[{"taxonomy":"pwb-brand","embeddable":true,"href":"https:\/\/importmas.com\/en\/wp-json\/wp\/v2\/pwb-brand?post=4474"},{"taxonomy":"product_brand","embeddable":true,"href":"https:\/\/importmas.com\/en\/wp-json\/wp\/v2\/product_brand?post=4474"},{"taxonomy":"product_cat","embeddable":true,"href":"https:\/\/importmas.com\/en\/wp-json\/wp\/v2\/product_cat?post=4474"},{"taxonomy":"product_tag","embeddable":true,"href":"https:\/\/importmas.com\/en\/wp-json\/wp\/v2\/product_tag?post=4474"}],"curies":[{"name":"wp","href":"https:\/\/api.w.org\/{rel}","templated":true}]}}