{"id":9,"date":"2024-04-01T13:44:07","date_gmt":"2024-04-01T18:44:07","guid":{"rendered":"http:\/\/importmas.com\/?page_id=9"},"modified":"2024-04-01T14:12:35","modified_gmt":"2024-04-01T19:12:35","slug":"devoluciones_reembolso","status":"publish","type":"page","link":"https:\/\/importmas.com\/en\/devoluciones_reembolso\/","title":{"rendered":"Pol\u00edtica de devoluciones y reembolsos"},"content":{"rendered":"<div data-elementor-type=\"wp-page\" data-elementor-id=\"9\" class=\"elementor elementor-9\">\n\t\t\t\t<div class=\"elementor-element elementor-element-3afefbb9 e-flex e-con-boxed e-con e-parent\" data-id=\"3afefbb9\" data-element_type=\"container\" data-e-type=\"container\">\n\t\t\t\t\t<div class=\"e-con-inner\">\n\t\t\t\t<div class=\"elementor-element elementor-element-315b640a elementor-widget elementor-widget-text-editor\" data-id=\"315b640a\" data-element_type=\"widget\" data-e-type=\"widget\" data-widget_type=\"text-editor.default\">\n\t\t\t\t<div class=\"elementor-widget-container\">\n\t\t\t\t\t\t\t\t\t<p><\/p>\n<p>\u00a0<\/p>\n<p><span style=\"font-weight: bolder; outline: none !important; color: #feaa04;\">1. OBJETIVO<\/span><span style=\"outline: none !important;\">: Describir el proceso que se lleva a cabo en\u00a0Inversiones Importmas S.A.S para la solicitud de devoluci\u00f3n de los equipos o productos por parte de los clientes.<\/span><\/p>\n<p><span style=\"font-weight: bolder; outline: none !important;\"><span style=\"color: #feaa04;\">2. ALCANCE<\/span>:<\/span><span style=\"outline: none !important;\">\u00a0Este documento aplica para las decisiones y acciones que se toman para aceptar la devoluci\u00f3n de un producto vendido por\u00a0<\/span>Inversiones Importmas\u00a0S.A.S.<\/p>\n<p><span style=\"font-weight: bolder; outline: none !important;\"><span style=\"color: #feaa04;\">3. DEFINICIONES<\/span>:\u00a0<\/span><span style=\"outline: none !important;\">\u2013 Pol\u00edtica: Directrices dadas por la Direcci\u00f3n de Inversiones Importmas\u00a0S.A.S\u00a0para la toma de decisiones de acuerdo a cada situaci\u00f3n.\u00a0<\/span><\/p>\n<ul>\n<li style=\"color: #696969; font-size: 16px; font-style: normal; font-weight: 400; outline-style: none !important; outline-width: initial !important; line-height: 28px !important;\"><span style=\"outline: none !important;\"><strong>Devoluci\u00f3n<\/strong>: Situaci\u00f3n en la que el cliente o cualquier usuario de los productos de Inversiones Importmas\u00a0S.A.S\u00a0no lo acepta y solicita el retorno a Inversiones Importmas\u00a0S.A.S, acompa\u00f1ado por la explicaci\u00f3n de tal situaci\u00f3n.<\/span><\/li>\n<li style=\"color: #696969; font-size: 16px; font-style: normal; font-weight: 400; outline-style: none !important; outline-width: initial !important; line-height: 28px !important;\"><span style=\"outline: none !important;\">\u00a0<strong>Pedido Errado por parte del cliente:<\/strong> Situaci\u00f3n en la que el cliente hace una compra y despu\u00e9s de realizada y de recibido el producto de acuerdo con sus requerimientos, evidencia un error en la orden de compra, habiendo pedido la mercanc\u00eda o la cantidad equivocada.<\/span><\/li>\n<li style=\"color: #696969; font-size: 16px; font-style: normal; font-weight: 400; outline-style: none !important; outline-width: initial !important; line-height: 28px !important;\"><span style=\"outline: none !important;\"><strong>Productos con defecto de fabricaci\u00f3n:<\/strong> Ll\u00e1mese aquellos productos que, en calidad de nuevo y reci\u00e9n comprados, presenta alg\u00fan tipo de falla o inoperatividad\u00a0<\/span><\/li>\n<\/ul>\n<p><span style=\"font-weight: bolder; outline: none !important;\"><span style=\"color: #feaa04;\">4. NORMAS PARA DEVOLUCI\u00d3N DE PRODUCTO<\/span>:\u00a0<\/span><span style=\"outline: none !important;\">El cliente debe solicitar su devoluci\u00f3n en el momento de la entrega inmediata de su pedido, de ser de pedidos anteriores la devoluci\u00f3n debe adjuntar el n\u00famero de la factura del producto correspondiente.\u00a0<\/span><\/p>\n<p style=\"margin-bottom: 20px; color: #696969; font-size: 16px; font-style: normal; font-weight: 400; outline-style: none !important; outline-width: initial !important; line-height: 28px !important;\"><span style=\"outline: none !important;\">Trat\u00e1ndose de una solicitud de devoluci\u00f3n por el causal \u201cPedido Errado\u201d por parte del cliente, Inversiones Importmas S.A.S no asumir\u00e1 el flete de la recogida del producto, el plazo m\u00e1ximo para que Inversiones Importmas S.A.S pueda recibir una solicitud de devoluci\u00f3n es de 5 d\u00edas calendario a partir de la fecha en que se entreg\u00f3 el producto. Sin excepciones.\u00a0<\/span><span style=\"outline: none !important;\">Trat\u00e1ndose de una solicitud de devoluci\u00f3n por el causal \u201cProducto con Defectos de Fabricaci\u00f3n\u201d, la aceptaci\u00f3n a la solicitud de devoluci\u00f3n depender\u00e1 de la aceptaci\u00f3n por parte del fabricante correspondiente; en caso de respuesta negativa por parte del fabricante, se otorgar\u00e1 la garant\u00eda de acuerdo a las pol\u00edticas del mismo.\u00a0<\/span><\/p>\n<ul>\n<li style=\"color: #696969; font-size: 16px; font-style: normal; font-weight: 400; outline-style: none !important; outline-width: initial !important; line-height: 28px !important;\"><strong><span style=\"outline: none !important;\">En caso de ser aceptada la devoluci\u00f3n: <\/span><\/strong><span style=\"outline: none !important;\">Todos los productos deben estar empaquetados en su envoltura original y en id\u00e9ntico estado en el que fue entregado por\u00a0<\/span>Inversiones Importmas\u00a0S.A.S<\/li>\n<\/ul>\n<ul style=\"margin-bottom: 0px; margin-left: 0px; list-style-type: none; color: #696969; font-size: 16px; font-style: normal; font-weight: 400; outline-style: none !important; outline-width: initial !important;\">\n<li style=\"font-weight: 400; outline-style: none !important; outline-width: initial !important;\" aria-level=\"1\"><span style=\"outline: none !important;\">&#8211; Los productos deben contener todos los accesorios, manuales, documentaci\u00f3n y registros enviados por <\/span>Inversiones Importmas\u00a0S.A.S<\/li>\n<li style=\"font-weight: 400; outline-style: none !important; outline-width: initial !important;\" aria-level=\"1\"><span style=\"outline: none !important;\">&#8211; El cliente debe acompa\u00f1ar el producto con la factura original de compra.<\/span><\/li>\n<li style=\"font-weight: 400; outline-style: none !important; outline-width: initial !important;\" aria-level=\"1\"><span style=\"outline: none !important;\">&#8211; Los gastos de fletes ser\u00e1n asumidos por el cliente. En caso de que la devoluci\u00f3n sea un \u201cpedido errado\u201d por parte del cliente.<\/span><\/li>\n<li style=\"font-weight: 400; outline-style: none !important; outline-width: initial !important;\" aria-level=\"1\"><span style=\"outline: none !important;\">&#8211; Bajo ning\u00fan concepto se har\u00e1 devoluci\u00f3n de dinero. Se generar\u00e1 una nota cr\u00e9dito a favor del cliente que podr\u00e1 reducir su cuenta para pagar, o servir\u00e1 de anticipo para su pr\u00f3xima compra.\u00a0<\/span><\/li>\n<li style=\"font-weight: 400; outline-style: none !important; outline-width: initial !important;\" aria-level=\"1\"><span style=\"outline: none !important;\">&#8211; Cuando los productos o equipos presenten se\u00f1ales de manipulaci\u00f3n (rayones, huellas de uso de herramientas, etc.), empaque deteriorado y\/o que no contengan todos los accesorios entregados, incluidos los manuales y la documentaci\u00f3n de registro; No se recibir\u00e1 su devoluci\u00f3n.<\/span><\/li>\n<li aria-level=\"1\">\u00a0<\/li>\n<\/ul>\n<ul>\n<li style=\"color: #696969; font-size: 16px; font-style: normal; font-weight: 400; outline-style: none !important; outline-width: initial !important; line-height: 28px !important;\"><strong><span style=\"outline: none !important;\">Tenga en cuenta: <\/span><\/strong><span style=\"outline: none !important;\">En caso de que la mercanc\u00eda reci\u00e9n adquirida presente faltante o deterioro f\u00edsico, estos deben reportarse dentro de los \u201ctres d\u00edas siguientes\u201d al recibo de la misma y evidenciarlos.<\/span><\/li>\n<\/ul>\n<ul style=\"margin-bottom: 0px; margin-left: 0px; list-style-type: none; color: #696969; font-size: 16px; font-style: normal; font-weight: 400; outline-style: none !important; outline-width: initial !important;\">\n<li style=\"outline-style: none !important; outline-width: initial !important;\" aria-level=\"1\"><span style=\"outline: none !important;\">Para tramitar su devoluci\u00f3n, contacte al departamento de despachos y compras, quien le brindar\u00e1 la asesor\u00eda necesaria.\u00a0<\/span><\/li>\n<li style=\"outline-style: none !important; outline-width: initial !important;\" aria-level=\"1\"><span style=\"outline: none !important;\">Todo producto que sea retornado a Inversiones Importmas\u00a0S.A.S,\u00a0una vez se haya entregado o vendido al cliente, debe ser recibido de acuerdo con las condiciones establecidas en el presente documento.<\/span><\/li>\n<\/ul>\n<p><\/p>\t\t\t\t\t\t\t\t<\/div>\n\t\t\t\t<\/div>\n\t\t\t\t\t<\/div>\n\t\t\t\t<\/div>\n\t\t\t\t<\/div>","protected":false},"excerpt":{"rendered":"<p>\u00a0 1. OBJETIVO: Describir el proceso que se lleva a cabo en\u00a0Inversiones Importmas S.A.S para la solicitud de devoluci\u00f3n de los equipos o productos por parte de los clientes. 2. ALCANCE:\u00a0Este documento aplica para las decisiones y acciones que se toman para aceptar la devoluci\u00f3n de un producto vendido por\u00a0Inversiones Importmas\u00a0S.A.S. 3. DEFINICIONES:\u00a0\u2013 Pol\u00edtica: Directrices [&hellip;]<\/p>\n","protected":false},"author":1,"featured_media":0,"parent":0,"menu_order":0,"comment_status":"closed","ping_status":"closed","template":"","meta":{"om_disable_all_campaigns":false,"_monsterinsights_skip_tracking":false,"_monsterinsights_sitenote_active":false,"_monsterinsights_sitenote_note":"","_monsterinsights_sitenote_category":0,"_uf_show_specific_survey":0,"_uf_disable_surveys":false,"site-sidebar-layout":"default","site-content-layout":"","ast-site-content-layout":"default","site-content-style":"default","site-sidebar-style":"default","ast-global-header-display":"","ast-banner-title-visibility":"","ast-main-header-display":"","ast-hfb-above-header-display":"","ast-hfb-below-header-display":"","ast-hfb-mobile-header-display":"","site-post-title":"","ast-breadcrumbs-content":"","ast-featured-img":"","footer-sml-layout":"","ast-disable-related-posts":"","theme-transparent-header-meta":"","adv-header-id-meta":"","stick-header-meta":"","header-above-stick-meta":"","header-main-stick-meta":"","header-below-stick-meta":"","astra-migrate-meta-layouts":"set","ast-page-background-enabled":"default","ast-page-background-meta":{"desktop":{"background-color":"","background-image":"","background-repeat":"repeat","background-position":"center center","background-size":"auto","background-attachment":"scroll","background-type":"","background-media":"","overlay-type":"","overlay-color":"","overlay-opacity":"","overlay-gradient":""},"tablet":{"background-color":"","background-image":"","background-repeat":"repeat","background-position":"center center","background-size":"auto","background-attachment":"scroll","background-type":"","background-media":"","overlay-type":"","overlay-color":"","overlay-opacity":"","overlay-gradient":""},"mobile":{"background-color":"","background-image":"","background-repeat":"repeat","background-position":"center center","background-size":"auto","background-attachment":"scroll","background-type":"","background-media":"","overlay-type":"","overlay-color":"","overlay-opacity":"","overlay-gradient":""}},"ast-content-background-meta":{"desktop":{"background-color":"var(--ast-global-color-5)","background-image":"","background-repeat":"repeat","background-position":"center center","background-size":"auto","background-attachment":"scroll","background-type":"","background-media":"","overlay-type":"","overlay-color":"","overlay-opacity":"","overlay-gradient":""},"tablet":{"background-color":"var(--ast-global-color-5)","background-image":"","background-repeat":"repeat","background-position":"center center","background-size":"auto","background-attachment":"scroll","background-type":"","background-media":"","overlay-type":"","overlay-color":"","overlay-opacity":"","overlay-gradient":""},"mobile":{"background-color":"var(--ast-global-color-5)","background-image":"","background-repeat":"repeat","background-position":"center center","background-size":"auto","background-attachment":"scroll","background-type":"","background-media":"","overlay-type":"","overlay-color":"","overlay-opacity":"","overlay-gradient":""}},"_themeisle_gutenberg_block_has_review":false,"footnotes":""},"class_list":["post-9","page","type-page","status-publish","hentry"],"aioseo_notices":[],"jetpack_sharing_enabled":true,"_links":{"self":[{"href":"https:\/\/importmas.com\/en\/wp-json\/wp\/v2\/pages\/9","targetHints":{"allow":["GET"]}}],"collection":[{"href":"https:\/\/importmas.com\/en\/wp-json\/wp\/v2\/pages"}],"about":[{"href":"https:\/\/importmas.com\/en\/wp-json\/wp\/v2\/types\/page"}],"author":[{"embeddable":true,"href":"https:\/\/importmas.com\/en\/wp-json\/wp\/v2\/users\/1"}],"replies":[{"embeddable":true,"href":"https:\/\/importmas.com\/en\/wp-json\/wp\/v2\/comments?post=9"}],"version-history":[{"count":6,"href":"https:\/\/importmas.com\/en\/wp-json\/wp\/v2\/pages\/9\/revisions"}],"predecessor-version":[{"id":3926,"href":"https:\/\/importmas.com\/en\/wp-json\/wp\/v2\/pages\/9\/revisions\/3926"}],"wp:attachment":[{"href":"https:\/\/importmas.com\/en\/wp-json\/wp\/v2\/media?parent=9"}],"curies":[{"name":"wp","href":"https:\/\/api.w.org\/{rel}","templated":true}]}}