{"id":3912,"date":"2024-04-01T14:46:24","date_gmt":"2024-04-01T19:46:24","guid":{"rendered":"https:\/\/importmas.com\/?page_id=3912"},"modified":"2024-04-01T15:54:33","modified_gmt":"2024-04-01T20:54:33","slug":"terminos-y-condiciones","status":"publish","type":"page","link":"https:\/\/importmas.com\/en\/terminos-y-condiciones\/","title":{"rendered":"Terms and Conditions"},"content":{"rendered":"<div data-elementor-type=\"wp-page\" data-elementor-id=\"3912\" class=\"elementor elementor-3912\">\n\t\t\t\t<div class=\"elementor-element elementor-element-3c51b37 e-flex e-con-boxed e-con e-parent\" data-id=\"3c51b37\" data-element_type=\"container\" data-e-type=\"container\">\n\t\t\t\t\t<div class=\"e-con-inner\">\n\t\t<div class=\"elementor-element elementor-element-75ee816 e-flex e-con-boxed e-con e-child\" data-id=\"75ee816\" data-element_type=\"container\" data-e-type=\"container\">\n\t\t\t\t\t<div class=\"e-con-inner\">\n\t\t\t\t<div class=\"elementor-element elementor-element-0e31dfc elementor-widget elementor-widget-heading\" data-id=\"0e31dfc\" data-element_type=\"widget\" data-e-type=\"widget\" data-widget_type=\"heading.default\">\n\t\t\t\t<div class=\"elementor-widget-container\">\n\t\t\t\t\t<h2 class=\"elementor-heading-title elementor-size-default\"><h2 data-elementor-setting-key=\"title\" data-lt-tmp-id=\"lt-299359\" data-gramm=\"false\" data-pen-placeholder=\"Teclea aqu\u00ed...\" style=\"font-size: 2.66667rem;font-style: normal\"><\/h2><h2 data-elementor-setting-key=\"title\" data-pen-placeholder=\"Teclea aqu\u00ed...\" data-lt-tmp-id=\"lt-842078\" data-gramm=\"false\" style=\"font-size: 2.66667rem;font-style: normal\">Terms and Conditions<\/h2><\/h2>\t\t\t\t<\/div>\n\t\t\t\t<\/div>\n\t\t\t\t\t<\/div>\n\t\t\t\t<\/div>\n\t\t\t\t\t<\/div>\n\t\t\t\t<\/div>\n\t\t<div class=\"elementor-element elementor-element-17f52b4 e-flex e-con-boxed e-con e-parent\" data-id=\"17f52b4\" data-element_type=\"container\" data-e-type=\"container\">\n\t\t\t\t\t<div class=\"e-con-inner\">\n\t\t\t\t<div class=\"elementor-element elementor-element-647e28a elementor-widget elementor-widget-text-editor\" data-id=\"647e28a\" data-element_type=\"widget\" data-e-type=\"widget\" data-widget_type=\"text-editor.default\">\n\t\t\t\t<div class=\"elementor-widget-container\">\n\t\t\t\t\t\t\t\t\t<p>La p\u00e1gina oficial de <strong>Inversiones Importmas&nbsp;S.A.S<\/strong> establece \u201cLos t\u00e9rminos y condiciones\u201d bajo los cuales todos los visitantes y usuarios, utilizan la p\u00e1gina web (en adelante, el denominado y registrado \u201cSitio Web\u201d \u201cLa P\u00e1gina Web\u201d de <strong>Inversiones Importmas&nbsp;S.A.S<\/strong> sociedad legalmente constituida por documento privado del <strong>12 de julio del&nbsp; 2022<\/strong><\/p>\n<p>El acceso y\/o uso del sitio web atribuye a quien accede en condici\u00f3n de visitante y\/o usuario, aceptando, desde el momento del ingreso y la interacci\u00f3n virtual con pleno conocimiento y de manera plena y sin reserva alguna, los presentes t\u00e9rminos y condiciones particulares y generales que contienen, regulan, complementen, modifiquen o sustituyan las condiciones particulares y generales, cuando as\u00ed suceda, en relaci\u00f3n con todos los bienes, servicios y contenidos del sitio web. Por lo anterior, <strong>Inversiones Importmas S.A.S<\/strong>&nbsp; solicita al usuario de este sitio, que lea detallada y cuidadosamente las presentes condiciones, pol\u00edtica de privacidad, tratamiento y protecci\u00f3n de datos personales, antes de iniciar su registro, exploraci\u00f3n o utilizaci\u00f3n.<\/p>\n<p>El visitante y\/o usuario informado y consciente despu\u00e9s de haber le\u00eddo y entendido estos t\u00e9rminos y condiciones de uso, manifiesta estar de acuerdo y acogerse a los mismos, cumpliendo con todas las normas jur\u00eddicas nacionales e internacionales, la jurisprudencia y normas aplicables y conexas, Adem\u00e1s, cuando el usuario utilice e interact\u00fae, con el contenido y servicios suministrados en este sitio en chats, buzones de sugerencias, bot\u00f3n de compras, carrito de mercado, eventos, estar\u00e1 sujeto a las reglas, gu\u00edas, pol\u00edticas, t\u00e9rminos y condiciones aplicables a dicho servicio.<\/p>\n<p>En caso de que el usuario no est\u00e9 de acuerdo con estos t\u00e9rminos, debe abstenerse de ingresar y usar este sitio, este sitio es controlado y operado por <strong>Inversiones Importmas S.A.S<\/strong> desde sus oficinas ubicadas en Colombia. <strong>Inversiones Importmas&nbsp;S.A.S<\/strong> no se responsabiliza de que el contenido del presente sitio est\u00e9 disponible para su uso e interacci\u00f3n en Colombia y otros pa\u00edses, en caso de estar prohibido su acceso desde territorios donde su contenido sea prohibido, quienes decidan ingresar e interactuar en este sitio desde otros pa\u00edses lo har\u00e1n bajo su propia iniciativa y su responsabilidad personal y total, someti\u00e9ndose a las normas jur\u00eddicas locales aplicables. Cualquier reclamo en relaci\u00f3n con el ingreso y uso de este sitio y el material en \u00e9l contenido est\u00e1 regulado por las leyes colombianas e internacionales que definen los contenidos digitales y telem\u00e1ticos.<\/p>\n<p>Los presentes t\u00e9rminos y condiciones est\u00e1n sujetos a cambios sin previo aviso en cualquier momento, bajo la sola voluntad de <strong>Inversiones Importmas&nbsp;S.A.S<\/strong> y a partir de la fecha de modificaci\u00f3n de estos t\u00e9rminos y condiciones, todas las operaciones que se celebren entre <strong>Inversiones Importmas S.A.S<\/strong> y el usuario se regir\u00e1n por el documento y su contenido pleno modificado. <strong>Inversiones Importmas&nbsp;S.A.S<\/strong> se reserva el derecho de realizar cambios en el sitio web, en las condiciones de uso y en las notificaciones legales en cualquier momento. Cada vez que utiliza el sitio web de <strong>Inversiones Importmas&nbsp;S.A.S<\/strong>, debe consultar las condiciones de uso, notificaciones legales y pol\u00edtica de privacidad, tratamiento y protecci\u00f3n de datos personales vigentes en ese momento, que se aplican a las transacciones y al uso del sitio. Si no est\u00e1 satisfecho con el sitio web de <strong>Inversiones Importmas S.A.S<\/strong> su contenido, las condiciones de uso o las notificaciones legales, usted acepta que la \u00fanica soluci\u00f3n disponible es dejar de utilizar el sitio web de <strong>Inversiones Importmas S.A.S&nbsp;<\/strong> Podr\u00e1n ser modificados tambi\u00e9n de la misma manera el dise\u00f1o, la presentaci\u00f3n o configuraci\u00f3n, los requisitos de registro o utilizaci\u00f3n del sitio web, sin que ello genere derecho a reclamo o indemnizaci\u00f3n alguna a favor del usuario o visitante.<\/p>\n<p>Se proh\u00edbe usar el sitio indebidamente, falsificar la identidad de un usuario, utilizar agentes de compra y llevar a cabo actividades fraudulentas en el sitio web, dedicado al comercio electr\u00f3nico a trav\u00e9s del cual se venden bienes y productos que se entregan en la rep\u00fablica de Colombia, previa verificaci\u00f3n por parte de <strong>Inversiones Importmas&nbsp;S.A.S<\/strong><\/p>\n<p><span style=\"color: #feaa04;\"><strong>REGISTRO DE MARCAS Y PROPIEDAD INTELECTUAL<\/strong><\/span><\/p>\n<p>Todas las marcas, insignias, logos, im\u00e1genes, nombres, se\u00f1as, logo e isotipos y cualquier otro signo distintivo, as\u00ed como los modelos de utilidad. Publicitarios y\/o dise\u00f1os industriales y dem\u00e1s elementos de propiedad intelectual insertados, as\u00ed como tambi\u00e9n, gr\u00e1fico, publicitario, fotogr\u00e1fico, de multimedia, audiovisual y\/o de dise\u00f1o, as\u00ed como todos los contenidos, textos y bases de datos puestos a su disposici\u00f3n, usados y\/o desplegados en este sitio son propiedad exclusiva de <strong>Inversiones Importmas S.A.S<\/strong> y en algunos casos son de propiedad de terceros que han autorizado expresamente a la p\u00e1gina web y al sitio, para su uso y\/o explotaci\u00f3n. Igualmente, el uso e interacci\u00f3n en esta p\u00e1gina web de algunos contenidos de propiedad de terceros se encuentra expresamente autorizado por la ley. Todos los contenidos en esta p\u00e1gina web, est\u00e1n protegidos por las normas sobre derechos de autor y propiedad industrial, nacionales e internacionales vigentes sobre la materia que le sean aplicables.<\/p>\t\t\t\t\t\t\t\t<\/div>\n\t\t\t\t<\/div>\n\t\t\t\t\t<\/div>\n\t\t\t\t<\/div>\n\t\t\t\t<\/div>","protected":false},"excerpt":{"rendered":"<p>T\u00e9rminos y condiciones La p\u00e1gina oficial de Inversiones Importmas&nbsp;S.A.S establece \u201cLos t\u00e9rminos y condiciones\u201d bajo los cuales todos los visitantes y usuarios, utilizan la p\u00e1gina web (en adelante, el denominado y registrado \u201cSitio Web\u201d \u201cLa P\u00e1gina Web\u201d de Inversiones Importmas&nbsp;S.A.S sociedad legalmente constituida por documento privado del 12 de julio del&nbsp; 2022 El acceso y\/o [&hellip;]<\/p>\n","protected":false},"author":1,"featured_media":0,"parent":0,"menu_order":0,"comment_status":"closed","ping_status":"closed","template":"","meta":{"om_disable_all_campaigns":false,"_monsterinsights_skip_tracking":false,"_monsterinsights_sitenote_active":false,"_monsterinsights_sitenote_note":"","_monsterinsights_sitenote_category":0,"_uf_show_specific_survey":0,"_uf_disable_surveys":false,"site-sidebar-layout":"no-sidebar","site-content-layout":"page-builder","ast-site-content-layout":"full-width-container","site-content-style":"default","site-sidebar-style":"default","ast-global-header-display":"","ast-banner-title-visibility":"","ast-main-header-display":"","ast-hfb-above-header-display":"","ast-hfb-below-header-display":"","ast-hfb-mobile-header-display":"","site-post-title":"disabled","ast-breadcrumbs-content":"","ast-featured-img":"disabled","footer-sml-layout":"","ast-disable-related-posts":"","theme-transparent-header-meta":"","adv-header-id-meta":"","stick-header-meta":"","header-above-stick-meta":"","header-main-stick-meta":"","header-below-stick-meta":"","astra-migrate-meta-layouts":"set","ast-page-background-enabled":"default","ast-page-background-meta":{"desktop":{"background-color":"","background-image":"","background-repeat":"repeat","background-position":"center center","background-size":"auto","background-attachment":"scroll","background-type":"","background-media":"","overlay-type":"","overlay-color":"","overlay-opacity":"","overlay-gradient":""},"tablet":{"background-color":"","background-image":"","background-repeat":"repeat","background-position":"center center","background-size":"auto","background-attachment":"scroll","background-type":"","background-media":"","overlay-type":"","overlay-color":"","overlay-opacity":"","overlay-gradient":""},"mobile":{"background-color":"","background-image":"","background-repeat":"repeat","background-position":"center center","background-size":"auto","background-attachment":"scroll","background-type":"","background-media":"","overlay-type":"","overlay-color":"","overlay-opacity":"","overlay-gradient":""}},"ast-content-background-meta":{"desktop":{"background-color":"var(--ast-global-color-5)","background-image":"","background-repeat":"repeat","background-position":"center center","background-size":"auto","background-attachment":"scroll","background-type":"","background-media":"","overlay-type":"","overlay-color":"","overlay-opacity":"","overlay-gradient":""},"tablet":{"background-color":"var(--ast-global-color-5)","background-image":"","background-repeat":"repeat","background-position":"center center","background-size":"auto","background-attachment":"scroll","background-type":"","background-media":"","overlay-type":"","overlay-color":"","overlay-opacity":"","overlay-gradient":""},"mobile":{"background-color":"var(--ast-global-color-5)","background-image":"","background-repeat":"repeat","background-position":"center center","background-size":"auto","background-attachment":"scroll","background-type":"","background-media":"","overlay-type":"","overlay-color":"","overlay-opacity":"","overlay-gradient":""}},"_themeisle_gutenberg_block_has_review":false,"footnotes":""},"class_list":["post-3912","page","type-page","status-publish","hentry"],"aioseo_notices":[],"jetpack_sharing_enabled":true,"_links":{"self":[{"href":"https:\/\/importmas.com\/en\/wp-json\/wp\/v2\/pages\/3912","targetHints":{"allow":["GET"]}}],"collection":[{"href":"https:\/\/importmas.com\/en\/wp-json\/wp\/v2\/pages"}],"about":[{"href":"https:\/\/importmas.com\/en\/wp-json\/wp\/v2\/types\/page"}],"author":[{"embeddable":true,"href":"https:\/\/importmas.com\/en\/wp-json\/wp\/v2\/users\/1"}],"replies":[{"embeddable":true,"href":"https:\/\/importmas.com\/en\/wp-json\/wp\/v2\/comments?post=3912"}],"version-history":[{"count":11,"href":"https:\/\/importmas.com\/en\/wp-json\/wp\/v2\/pages\/3912\/revisions"}],"predecessor-version":[{"id":3930,"href":"https:\/\/importmas.com\/en\/wp-json\/wp\/v2\/pages\/3912\/revisions\/3930"}],"wp:attachment":[{"href":"https:\/\/importmas.com\/en\/wp-json\/wp\/v2\/media?parent=3912"}],"curies":[{"name":"wp","href":"https:\/\/api.w.org\/{rel}","templated":true}]}}